{"id":15087,"date":"2024-07-29T09:51:53","date_gmt":"2024-07-29T09:51:53","guid":{"rendered":"https:\/\/www.nogometnionline.com\/?post_type=product&#038;p=15087"},"modified":"2024-07-29T09:51:58","modified_gmt":"2024-07-29T09:51:58","slug":"otroski-nogometni-dresi-kompleti-za-otroke-ajax-gostujoci-2024-2025","status":"publish","type":"product","link":"https:\/\/www.nogometnizaotroke.com\/da\/product\/otroski-nogometni-dresi-kompleti-za-otroke-ajax-gostujoci-2024-2025\/","title":{"rendered":"Otro\u0161ki Nogometni dresi kompleti za otroke Ajax Gostujo\u010di 2024 2025"},"content":{"rendered":"<p>Gostujo\u010di dres Ajax 24-25 je bledo denim modre barve in novi gostujo\u010di dres AFC Ajax 2024-25 je prete\u017eno &#8220;Crew Blue&#8221; v kombinaciji z &#8220;Pulse Yellow&#8221; za logotipe. &#8220;Crew Blue&#8221; je denim modra barva, medtem ko je &#8220;Pulse Yellow&#8221; zelo svetlo fluo rumena.Ne samo barve, ampak tudi dizajn gostujo\u010dega dresa Ajax 24-25 je edinstven. Predstavlja kreativno plat Ajaxa in Amsterdama in je bil oblikovan s potezami \u010dopi\u010da.Predloga za gostujo\u010di dres AFC Ajax 24-25 temelji na novi predlogi Tiro 24, ki je bila uporabljena tudi za vse reprezentan\u010dne drese 2024.<\/p>\n<p>Tips til sokker: T-shirten indeholder ikke sokker som standard. Hvis du vil have sokker, skal du v\u00e6lge sokkeindstillingerne for at betale for dem.<\/p>\n<p>Udskrivningstip: Hvis navnet og nummeret p\u00e5 billedet er pr\u00e6cis det, du vil have, beh\u00f8ver du ikke at indtaste det igen. Hvis det ikke er tilf\u00e6ldet, skal du indtaste det \u00f8nskede navn og nummer.<\/p>\n<p>Vasketip: Det anbefales at vaske fodboldtr\u00f8jer i h\u00e5nden. Hvis du vil bruge en vaskemaskine, skal du huske at vende tr\u00f8jen om og derefter vaske den. Og fyld maskinen med koldt vand og brug et sk\u00e5nsomt vaskeprogram for at beskytte farverne mere.<\/p>","protected":false},"excerpt":{"rendered":"<p>Gostujo\u010di dres Ajax 24-25 je bledo denim modre barve in novi gostujo\u010di dres AFC Ajax 2024-25 je prete\u017eno &#8220;Crew Blue&#8221; v kombinaciji z &#8220;Pulse Yellow&#8221; za logotipe. &#8220;Crew Blue&#8221; je denim modra barva, medtem ko je &#8220;Pulse Yellow&#8221; zelo svetlo fluo rumena.Ne samo barve, ampak tudi dizajn gostujo\u010dega dresa Ajax 24-25 je edinstven. Predstavlja kreativno [&hellip;]<\/p>","protected":false},"featured_media":15089,"comment_status":"open","ping_status":"closed","template":"","meta":[],"product_brand":[],"product_cat":[73,57],"product_tag":[1008,153,220,1009,159,1007,148,147],"class_list":{"0":"post-15087","1":"product","2":"type-product","3":"status-publish","4":"has-post-thumbnail","6":"product_cat-otroski","7":"product_cat-nogometni-dresi-ajax","8":"product_tag-dresi-ajax-za-otroke","9":"product_tag-nogometni-dresi","10":"product_tag-nogometni-dresi-za-otroke","11":"product_tag-otroski-dresi-ajax-z-lastnim-imenom","12":"product_tag-otroski-nogometni-dresi","13":"product_tag-otroski-nogometni-dresi-ajax","14":"product_tag-poceni-nogometni-dresi","15":"product_tag-slovenski-nogometni-dresi","17":"first","18":"instock","19":"shipping-taxable","20":"purchasable","21":"product-type-variable"},"_links":{"self":[{"href":"https:\/\/www.nogometnizaotroke.com\/da\/wp-json\/wp\/v2\/product\/15087","targetHints":{"allow":["GET"]}}],"collection":[{"href":"https:\/\/www.nogometnizaotroke.com\/da\/wp-json\/wp\/v2\/product"}],"about":[{"href":"https:\/\/www.nogometnizaotroke.com\/da\/wp-json\/wp\/v2\/types\/product"}],"replies":[{"embeddable":true,"href":"https:\/\/www.nogometnizaotroke.com\/da\/wp-json\/wp\/v2\/comments?post=15087"}],"wp:featuredmedia":[{"embeddable":true,"href":"https:\/\/www.nogometnizaotroke.com\/da\/wp-json\/wp\/v2\/media\/15089"}],"wp:attachment":[{"href":"https:\/\/www.nogometnizaotroke.com\/da\/wp-json\/wp\/v2\/media?parent=15087"}],"wp:term":[{"taxonomy":"product_brand","embeddable":true,"href":"https:\/\/www.nogometnizaotroke.com\/da\/wp-json\/wp\/v2\/product_brand?post=15087"},{"taxonomy":"product_cat","embeddable":true,"href":"https:\/\/www.nogometnizaotroke.com\/da\/wp-json\/wp\/v2\/product_cat?post=15087"},{"taxonomy":"product_tag","embeddable":true,"href":"https:\/\/www.nogometnizaotroke.com\/da\/wp-json\/wp\/v2\/product_tag?post=15087"}],"curies":[{"name":"wp","href":"https:\/\/api.w.org\/{rel}","templated":true}]}}