{"id":14796,"date":"2024-07-23T03:18:01","date_gmt":"2024-07-23T03:18:01","guid":{"rendered":"https:\/\/www.nogometnionline.com\/?post_type=product&#038;p=14796"},"modified":"2024-07-23T03:18:05","modified_gmt":"2024-07-23T03:18:05","slug":"moski-nogometni-dresi-srbija-gostujoci-euro-2024-bela-kratek-rokav","status":"publish","type":"product","link":"https:\/\/www.nogometnizaotroke.com\/da\/product\/moski-nogometni-dresi-srbija-gostujoci-euro-2024-bela-kratek-rokav\/","title":{"rendered":"Fodboldtr\u00f8jer til m\u00e6nd Serbien V\u00e6rt for Euro 2024 Hvid Kort\u00e6rmet"},"content":{"rendered":"<p>Fodboldtr\u00f8jer til m\u00e6nd Serbien V\u00e6rt for Euro 2024 Hvid Kort\u00e6rmet<\/p>","protected":false},"excerpt":{"rendered":"<p>Fodboldtr\u00f8jer til m\u00e6nd Serbien V\u00e6rt for Euro 2024 Hvid Kort\u00e6rmet<\/p>","protected":false},"featured_media":14798,"comment_status":"open","ping_status":"closed","template":"","meta":[],"product_brand":[],"product_cat":[793,778,140],"product_tag":[782,150,153,768,148,147,794],"class_list":{"0":"post-14796","1":"product","2":"type-product","3":"status-publish","4":"has-post-thumbnail","6":"product_cat-dresi-srbija-reprezentance","7":"product_cat-euro-2024","8":"product_cat-moski","9":"product_tag-euro-2024-dresi","10":"product_tag-moski-nogometni-dresi","11":"product_tag-nogometni-dresi","12":"product_tag-poceni-moski-nogometni-dresi","13":"product_tag-poceni-nogometni-dresi","14":"product_tag-slovenski-nogometni-dresi","15":"product_tag-srbija-euro-2024-dresi","17":"first","18":"instock","19":"shipping-taxable","20":"purchasable","21":"product-type-variable"},"_links":{"self":[{"href":"https:\/\/www.nogometnizaotroke.com\/da\/wp-json\/wp\/v2\/product\/14796","targetHints":{"allow":["GET"]}}],"collection":[{"href":"https:\/\/www.nogometnizaotroke.com\/da\/wp-json\/wp\/v2\/product"}],"about":[{"href":"https:\/\/www.nogometnizaotroke.com\/da\/wp-json\/wp\/v2\/types\/product"}],"replies":[{"embeddable":true,"href":"https:\/\/www.nogometnizaotroke.com\/da\/wp-json\/wp\/v2\/comments?post=14796"}],"wp:featuredmedia":[{"embeddable":true,"href":"https:\/\/www.nogometnizaotroke.com\/da\/wp-json\/wp\/v2\/media\/14798"}],"wp:attachment":[{"href":"https:\/\/www.nogometnizaotroke.com\/da\/wp-json\/wp\/v2\/media?parent=14796"}],"wp:term":[{"taxonomy":"product_brand","embeddable":true,"href":"https:\/\/www.nogometnizaotroke.com\/da\/wp-json\/wp\/v2\/product_brand?post=14796"},{"taxonomy":"product_cat","embeddable":true,"href":"https:\/\/www.nogometnizaotroke.com\/da\/wp-json\/wp\/v2\/product_cat?post=14796"},{"taxonomy":"product_tag","embeddable":true,"href":"https:\/\/www.nogometnizaotroke.com\/da\/wp-json\/wp\/v2\/product_tag?post=14796"}],"curies":[{"name":"wp","href":"https:\/\/api.w.org\/{rel}","templated":true}]}}