{"id":14790,"date":"2024-07-23T03:05:59","date_gmt":"2024-07-23T03:05:59","guid":{"rendered":"https:\/\/www.nogometnionline.com\/?post_type=product&#038;p=14790"},"modified":"2024-07-23T03:13:33","modified_gmt":"2024-07-23T03:13:33","slug":"moski-nogometni-dresi-portugalska-reprezentance-domaci-euro-2024-rdeca","status":"publish","type":"product","link":"https:\/\/www.nogometnizaotroke.com\/da\/product\/moski-nogometni-dresi-portugalska-reprezentance-domaci-euro-2024-rdeca\/","title":{"rendered":"Fodboldtr\u00f8jer til m\u00e6nd Portugal National Team Home Euro 2024 red"},"content":{"rendered":"<p>Doma\u010di dres Portugalske na EP 2024 ima klasi\u010dno rde\u010do barvo dr\u017eave, vendar v kombinaciji z drugimi barvami kot v zadnjih nekaj letih. Ve\u010dinoma je rde\u010da, v kombinaciji z zelenimi in \u010drnimi aplikacijami ter svetlo be\u017e za Samos, pa tudi imena in \u0161tevilke.Portugalska doma\u010da garnitura za Euro 2024 ima \u010drn zamaknjen ovratnik z zelenimi detajli \u2013 to je enak zamaknjeni ovratnik, kot ga vidimo na dresih Francije za doma\u010do tekmo in nizozemskega Euro 2024 v gosteh. \u010crna\/zelena je uporabljena tudi za man\u0161ete rokavov in stranske stranice.<\/p>\n<p>Tips til sokker: T-shirten indeholder ikke sokker som standard. Hvis du vil have sokker, skal du v\u00e6lge sokkeindstillingerne for at betale for dem.<\/p>\n<p>Udskrivningstip: Hvis navnet og nummeret p\u00e5 billedet er pr\u00e6cis det, du vil have, beh\u00f8ver du ikke at indtaste det igen. Hvis det ikke er tilf\u00e6ldet, skal du indtaste det \u00f8nskede navn og nummer.<\/p>\n<p>Vasketip: Det anbefales at vaske fodboldtr\u00f8jer i h\u00e5nden. Hvis du vil bruge en vaskemaskine, skal du huske at vende tr\u00f8jen om og derefter vaske den. Og fyld maskinen med koldt vand og brug et sk\u00e5nsomt vaskeprogram for at beskytte farverne mere.<\/p>","protected":false},"excerpt":{"rendered":"<p>Doma\u010di dres Portugalske na EP 2024 ima klasi\u010dno rde\u010do barvo dr\u017eave, vendar v kombinaciji z drugimi barvami kot v zadnjih nekaj letih. Ve\u010dinoma je rde\u010da, v kombinaciji z zelenimi in \u010drnimi aplikacijami ter svetlo be\u017e za Samos, pa tudi imena in \u0161tevilke.Portugalska doma\u010da garnitura za Euro 2024 ima \u010drn zamaknjen ovratnik z zelenimi detajli \u2013 [&hellip;]<\/p>","protected":false},"featured_media":14792,"comment_status":"open","ping_status":"closed","template":"","meta":[],"product_brand":[],"product_cat":[778,140,84],"product_tag":[782,150,153,768,148,791,147],"class_list":{"0":"post-14790","1":"product","2":"type-product","3":"status-publish","4":"has-post-thumbnail","6":"product_cat-euro-2024","7":"product_cat-moski","8":"product_cat-dresi-portugalska-reprezentance","9":"product_tag-euro-2024-dresi","10":"product_tag-moski-nogometni-dresi","11":"product_tag-nogometni-dresi","12":"product_tag-poceni-moski-nogometni-dresi","13":"product_tag-poceni-nogometni-dresi","14":"product_tag-portugalska-euro-2024-dresi","15":"product_tag-slovenski-nogometni-dresi","17":"first","18":"instock","19":"shipping-taxable","20":"purchasable","21":"product-type-variable"},"_links":{"self":[{"href":"https:\/\/www.nogometnizaotroke.com\/da\/wp-json\/wp\/v2\/product\/14790","targetHints":{"allow":["GET"]}}],"collection":[{"href":"https:\/\/www.nogometnizaotroke.com\/da\/wp-json\/wp\/v2\/product"}],"about":[{"href":"https:\/\/www.nogometnizaotroke.com\/da\/wp-json\/wp\/v2\/types\/product"}],"replies":[{"embeddable":true,"href":"https:\/\/www.nogometnizaotroke.com\/da\/wp-json\/wp\/v2\/comments?post=14790"}],"wp:featuredmedia":[{"embeddable":true,"href":"https:\/\/www.nogometnizaotroke.com\/da\/wp-json\/wp\/v2\/media\/14792"}],"wp:attachment":[{"href":"https:\/\/www.nogometnizaotroke.com\/da\/wp-json\/wp\/v2\/media?parent=14790"}],"wp:term":[{"taxonomy":"product_brand","embeddable":true,"href":"https:\/\/www.nogometnizaotroke.com\/da\/wp-json\/wp\/v2\/product_brand?post=14790"},{"taxonomy":"product_cat","embeddable":true,"href":"https:\/\/www.nogometnizaotroke.com\/da\/wp-json\/wp\/v2\/product_cat?post=14790"},{"taxonomy":"product_tag","embeddable":true,"href":"https:\/\/www.nogometnizaotroke.com\/da\/wp-json\/wp\/v2\/product_tag?post=14790"}],"curies":[{"name":"wp","href":"https:\/\/api.w.org\/{rel}","templated":true}]}}