{"id":14552,"date":"2024-07-17T14:23:00","date_gmt":"2024-07-17T14:23:00","guid":{"rendered":"https:\/\/www.nogometnionline.com\/?post_type=product&#038;p=14552"},"modified":"2024-07-17T14:23:06","modified_gmt":"2024-07-17T14:23:06","slug":"otroski-nogometni-dresi-za-otroke-anglija-domaci-euro-2024-conor-gallagher-16","status":"publish","type":"product","link":"https:\/\/www.nogometnizaotroke.com\/da\/product\/otroski-nogometni-dresi-za-otroke-anglija-domaci-euro-2024-conor-gallagher-16\/","title":{"rendered":"Fodboldtr\u00f8jer til b\u00f8rn England Hjem EM 2024 Conor Gallagher 16"},"content":{"rendered":"<p>England Home Euro 2024-tr\u00f8jen er en stor forandring i forhold til de tidligere engelske hjemmebanetr\u00f8jer. England 2024-fodboldtr\u00f8jen kombinerer klassisk landhvid med m\u00f8rke marinebl\u00e5 og r\u00f8dbrune\/lyser\u00f8de detaljer med en specialdesignet krave, der er en kombination af den klassiske V-krave og en polokrave. \u00c6rmerne p\u00e5 England 2024-hjemmebanetr\u00f8jen har elegante marinebl\u00e5\/lyser\u00f8de\/kastanjestribede detaljer.<\/p>\n<p>Tips til sokker: T-shirten indeholder ikke sokker som standard. Hvis du vil have sokker, skal du v\u00e6lge sokkeindstillingerne for at betale for dem.<\/p>\n<p>Udskrivningstip: Hvis navnet og nummeret p\u00e5 billedet er pr\u00e6cis det, du vil have, beh\u00f8ver du ikke at indtaste det igen. Hvis det ikke er tilf\u00e6ldet, skal du indtaste det \u00f8nskede navn og nummer.<\/p>\n<p>Vasketip: Det anbefales at vaske fodboldtr\u00f8jer i h\u00e5nden. Hvis du vil bruge en vaskemaskine, skal du huske at vende tr\u00f8jen om og derefter vaske den. Og fyld maskinen med koldt vand og brug et sk\u00e5nsomt vaskeprogram for at beskytte farverne mere.<\/p>","protected":false},"excerpt":{"rendered":"<p>Anglija Doma\u010di Euro 2024 dresi je velika sprememba prej\u0161njih doma\u010dih majic Anglija. Nogometni dres Anglije 2024 zdru\u017euje klasi\u010dno belo dr\u017eavo s temno mornarsko modro barvo in kostanjevimi\/svetlo rde\u010dimi detajli.S posebno izdelanim ovratnikom, ki je kombinacija klasi\u010dnega V ovratnika s Polo ovratnikom. Man\u0161ete rokavov doma\u010dega kompleta za Anglijo 2024 so opremljene z elegantnimi detajli mornarsko-modro-svetlo rde\u010de\/kostanjeve [&hellip;]<\/p>","protected":false},"featured_media":14554,"comment_status":"open","ping_status":"closed","template":"","meta":[],"product_brand":[],"product_cat":[778,73,79],"product_tag":[964,785,974,961,153,220,975,159,960,148,976,147],"class_list":{"0":"post-14552","1":"product","2":"type-product","3":"status-publish","4":"has-post-thumbnail","6":"product_cat-euro-2024","7":"product_cat-otroski","8":"product_cat-dresi-anglija-reprezentance","9":"product_tag-anglija-ep-2024-nogometni-dresi-za-otroske","10":"product_tag-anglija-euro-2024-dresi","11":"product_tag-conor-gallagher-dresi","12":"product_tag-dresi-anglija-za-otroke","13":"product_tag-nogometni-dresi","14":"product_tag-nogometni-dresi-za-otroke","15":"product_tag-otroske-nogometni-dresi-conor-gallagher","16":"product_tag-otroski-nogometni-dresi","17":"product_tag-otroski-nogometni-dresi-anglija","18":"product_tag-poceni-nogometni-dresi","19":"product_tag-poceni-nogometni-dresi-conor-gallagher","20":"product_tag-slovenski-nogometni-dresi","22":"first","23":"instock","24":"shipping-taxable","25":"purchasable","26":"product-type-variable"},"_links":{"self":[{"href":"https:\/\/www.nogometnizaotroke.com\/da\/wp-json\/wp\/v2\/product\/14552","targetHints":{"allow":["GET"]}}],"collection":[{"href":"https:\/\/www.nogometnizaotroke.com\/da\/wp-json\/wp\/v2\/product"}],"about":[{"href":"https:\/\/www.nogometnizaotroke.com\/da\/wp-json\/wp\/v2\/types\/product"}],"replies":[{"embeddable":true,"href":"https:\/\/www.nogometnizaotroke.com\/da\/wp-json\/wp\/v2\/comments?post=14552"}],"wp:featuredmedia":[{"embeddable":true,"href":"https:\/\/www.nogometnizaotroke.com\/da\/wp-json\/wp\/v2\/media\/14554"}],"wp:attachment":[{"href":"https:\/\/www.nogometnizaotroke.com\/da\/wp-json\/wp\/v2\/media?parent=14552"}],"wp:term":[{"taxonomy":"product_brand","embeddable":true,"href":"https:\/\/www.nogometnizaotroke.com\/da\/wp-json\/wp\/v2\/product_brand?post=14552"},{"taxonomy":"product_cat","embeddable":true,"href":"https:\/\/www.nogometnizaotroke.com\/da\/wp-json\/wp\/v2\/product_cat?post=14552"},{"taxonomy":"product_tag","embeddable":true,"href":"https:\/\/www.nogometnizaotroke.com\/da\/wp-json\/wp\/v2\/product_tag?post=14552"}],"curies":[{"name":"wp","href":"https:\/\/api.w.org\/{rel}","templated":true}]}}