{"id":14243,"date":"2024-07-08T03:06:02","date_gmt":"2024-07-08T03:06:02","guid":{"rendered":"https:\/\/www.nogometnionline.com\/?post_type=product&#038;p=14243"},"modified":"2024-07-08T03:06:06","modified_gmt":"2024-07-08T03:06:06","slug":"otroski-nogometni-dresi-reprezentance-kompleti-spanija-vratar-domaci-euro-2024-crna","status":"publish","type":"product","link":"https:\/\/www.nogometnizaotroke.com\/da\/product\/otroski-nogometni-dresi-reprezentance-kompleti-spanija-vratar-domaci-euro-2024-crna\/","title":{"rendered":"B\u00f8rnefodboldtr\u00f8jer Landsholdss\u00e6t Spanien M\u00e5lmand Hjem Euro 2024 Sort"},"content":{"rendered":"<p>B\u00f8rnefodboldtr\u00f8jer Landsholdss\u00e6t Spanien M\u00e5lmand Hjem Euro 2024 Sort<\/p>","protected":false},"excerpt":{"rendered":"<p>B\u00f8rnefodboldtr\u00f8jer Landsholdss\u00e6t Spanien M\u00e5lmand Hjem Euro 2024 Sort<\/p>","protected":false},"featured_media":14245,"comment_status":"open","ping_status":"closed","template":"","meta":[],"product_brand":[],"product_cat":[778,73,85],"product_tag":[930,153,159,148,931,147,784],"class_list":{"0":"post-14243","1":"product","2":"type-product","3":"status-publish","4":"has-post-thumbnail","6":"product_cat-euro-2024","7":"product_cat-otroski","8":"product_cat-dresi-spanija-reprezentance","9":"product_tag-kupiti-otroski-dresi-spanija-euro-2024","10":"product_tag-nogometni-dresi","11":"product_tag-otroski-nogometni-dresi","12":"product_tag-poceni-nogometni-dresi","13":"product_tag-poceni-otroski-dresi-spanija-euro-2024","14":"product_tag-slovenski-nogometni-dresi","15":"product_tag-spanija-euro-2024-dresi","17":"first","18":"instock","19":"shipping-taxable","20":"purchasable","21":"product-type-variable"},"_links":{"self":[{"href":"https:\/\/www.nogometnizaotroke.com\/da\/wp-json\/wp\/v2\/product\/14243","targetHints":{"allow":["GET"]}}],"collection":[{"href":"https:\/\/www.nogometnizaotroke.com\/da\/wp-json\/wp\/v2\/product"}],"about":[{"href":"https:\/\/www.nogometnizaotroke.com\/da\/wp-json\/wp\/v2\/types\/product"}],"replies":[{"embeddable":true,"href":"https:\/\/www.nogometnizaotroke.com\/da\/wp-json\/wp\/v2\/comments?post=14243"}],"wp:featuredmedia":[{"embeddable":true,"href":"https:\/\/www.nogometnizaotroke.com\/da\/wp-json\/wp\/v2\/media\/14245"}],"wp:attachment":[{"href":"https:\/\/www.nogometnizaotroke.com\/da\/wp-json\/wp\/v2\/media?parent=14243"}],"wp:term":[{"taxonomy":"product_brand","embeddable":true,"href":"https:\/\/www.nogometnizaotroke.com\/da\/wp-json\/wp\/v2\/product_brand?post=14243"},{"taxonomy":"product_cat","embeddable":true,"href":"https:\/\/www.nogometnizaotroke.com\/da\/wp-json\/wp\/v2\/product_cat?post=14243"},{"taxonomy":"product_tag","embeddable":true,"href":"https:\/\/www.nogometnizaotroke.com\/da\/wp-json\/wp\/v2\/product_tag?post=14243"}],"curies":[{"name":"wp","href":"https:\/\/api.w.org\/{rel}","templated":true}]}}