{"id":14238,"date":"2024-07-08T03:00:39","date_gmt":"2024-07-08T03:00:39","guid":{"rendered":"https:\/\/www.nogometnionline.com\/?post_type=product&#038;p=14238"},"modified":"2024-07-08T03:00:43","modified_gmt":"2024-07-08T03:00:43","slug":"otroski-nogometni-dresi-reprezentance-kompleti-spanija-vratar-gostujoci-euro-2024","status":"publish","type":"product","link":"https:\/\/www.nogometnizaotroke.com\/da\/product\/otroski-nogometni-dresi-reprezentance-kompleti-spanija-vratar-gostujoci-euro-2024\/","title":{"rendered":"Fodboldtr\u00f8jer til b\u00f8rn Landsholdss\u00e6t Spanien M\u00e5lmand Ude Euro 2024"},"content":{"rendered":"<p>Fodboldtr\u00f8jer til b\u00f8rn Landsholdss\u00e6t Spanien M\u00e5lmand Ude Euro 2024<\/p>","protected":false},"excerpt":{"rendered":"<p>Fodboldtr\u00f8jer til b\u00f8rn Landsholdss\u00e6t Spanien M\u00e5lmand Ude Euro 2024<\/p>","protected":false},"featured_media":14240,"comment_status":"open","ping_status":"closed","template":"","meta":[],"product_brand":[],"product_cat":[778,73,85],"product_tag":[930,153,159,148,931,147,784],"class_list":{"0":"post-14238","1":"product","2":"type-product","3":"status-publish","4":"has-post-thumbnail","6":"product_cat-euro-2024","7":"product_cat-otroski","8":"product_cat-dresi-spanija-reprezentance","9":"product_tag-kupiti-otroski-dresi-spanija-euro-2024","10":"product_tag-nogometni-dresi","11":"product_tag-otroski-nogometni-dresi","12":"product_tag-poceni-nogometni-dresi","13":"product_tag-poceni-otroski-dresi-spanija-euro-2024","14":"product_tag-slovenski-nogometni-dresi","15":"product_tag-spanija-euro-2024-dresi","17":"first","18":"instock","19":"shipping-taxable","20":"purchasable","21":"product-type-variable"},"_links":{"self":[{"href":"https:\/\/www.nogometnizaotroke.com\/da\/wp-json\/wp\/v2\/product\/14238","targetHints":{"allow":["GET"]}}],"collection":[{"href":"https:\/\/www.nogometnizaotroke.com\/da\/wp-json\/wp\/v2\/product"}],"about":[{"href":"https:\/\/www.nogometnizaotroke.com\/da\/wp-json\/wp\/v2\/types\/product"}],"replies":[{"embeddable":true,"href":"https:\/\/www.nogometnizaotroke.com\/da\/wp-json\/wp\/v2\/comments?post=14238"}],"wp:featuredmedia":[{"embeddable":true,"href":"https:\/\/www.nogometnizaotroke.com\/da\/wp-json\/wp\/v2\/media\/14240"}],"wp:attachment":[{"href":"https:\/\/www.nogometnizaotroke.com\/da\/wp-json\/wp\/v2\/media?parent=14238"}],"wp:term":[{"taxonomy":"product_brand","embeddable":true,"href":"https:\/\/www.nogometnizaotroke.com\/da\/wp-json\/wp\/v2\/product_brand?post=14238"},{"taxonomy":"product_cat","embeddable":true,"href":"https:\/\/www.nogometnizaotroke.com\/da\/wp-json\/wp\/v2\/product_cat?post=14238"},{"taxonomy":"product_tag","embeddable":true,"href":"https:\/\/www.nogometnizaotroke.com\/da\/wp-json\/wp\/v2\/product_tag?post=14238"}],"curies":[{"name":"wp","href":"https:\/\/api.w.org\/{rel}","templated":true}]}}