{"id":13939,"date":"2024-06-29T15:04:04","date_gmt":"2024-06-29T15:04:04","guid":{"rendered":"https:\/\/www.nogometnionline.com\/?post_type=product&#038;p=13939"},"modified":"2024-06-29T15:04:07","modified_gmt":"2024-06-29T15:04:07","slug":"moski-nogometni-dresi-manchester-city-domaci-2024-25-modra-kratek-rokav-phil-foden-47","status":"publish","type":"product","link":"https:\/\/www.nogometnizaotroke.com\/da\/product\/moski-nogometni-dresi-manchester-city-domaci-2024-25-modra-kratek-rokav-phil-foden-47\/","title":{"rendered":"Fodboldtr\u00f8jer til m\u00e6nd Manchester City Home 2024-25 Bl\u00e5 Kort\u00e6rmet Phil Foden 47"},"content":{"rendered":"<p><strong>Fodboldtr\u00f8jer til m\u00e6nd Manchester City Home 2024-25 Bl\u00e5 Kort\u00e6rmet Phil Foden 47<\/strong><\/p>\n<p>Tr\u00f8jen er designet i himmelbl\u00e5, ironisk nok baseret p\u00e5 Man Citys hjemmefarver, og har et nyt design inspireret af '0161'-kaldesignalet, der d\u00e6kker Manchester Citys bymidte. Den himmelbl\u00e5 tr\u00f8je er fremh\u00e6vet med marinebl\u00e5 indsatser og en unik camouflagegrafik i graffitistil, der bruger tallene '0161' omkring kraven og manchetterne p\u00e5 \u00e6rmerne. Manchester City-m\u00e6rket og Puma-logoet er broderet p\u00e5 forsiden af tr\u00f8jen, og sponsorens logo er ogs\u00e5 trykt.<\/p>\n<p>Denne hjemmebanetr\u00f8je er perfekt til alle unge Man City-fans og er ideel til at vise din loyalitet over for holdet. Den har korte \u00e6rmer, en ribbet krave og en standard pasform for optimal komfort. I fodboldspilleren Deans ungdom er denne tr\u00f8je lavet af mindst 95 % genbrugspolyester, har ventilationskanaler i mesh og et karakteristisk Duracell-svedh\u00e5ndteringsmiddel, der holder unge spillere k\u00f8lige og t\u00f8rre.<\/p>","protected":false},"excerpt":{"rendered":"<p>Mo\u0161ki Nogometni dresi Manchester City Doma\u010di 2024-25 modra Kratek Rokav Phil Foden 47 Ta majica, oblikovana v nebesno modri barvi po ironi\u010dni doma\u010di barvni shemi Man City, ima nov dizajn, ki ga je navdihnila klicna koda \u20180161\u2019, ki pokriva sredi\u0161\u010de Manchester City. Nebe\u0161ko moder dres je poudarjen z mornarskimi vstavki in edinstveno maskirno grafiko v [&hellip;]<\/p>","protected":false},"featured_media":13942,"comment_status":"open","ping_status":"closed","template":"","meta":[],"product_brand":[],"product_cat":[140,44],"product_tag":[821,883,150,153,898,148,253,147],"class_list":{"0":"post-13939","1":"product","2":"type-product","3":"status-publish","4":"has-post-thumbnail","6":"product_cat-moski","7":"product_cat-nogometni-dresi-manchester-city","8":"product_tag-manchester-city-dres","9":"product_tag-manchester-city-dresi-2024","10":"product_tag-moski-nogometni-dresi","11":"product_tag-nogometni-dresi","12":"product_tag-phil-foden-dresi","13":"product_tag-poceni-nogometni-dresi","14":"product_tag-poceni-nogometni-dresi-manchester-city-z-lastnim-imenom-online","15":"product_tag-slovenski-nogometni-dresi","17":"first","18":"instock","19":"shipping-taxable","20":"purchasable","21":"product-type-variable"},"_links":{"self":[{"href":"https:\/\/www.nogometnizaotroke.com\/da\/wp-json\/wp\/v2\/product\/13939","targetHints":{"allow":["GET"]}}],"collection":[{"href":"https:\/\/www.nogometnizaotroke.com\/da\/wp-json\/wp\/v2\/product"}],"about":[{"href":"https:\/\/www.nogometnizaotroke.com\/da\/wp-json\/wp\/v2\/types\/product"}],"replies":[{"embeddable":true,"href":"https:\/\/www.nogometnizaotroke.com\/da\/wp-json\/wp\/v2\/comments?post=13939"}],"wp:featuredmedia":[{"embeddable":true,"href":"https:\/\/www.nogometnizaotroke.com\/da\/wp-json\/wp\/v2\/media\/13942"}],"wp:attachment":[{"href":"https:\/\/www.nogometnizaotroke.com\/da\/wp-json\/wp\/v2\/media?parent=13939"}],"wp:term":[{"taxonomy":"product_brand","embeddable":true,"href":"https:\/\/www.nogometnizaotroke.com\/da\/wp-json\/wp\/v2\/product_brand?post=13939"},{"taxonomy":"product_cat","embeddable":true,"href":"https:\/\/www.nogometnizaotroke.com\/da\/wp-json\/wp\/v2\/product_cat?post=13939"},{"taxonomy":"product_tag","embeddable":true,"href":"https:\/\/www.nogometnizaotroke.com\/da\/wp-json\/wp\/v2\/product_tag?post=13939"}],"curies":[{"name":"wp","href":"https:\/\/api.w.org\/{rel}","templated":true}]}}