{"id":13888,"date":"2024-06-27T14:39:14","date_gmt":"2024-06-27T14:39:14","guid":{"rendered":"https:\/\/www.nogometnionline.com\/?post_type=product&#038;p=13888"},"modified":"2024-12-10T08:16:37","modified_gmt":"2024-12-10T08:16:37","slug":"otroski-nogometni-dresi-kompleti-za-otroke-portugalska-gostujoci-euro-2024-cristiano-ronaldo-7","status":"publish","type":"product","link":"https:\/\/www.nogometnizaotroke.com\/da\/product\/otroski-nogometni-dresi-kompleti-za-otroke-portugalska-gostujoci-euro-2024-cristiano-ronaldo-7\/","title":{"rendered":"Fodboldtr\u00f8jer til b\u00f8rn Satser til b\u00f8rn Portugal Udebane Euro 2024 Cristiano Ronaldo 7"},"content":{"rendered":"<p>Fodboldtr\u00f8jer til b\u00f8rn Satser til b\u00f8rn Portugal Udebane Euro 2024 Cristiano Ronaldo 7<\/p>","protected":false},"excerpt":{"rendered":"<p>Fodboldtr\u00f8jer til b\u00f8rn Satser til b\u00f8rn Portugal Udebane Euro 2024 Cristiano Ronaldo 7<\/p>","protected":false},"featured_media":13891,"comment_status":"open","ping_status":"closed","template":"","meta":[],"product_brand":[],"product_cat":[778,73,84],"product_tag":[894,782,153,159,148,780,791,147],"class_list":{"0":"post-13888","1":"product","2":"type-product","3":"status-publish","4":"has-post-thumbnail","6":"product_cat-euro-2024","7":"product_cat-otroski","8":"product_cat-dresi-portugalska-reprezentance","9":"product_tag-cristiano-ronaldo-dresi","10":"product_tag-euro-2024-dresi","11":"product_tag-nogometni-dresi","12":"product_tag-otroski-nogometni-dresi","13":"product_tag-poceni-nogometni-dresi","14":"product_tag-poceni-otroski-nogometni-dresi","15":"product_tag-portugalska-euro-2024-dresi","16":"product_tag-slovenski-nogometni-dresi","18":"first","19":"instock","20":"shipping-taxable","21":"purchasable","22":"product-type-variable"},"_links":{"self":[{"href":"https:\/\/www.nogometnizaotroke.com\/da\/wp-json\/wp\/v2\/product\/13888","targetHints":{"allow":["GET"]}}],"collection":[{"href":"https:\/\/www.nogometnizaotroke.com\/da\/wp-json\/wp\/v2\/product"}],"about":[{"href":"https:\/\/www.nogometnizaotroke.com\/da\/wp-json\/wp\/v2\/types\/product"}],"replies":[{"embeddable":true,"href":"https:\/\/www.nogometnizaotroke.com\/da\/wp-json\/wp\/v2\/comments?post=13888"}],"wp:featuredmedia":[{"embeddable":true,"href":"https:\/\/www.nogometnizaotroke.com\/da\/wp-json\/wp\/v2\/media\/13891"}],"wp:attachment":[{"href":"https:\/\/www.nogometnizaotroke.com\/da\/wp-json\/wp\/v2\/media?parent=13888"}],"wp:term":[{"taxonomy":"product_brand","embeddable":true,"href":"https:\/\/www.nogometnizaotroke.com\/da\/wp-json\/wp\/v2\/product_brand?post=13888"},{"taxonomy":"product_cat","embeddable":true,"href":"https:\/\/www.nogometnizaotroke.com\/da\/wp-json\/wp\/v2\/product_cat?post=13888"},{"taxonomy":"product_tag","embeddable":true,"href":"https:\/\/www.nogometnizaotroke.com\/da\/wp-json\/wp\/v2\/product_tag?post=13888"}],"curies":[{"name":"wp","href":"https:\/\/api.w.org\/{rel}","templated":true}]}}