{"id":13263,"date":"2024-06-09T11:11:29","date_gmt":"2024-06-09T11:11:29","guid":{"rendered":"https:\/\/www.nogometnionline.com\/?post_type=product&#038;p=13263"},"modified":"2024-06-09T11:11:33","modified_gmt":"2024-06-09T11:11:33","slug":"moski-nogometni-dresi-paris-saint-germain-psg-domaci-2024-2025-z-lastnim-tiskom","status":"publish","type":"product","link":"https:\/\/www.nogometnizaotroke.com\/da\/product\/moski-nogometni-dresi-paris-saint-germain-psg-domaci-2024-2025-z-lastnim-tiskom\/","title":{"rendered":"Mo\u0161ki Nogometni dresi Paris Saint-Germain PSG Doma\u010di 2024-2025 z lastnim tiskom"},"content":{"rendered":"<p>Mo\u0161ki Nogometni dresi Paris Saint-Germain PSG Doma\u010di 2024-2025 z lastnim tiskom<\/p>","protected":false},"excerpt":{"rendered":"<p>Mo\u0161ki Nogometni dresi Paris Saint-Germain PSG Doma\u010di 2024-2025 z lastnim tiskom<\/p>","protected":false},"featured_media":13252,"comment_status":"open","ping_status":"closed","template":"","meta":[],"product_brand":[],"product_cat":[140,37],"product_tag":[150,359,153,358,155,260,148],"class_list":{"0":"post-13263","1":"product","2":"type-product","3":"status-publish","4":"has-post-thumbnail","6":"product_cat-moski","7":"product_cat-nogometni-dresi-psg","8":"product_tag-moski-nogometni-dresi","9":"product_tag-moski-nogometni-dresi-paris-saint-germain-z-lastnim-imenom","10":"product_tag-nogometni-dresi","11":"product_tag-nogometni-dresi-paris-saint-germain-za-moski-z-lastnim-tiskom","12":"product_tag-paris-saint-germain-psg-dres","13":"product_tag-poceni-moski-nogometni-dresi-psg-z-lastnim-imenom","14":"product_tag-poceni-nogometni-dresi","16":"first","17":"instock","18":"shipping-taxable","19":"purchasable","20":"product-type-variable"},"_links":{"self":[{"href":"https:\/\/www.nogometnizaotroke.com\/da\/wp-json\/wp\/v2\/product\/13263","targetHints":{"allow":["GET"]}}],"collection":[{"href":"https:\/\/www.nogometnizaotroke.com\/da\/wp-json\/wp\/v2\/product"}],"about":[{"href":"https:\/\/www.nogometnizaotroke.com\/da\/wp-json\/wp\/v2\/types\/product"}],"replies":[{"embeddable":true,"href":"https:\/\/www.nogometnizaotroke.com\/da\/wp-json\/wp\/v2\/comments?post=13263"}],"wp:featuredmedia":[{"embeddable":true,"href":"https:\/\/www.nogometnizaotroke.com\/da\/wp-json\/wp\/v2\/media\/13252"}],"wp:attachment":[{"href":"https:\/\/www.nogometnizaotroke.com\/da\/wp-json\/wp\/v2\/media?parent=13263"}],"wp:term":[{"taxonomy":"product_brand","embeddable":true,"href":"https:\/\/www.nogometnizaotroke.com\/da\/wp-json\/wp\/v2\/product_brand?post=13263"},{"taxonomy":"product_cat","embeddable":true,"href":"https:\/\/www.nogometnizaotroke.com\/da\/wp-json\/wp\/v2\/product_cat?post=13263"},{"taxonomy":"product_tag","embeddable":true,"href":"https:\/\/www.nogometnizaotroke.com\/da\/wp-json\/wp\/v2\/product_tag?post=13263"}],"curies":[{"name":"wp","href":"https:\/\/api.w.org\/{rel}","templated":true}]}}