{"id":13132,"date":"2024-06-01T04:17:19","date_gmt":"2024-06-01T04:17:19","guid":{"rendered":"https:\/\/www.nogometnionline.com\/?post_type=product&#038;p=13132"},"modified":"2024-06-01T04:17:24","modified_gmt":"2024-06-01T04:17:24","slug":"otroski-nogometni-dresi-kompleti-za-otroke-italija-gostujoci-em-2024-nicolo-zaniolo-22","status":"publish","type":"product","link":"https:\/\/www.nogometnizaotroke.com\/da\/product\/otroski-nogometni-dresi-kompleti-za-otroke-italija-gostujoci-em-2024-nicolo-zaniolo-22\/","title":{"rendered":"Otro\u0161ki Nogometni dresi kompleti za otroke Italija Gostujo\u010di EM 2024 Nicolo Zaniolo 22"},"content":{"rendered":"<p>Otro\u0161ki Nogometni dresi kompleti za otroke Italija Gostujo\u010di EM 2024 Nicolo Zaniolo 22<\/p>","protected":false},"excerpt":{"rendered":"<p>Otro\u0161ki Nogometni dresi kompleti za otroke Italija Gostujo\u010di EM 2024 Nicolo Zaniolo 22<\/p>","protected":false},"featured_media":13134,"comment_status":"open","ping_status":"closed","template":"","meta":[],"product_brand":[],"product_cat":[778,140,87],"product_tag":[857,832,856,153,159,148,858,147],"class_list":{"0":"post-13132","1":"product","2":"type-product","3":"status-publish","4":"has-post-thumbnail","6":"product_cat-euro-2024","7":"product_cat-moski","8":"product_cat-dresi-italija-reprezentance","9":"product_tag-dresi-italija-reprezentance","10":"product_tag-euro-2024","11":"product_tag-italija-em-2024","12":"product_tag-nogometni-dresi","13":"product_tag-otroski-nogometni-dresi","14":"product_tag-poceni-nogometni-dresi","15":"product_tag-poceni-otroski-italija-em-2024-dresi","16":"product_tag-slovenski-nogometni-dresi","18":"first","19":"instock","20":"shipping-taxable","21":"purchasable","22":"product-type-variable"},"_links":{"self":[{"href":"https:\/\/www.nogometnizaotroke.com\/da\/wp-json\/wp\/v2\/product\/13132","targetHints":{"allow":["GET"]}}],"collection":[{"href":"https:\/\/www.nogometnizaotroke.com\/da\/wp-json\/wp\/v2\/product"}],"about":[{"href":"https:\/\/www.nogometnizaotroke.com\/da\/wp-json\/wp\/v2\/types\/product"}],"replies":[{"embeddable":true,"href":"https:\/\/www.nogometnizaotroke.com\/da\/wp-json\/wp\/v2\/comments?post=13132"}],"wp:featuredmedia":[{"embeddable":true,"href":"https:\/\/www.nogometnizaotroke.com\/da\/wp-json\/wp\/v2\/media\/13134"}],"wp:attachment":[{"href":"https:\/\/www.nogometnizaotroke.com\/da\/wp-json\/wp\/v2\/media?parent=13132"}],"wp:term":[{"taxonomy":"product_brand","embeddable":true,"href":"https:\/\/www.nogometnizaotroke.com\/da\/wp-json\/wp\/v2\/product_brand?post=13132"},{"taxonomy":"product_cat","embeddable":true,"href":"https:\/\/www.nogometnizaotroke.com\/da\/wp-json\/wp\/v2\/product_cat?post=13132"},{"taxonomy":"product_tag","embeddable":true,"href":"https:\/\/www.nogometnizaotroke.com\/da\/wp-json\/wp\/v2\/product_tag?post=13132"}],"curies":[{"name":"wp","href":"https:\/\/api.w.org\/{rel}","templated":true}]}}