{"id":12962,"date":"2024-05-28T02:54:38","date_gmt":"2024-05-28T02:54:38","guid":{"rendered":"https:\/\/www.nogometnionline.com\/?post_type=product&#038;p=12962"},"modified":"2024-05-28T02:54:43","modified_gmt":"2024-05-28T02:54:43","slug":"otroski-nogometni-dresi-kompleti-nemcija-gostujoci-euro-2024-benjamin-henrichs-20","status":"publish","type":"product","link":"https:\/\/www.nogometnizaotroke.com\/da\/product\/otroski-nogometni-dresi-kompleti-nemcija-gostujoci-euro-2024-benjamin-henrichs-20\/","title":{"rendered":"B\u00f8rnefodboldtr\u00f8jer S\u00e6t Tyskland Ude EM 2024 Benjamin Henrichs 20"},"content":{"rendered":"<p>B\u00f8rnefodboldtr\u00f8jer S\u00e6t Tyskland Ude EM 2024 Benjamin Henrichs 20<\/p>","protected":false},"excerpt":{"rendered":"<p>B\u00f8rnefodboldtr\u00f8jer S\u00e6t Tyskland Ude EM 2024 Benjamin Henrichs 20<\/p>","protected":false},"featured_media":12964,"comment_status":"open","ping_status":"closed","template":"","meta":[],"product_brand":[],"product_cat":[778,73,80],"product_tag":[849,779,153,159,148,850,147],"class_list":{"0":"post-12962","1":"product","2":"type-product","3":"status-publish","4":"has-post-thumbnail","6":"product_cat-euro-2024","7":"product_cat-otroski","8":"product_cat-dresi-nemcija-reprezentance","9":"product_tag-kupiti-otroski-dresi-nemcija-euro-2024","10":"product_tag-nemcija-euro-2024-dresi","11":"product_tag-nogometni-dresi","12":"product_tag-otroski-nogometni-dresi","13":"product_tag-poceni-nogometni-dresi","14":"product_tag-poceni-otroski-dresi-nemcija-euro-2024","15":"product_tag-slovenski-nogometni-dresi","17":"first","18":"instock","19":"shipping-taxable","20":"purchasable","21":"product-type-variable"},"_links":{"self":[{"href":"https:\/\/www.nogometnizaotroke.com\/da\/wp-json\/wp\/v2\/product\/12962","targetHints":{"allow":["GET"]}}],"collection":[{"href":"https:\/\/www.nogometnizaotroke.com\/da\/wp-json\/wp\/v2\/product"}],"about":[{"href":"https:\/\/www.nogometnizaotroke.com\/da\/wp-json\/wp\/v2\/types\/product"}],"replies":[{"embeddable":true,"href":"https:\/\/www.nogometnizaotroke.com\/da\/wp-json\/wp\/v2\/comments?post=12962"}],"wp:featuredmedia":[{"embeddable":true,"href":"https:\/\/www.nogometnizaotroke.com\/da\/wp-json\/wp\/v2\/media\/12964"}],"wp:attachment":[{"href":"https:\/\/www.nogometnizaotroke.com\/da\/wp-json\/wp\/v2\/media?parent=12962"}],"wp:term":[{"taxonomy":"product_brand","embeddable":true,"href":"https:\/\/www.nogometnizaotroke.com\/da\/wp-json\/wp\/v2\/product_brand?post=12962"},{"taxonomy":"product_cat","embeddable":true,"href":"https:\/\/www.nogometnizaotroke.com\/da\/wp-json\/wp\/v2\/product_cat?post=12962"},{"taxonomy":"product_tag","embeddable":true,"href":"https:\/\/www.nogometnizaotroke.com\/da\/wp-json\/wp\/v2\/product_tag?post=12962"}],"curies":[{"name":"wp","href":"https:\/\/api.w.org\/{rel}","templated":true}]}}