{"id":12593,"date":"2024-05-10T03:17:41","date_gmt":"2024-05-10T03:17:41","guid":{"rendered":"https:\/\/www.nogometnionline.com\/?post_type=product&#038;p=12593"},"modified":"2024-05-10T03:17:45","modified_gmt":"2024-05-10T03:17:45","slug":"moski-nogometni-dresi-reprezentance-francija-gostujoci-euro-2024-kratek-rokav-camavinga-6","status":"publish","type":"product","link":"https:\/\/www.nogometnizaotroke.com\/da\/product\/moski-nogometni-dresi-reprezentance-francija-gostujoci-euro-2024-kratek-rokav-camavinga-6\/","title":{"rendered":"Mo\u0161ki Nogometni dresi reprezentance Francija Gostujo\u010di Euro 2024 Kratek Rokav Camavinga 6"},"content":{"rendered":"<p>Mo\u0161ki Nogometni dresi reprezentance Francija Gostujo\u010di Euro 2024 Kratek Rokav Camavinga 6<\/p>","protected":false},"excerpt":{"rendered":"<p>Mo\u0161ki Nogometni dresi reprezentance Francija Gostujo\u010di Euro 2024 Kratek Rokav Camavinga 6<\/p>","protected":false},"featured_media":12595,"comment_status":"open","ping_status":"closed","template":"","meta":[],"product_brand":[],"product_cat":[778,140,76],"product_tag":[831,832,150,833,153,148,147],"class_list":{"0":"post-12593","1":"product","2":"type-product","3":"status-publish","4":"has-post-thumbnail","6":"product_cat-euro-2024","7":"product_cat-moski","8":"product_cat-dresi-francija-reprezentance","9":"product_tag-dresi-francija-reprezentance","10":"product_tag-euro-2024","11":"product_tag-moski-nogometni-dresi","12":"product_tag-moski-oznake-francija-euro-2024-dresi","13":"product_tag-nogometni-dresi","14":"product_tag-poceni-nogometni-dresi","15":"product_tag-slovenski-nogometni-dresi","17":"first","18":"instock","19":"shipping-taxable","20":"purchasable","21":"product-type-variable"},"_links":{"self":[{"href":"https:\/\/www.nogometnizaotroke.com\/da\/wp-json\/wp\/v2\/product\/12593","targetHints":{"allow":["GET"]}}],"collection":[{"href":"https:\/\/www.nogometnizaotroke.com\/da\/wp-json\/wp\/v2\/product"}],"about":[{"href":"https:\/\/www.nogometnizaotroke.com\/da\/wp-json\/wp\/v2\/types\/product"}],"replies":[{"embeddable":true,"href":"https:\/\/www.nogometnizaotroke.com\/da\/wp-json\/wp\/v2\/comments?post=12593"}],"wp:featuredmedia":[{"embeddable":true,"href":"https:\/\/www.nogometnizaotroke.com\/da\/wp-json\/wp\/v2\/media\/12595"}],"wp:attachment":[{"href":"https:\/\/www.nogometnizaotroke.com\/da\/wp-json\/wp\/v2\/media?parent=12593"}],"wp:term":[{"taxonomy":"product_brand","embeddable":true,"href":"https:\/\/www.nogometnizaotroke.com\/da\/wp-json\/wp\/v2\/product_brand?post=12593"},{"taxonomy":"product_cat","embeddable":true,"href":"https:\/\/www.nogometnizaotroke.com\/da\/wp-json\/wp\/v2\/product_cat?post=12593"},{"taxonomy":"product_tag","embeddable":true,"href":"https:\/\/www.nogometnizaotroke.com\/da\/wp-json\/wp\/v2\/product_tag?post=12593"}],"curies":[{"name":"wp","href":"https:\/\/api.w.org\/{rel}","templated":true}]}}