{"id":12556,"date":"2024-05-08T08:42:37","date_gmt":"2024-05-08T08:42:37","guid":{"rendered":"https:\/\/www.nogometnionline.com\/?post_type=product&#038;p=12556"},"modified":"2024-05-08T08:42:42","modified_gmt":"2024-05-08T08:42:42","slug":"poceni-moski-nogometni-dresi-anglija-domaci-euro-2024-kratek-rokav-maguire-6","status":"publish","type":"product","link":"https:\/\/www.nogometnizaotroke.com\/da\/product\/poceni-moski-nogometni-dresi-anglija-domaci-euro-2024-kratek-rokav-maguire-6\/","title":{"rendered":"Billige fodboldtr\u00f8jer til m\u00e6nd England Hjem Euro 2024 Kort\u00e6rmet Maguire 6"},"content":{"rendered":"<p>Billige fodboldtr\u00f8jer til m\u00e6nd England Hjem Euro 2024 Kort\u00e6rmet Maguire 6<\/p>","protected":false},"excerpt":{"rendered":"<p>Billige fodboldtr\u00f8jer til m\u00e6nd England Hjem Euro 2024 Kort\u00e6rmet Maguire 6<\/p>","protected":false},"featured_media":12558,"comment_status":"open","ping_status":"closed","template":"","meta":[],"product_brand":[],"product_cat":[778,140,79],"product_tag":[785,150,153,148,147],"class_list":{"0":"post-12556","1":"product","2":"type-product","3":"status-publish","4":"has-post-thumbnail","6":"product_cat-euro-2024","7":"product_cat-moski","8":"product_cat-dresi-anglija-reprezentance","9":"product_tag-anglija-euro-2024-dresi","10":"product_tag-moski-nogometni-dresi","11":"product_tag-nogometni-dresi","12":"product_tag-poceni-nogometni-dresi","13":"product_tag-slovenski-nogometni-dresi","15":"first","16":"instock","17":"shipping-taxable","18":"purchasable","19":"product-type-variable"},"_links":{"self":[{"href":"https:\/\/www.nogometnizaotroke.com\/da\/wp-json\/wp\/v2\/product\/12556","targetHints":{"allow":["GET"]}}],"collection":[{"href":"https:\/\/www.nogometnizaotroke.com\/da\/wp-json\/wp\/v2\/product"}],"about":[{"href":"https:\/\/www.nogometnizaotroke.com\/da\/wp-json\/wp\/v2\/types\/product"}],"replies":[{"embeddable":true,"href":"https:\/\/www.nogometnizaotroke.com\/da\/wp-json\/wp\/v2\/comments?post=12556"}],"wp:featuredmedia":[{"embeddable":true,"href":"https:\/\/www.nogometnizaotroke.com\/da\/wp-json\/wp\/v2\/media\/12558"}],"wp:attachment":[{"href":"https:\/\/www.nogometnizaotroke.com\/da\/wp-json\/wp\/v2\/media?parent=12556"}],"wp:term":[{"taxonomy":"product_brand","embeddable":true,"href":"https:\/\/www.nogometnizaotroke.com\/da\/wp-json\/wp\/v2\/product_brand?post=12556"},{"taxonomy":"product_cat","embeddable":true,"href":"https:\/\/www.nogometnizaotroke.com\/da\/wp-json\/wp\/v2\/product_cat?post=12556"},{"taxonomy":"product_tag","embeddable":true,"href":"https:\/\/www.nogometnizaotroke.com\/da\/wp-json\/wp\/v2\/product_tag?post=12556"}],"curies":[{"name":"wp","href":"https:\/\/api.w.org\/{rel}","templated":true}]}}