{"id":12048,"date":"2024-04-24T01:48:27","date_gmt":"2024-04-24T01:48:27","guid":{"rendered":"https:\/\/www.nogometnionline.com\/?post_type=product&#038;p=12048"},"modified":"2024-04-24T01:48:31","modified_gmt":"2024-04-24T01:48:31","slug":"moski-nogometni-dresi-columbia-gostujoci-copa-america-2024-z-imenom-luis-diaz-7","status":"publish","type":"product","link":"https:\/\/www.nogometnizaotroke.com\/da\/product\/moski-nogometni-dresi-columbia-gostujoci-copa-america-2024-z-imenom-luis-diaz-7\/","title":{"rendered":"Mo\u0161ki Nogometni dresi Columbia Gostujo\u010di Copa America 2024 z imenom Luis D\u00edaz 7"},"content":{"rendered":"<p>Mo\u0161ki Nogometni dresi Columbia Gostujo\u010di Copa America 2024 z imenom Luis D\u00edaz 7<\/p>","protected":false},"excerpt":{"rendered":"<p>Mo\u0161ki Nogometni dresi Columbia Gostujo\u010di Copa America 2024 z imenom Luis D\u00edaz 7<\/p>","protected":false},"featured_media":12051,"comment_status":"open","ping_status":"closed","template":"","meta":[],"product_brand":[],"product_cat":[804,140],"product_tag":[805,150,153,148,147],"class_list":{"0":"post-12048","1":"product","2":"type-product","3":"status-publish","4":"has-post-thumbnail","6":"product_cat-dresi-columbia-reprezentance","7":"product_cat-moski","8":"product_tag-columbia-copa-america-2024-dresi","9":"product_tag-moski-nogometni-dresi","10":"product_tag-nogometni-dresi","11":"product_tag-poceni-nogometni-dresi","12":"product_tag-slovenski-nogometni-dresi","14":"first","15":"instock","16":"shipping-taxable","17":"purchasable","18":"product-type-variable"},"_links":{"self":[{"href":"https:\/\/www.nogometnizaotroke.com\/da\/wp-json\/wp\/v2\/product\/12048","targetHints":{"allow":["GET"]}}],"collection":[{"href":"https:\/\/www.nogometnizaotroke.com\/da\/wp-json\/wp\/v2\/product"}],"about":[{"href":"https:\/\/www.nogometnizaotroke.com\/da\/wp-json\/wp\/v2\/types\/product"}],"replies":[{"embeddable":true,"href":"https:\/\/www.nogometnizaotroke.com\/da\/wp-json\/wp\/v2\/comments?post=12048"}],"wp:featuredmedia":[{"embeddable":true,"href":"https:\/\/www.nogometnizaotroke.com\/da\/wp-json\/wp\/v2\/media\/12051"}],"wp:attachment":[{"href":"https:\/\/www.nogometnizaotroke.com\/da\/wp-json\/wp\/v2\/media?parent=12048"}],"wp:term":[{"taxonomy":"product_brand","embeddable":true,"href":"https:\/\/www.nogometnizaotroke.com\/da\/wp-json\/wp\/v2\/product_brand?post=12048"},{"taxonomy":"product_cat","embeddable":true,"href":"https:\/\/www.nogometnizaotroke.com\/da\/wp-json\/wp\/v2\/product_cat?post=12048"},{"taxonomy":"product_tag","embeddable":true,"href":"https:\/\/www.nogometnizaotroke.com\/da\/wp-json\/wp\/v2\/product_tag?post=12048"}],"curies":[{"name":"wp","href":"https:\/\/api.w.org\/{rel}","templated":true}]}}