{"id":11050,"date":"2024-02-10T10:08:06","date_gmt":"2024-02-10T10:08:06","guid":{"rendered":"https:\/\/www.nogometnionline.com\/?post_type=product&#038;p=11050"},"modified":"2024-02-10T10:08:08","modified_gmt":"2024-02-10T10:08:08","slug":"josef-martinez-17-moski-nogometni-dresi-inter-miami-cf-domaci-dolgi-rokav-kratke-hlace-2023-2024","status":"publish","type":"product","link":"https:\/\/www.nogometnizaotroke.com\/da\/product\/josef-martinez-17-moski-nogometni-dresi-inter-miami-cf-domaci-dolgi-rokav-kratke-hlace-2023-2024\/","title":{"rendered":"Josef Martinez #17 Fodboldtr\u00f8jer til m\u00e6nd Inter Miami CF Hjem Lang\u00e6rmet + Shorts 2023 2024"},"content":{"rendered":"<p>Josef Martinez #17 Fodboldtr\u00f8jer til m\u00e6nd Inter Miami CF Hjem Lang\u00e6rmet + Shorts 2023 2024<\/p>","protected":false},"excerpt":{"rendered":"<p>Josef Martinez #17 Fodboldtr\u00f8jer til m\u00e6nd Inter Miami CF Hjem Lang\u00e6rmet + Shorts 2023 2024<\/p>","protected":false},"featured_media":11052,"comment_status":"open","ping_status":"closed","template":"","meta":[],"product_brand":[],"product_cat":[353,140],"product_tag":[345,346,347,152,150,153,148,348,147],"class_list":{"0":"post-11050","1":"product","2":"type-product","3":"status-publish","4":"has-post-thumbnail","6":"product_cat-nogometni-dresi-inter-miami","7":"product_cat-moski","8":"product_tag-inter-miami-domaci-dres","9":"product_tag-inter-miami-dres","10":"product_tag-inter-miami-dres-23-24","11":"product_tag-moski-nogometni-dres","12":"product_tag-moski-nogometni-dresi","13":"product_tag-nogometni-dresi","14":"product_tag-poceni-nogometni-dresi","15":"product_tag-poceni-nogometni-dresi-inter-miami-z-lastnim-imenom-online","16":"product_tag-slovenski-nogometni-dresi","18":"first","19":"instock","20":"shipping-taxable","21":"purchasable","22":"product-type-variable"},"_links":{"self":[{"href":"https:\/\/www.nogometnizaotroke.com\/da\/wp-json\/wp\/v2\/product\/11050","targetHints":{"allow":["GET"]}}],"collection":[{"href":"https:\/\/www.nogometnizaotroke.com\/da\/wp-json\/wp\/v2\/product"}],"about":[{"href":"https:\/\/www.nogometnizaotroke.com\/da\/wp-json\/wp\/v2\/types\/product"}],"replies":[{"embeddable":true,"href":"https:\/\/www.nogometnizaotroke.com\/da\/wp-json\/wp\/v2\/comments?post=11050"}],"wp:featuredmedia":[{"embeddable":true,"href":"https:\/\/www.nogometnizaotroke.com\/da\/wp-json\/wp\/v2\/media\/11052"}],"wp:attachment":[{"href":"https:\/\/www.nogometnizaotroke.com\/da\/wp-json\/wp\/v2\/media?parent=11050"}],"wp:term":[{"taxonomy":"product_brand","embeddable":true,"href":"https:\/\/www.nogometnizaotroke.com\/da\/wp-json\/wp\/v2\/product_brand?post=11050"},{"taxonomy":"product_cat","embeddable":true,"href":"https:\/\/www.nogometnizaotroke.com\/da\/wp-json\/wp\/v2\/product_cat?post=11050"},{"taxonomy":"product_tag","embeddable":true,"href":"https:\/\/www.nogometnizaotroke.com\/da\/wp-json\/wp\/v2\/product_tag?post=11050"}],"curies":[{"name":"wp","href":"https:\/\/api.w.org\/{rel}","templated":true}]}}