{"id":27073,"date":"2026-01-13T09:28:17","date_gmt":"2026-01-13T09:28:17","guid":{"rendered":"https:\/\/www.nogometnizaotroke.com\/?post_type=product&#038;p=27073"},"modified":"2026-01-13T09:28:18","modified_gmt":"2026-01-13T09:28:18","slug":"otroski-nogometni-dresi-argentina-2025-26-rdec-komplet","status":"publish","type":"product","link":"https:\/\/www.nogometnizaotroke.com\/cs\/product\/otroski-nogometni-dresi-argentina-2025-26-rdec-komplet\/","title":{"rendered":"Otro\u0161ki nogometni dresi Argentina 2025-26 &#8211; Rde\u010d komplet"},"content":{"rendered":"<p>Predstavljamo atraktiven rde\u010d otro\u0161ki nogometni dresi komplet za sezono 2025-26, ki je zasnovan za mlade nogometa\u0161e, ki \u017eelijo biti opazni in samozavestni. Ta barvna razli\u010dica zdru\u017euje strast argentinskega nogometa z vrhunsko \u0161portno funkcionalnostjo, kar va\u0161emu otroku omogo\u010da, da se po\u010duti kot pravi profesionalec.<\/p>\n<p>Personalizacija \u2013 unikaten dres za va\u0161ega otroka: \u017delite, da dres postane \u0161e bolj poseben? Ponujamo storitev personaliziranega tiska. Na dres lahko natisnemo ime va\u0161ega otroka in poljubno \u0161tevilko. Uporabljamo profesionalno tehnologijo tiska, ki zagotavlja dolgo obstojnost tudi po \u0161tevilnih pranjih.<\/p>\n<p>Tipy pro pono\u017eky: tri\u010dko standardn\u011b neobsahuje pono\u017eky. Pokud chcete pono\u017eky, vyberte mo\u017enosti pono\u017eek a zapla\u0165te za n\u011b.<\/p>\n<p>Tip pro tisk: Pokud jsou jm\u00e9no a \u010d\u00edslo na obr\u00e1zku p\u0159esn\u011b takov\u00e9, jak\u00e9 chcete, nemus\u00edte je zad\u00e1vat znovu. Pokud tomu tak nen\u00ed, zadejte po\u017eadovan\u00e9 jm\u00e9no a \u010d\u00edslo.<\/p>\n<p>Tip na pran\u00ed: Fotbalov\u00e9 dresy se doporu\u010duje pr\u00e1t v ruce. Pokud chcete pou\u017e\u00edt pra\u010dku, nezapome\u0148te dres oto\u010dit a pot\u00e9 vyprat. A pra\u010dku napl\u0148te studenou vodou a pou\u017eijte \u0161etrn\u00fd prac\u00ed cyklus, abyste v\u00edce chr\u00e1nili barvy.<\/p>","protected":false},"excerpt":{"rendered":"<p>Predstavljamo atraktiven rde\u010d otro\u0161ki nogometni dresi komplet za sezono 2025-26, ki je zasnovan za mlade nogometa\u0161e, ki \u017eelijo biti opazni in samozavestni. Ta barvna razli\u010dica zdru\u017euje strast argentinskega nogometa z vrhunsko \u0161portno funkcionalnostjo, kar va\u0161emu otroku omogo\u010da, da se po\u010duti kot pravi profesionalec. Personalizacija \u2013 unikaten dres za va\u0161ega otroka: \u017delite, da dres postane \u0161e [&hellip;]<\/p>","protected":false},"featured_media":27075,"comment_status":"open","ping_status":"closed","template":"","meta":[],"product_brand":[],"product_cat":[73,81],"product_tag":[1913,159,1915,1914,148],"class_list":{"0":"post-27073","1":"product","2":"type-product","3":"status-publish","4":"has-post-thumbnail","6":"product_cat-otroski","7":"product_cat-dresi-argentina-reprezentance","8":"product_tag-argentina-dresi-2025-26","9":"product_tag-otroski-nogometni-dresi","10":"product_tag-otroski-nogometni-komplet","11":"product_tag-personaliziran-nogometni-dres","12":"product_tag-poceni-nogometni-dresi","14":"first","15":"instock","16":"shipping-taxable","17":"purchasable","18":"product-type-variable"},"_links":{"self":[{"href":"https:\/\/www.nogometnizaotroke.com\/cs\/wp-json\/wp\/v2\/product\/27073","targetHints":{"allow":["GET"]}}],"collection":[{"href":"https:\/\/www.nogometnizaotroke.com\/cs\/wp-json\/wp\/v2\/product"}],"about":[{"href":"https:\/\/www.nogometnizaotroke.com\/cs\/wp-json\/wp\/v2\/types\/product"}],"replies":[{"embeddable":true,"href":"https:\/\/www.nogometnizaotroke.com\/cs\/wp-json\/wp\/v2\/comments?post=27073"}],"wp:featuredmedia":[{"embeddable":true,"href":"https:\/\/www.nogometnizaotroke.com\/cs\/wp-json\/wp\/v2\/media\/27075"}],"wp:attachment":[{"href":"https:\/\/www.nogometnizaotroke.com\/cs\/wp-json\/wp\/v2\/media?parent=27073"}],"wp:term":[{"taxonomy":"product_brand","embeddable":true,"href":"https:\/\/www.nogometnizaotroke.com\/cs\/wp-json\/wp\/v2\/product_brand?post=27073"},{"taxonomy":"product_cat","embeddable":true,"href":"https:\/\/www.nogometnizaotroke.com\/cs\/wp-json\/wp\/v2\/product_cat?post=27073"},{"taxonomy":"product_tag","embeddable":true,"href":"https:\/\/www.nogometnizaotroke.com\/cs\/wp-json\/wp\/v2\/product_tag?post=27073"}],"curies":[{"name":"wp","href":"https:\/\/api.w.org\/{rel}","templated":true}]}}