{"id":26204,"date":"2025-07-19T09:04:31","date_gmt":"2025-07-19T09:04:31","guid":{"rendered":"https:\/\/www.nogometnizaotroke.com\/?post_type=product&#038;p=26204"},"modified":"2025-07-19T09:19:53","modified_gmt":"2025-07-19T09:19:53","slug":"moski-dresi-real-madrid-domaci-2025-26-trent-alexander-arnold-12","status":"publish","type":"product","link":"https:\/\/www.nogometnizaotroke.com\/cs\/product\/moski-dresi-real-madrid-domaci-2025-26-trent-alexander-arnold-12\/","title":{"rendered":"Mo\u0161ki dresi Real Madrid Doma\u010di 2025-26 Trent Alexander-Arnold 12"},"content":{"rendered":"<h3>Mo\u0161ki dresi Real Madrid Doma\u010di 2025-26<\/h3>\n<p>Kolekcija dresi Real Madrid 25\/26 je poklon enemu najbolj znanih stadionov v zgodovini nogometa, Santiago Bernab\u00e9uu. Doma\u010di dres je standardno bel s klasi\u010dnimi \u010drno-rumenimi poudarki, na prsih pa ga krasi subtilen ponavljajo\u010d se kro\u017eni vzorec. Vzorec spominja na videz Bernab\u00e9ua pred nedavno prenovo \u2013 vzorec na dresu naj bi navija\u010de spomnil na kro\u017eno stopni\u0161\u010de pred stadionom in stebre, ki obdajajo rob stadiona. Navsezadnje ni kraja, kot je dom.<\/p>\n<p>Tipy pro pono\u017eky: tri\u010dko standardn\u011b neobsahuje pono\u017eky. Pokud chcete pono\u017eky, vyberte mo\u017enosti pono\u017eek a zapla\u0165te za n\u011b.<\/p>\n<p>Tip pro tisk: Pokud jsou jm\u00e9no a \u010d\u00edslo na obr\u00e1zku p\u0159esn\u011b takov\u00e9, jak\u00e9 chcete, nemus\u00edte je zad\u00e1vat znovu. Pokud tomu tak nen\u00ed, zadejte po\u017eadovan\u00e9 jm\u00e9no a \u010d\u00edslo.<\/p>\n<p>Tip na pran\u00ed: Fotbalov\u00e9 dresy se doporu\u010duje pr\u00e1t v ruce. Pokud chcete pou\u017e\u00edt pra\u010dku, nezapome\u0148te dres oto\u010dit a pot\u00e9 vyprat. A pra\u010dku napl\u0148te studenou vodou a pou\u017eijte \u0161etrn\u00fd prac\u00ed cyklus, abyste v\u00edce chr\u00e1nili barvy.<\/p>","protected":false},"excerpt":{"rendered":"<p>Mo\u0161ki dresi Real Madrid Doma\u010di 2025-26 Kolekcija dresi Real Madrid 25\/26 je poklon enemu najbolj znanih stadionov v zgodovini nogometa, Santiago Bernab\u00e9uu. Doma\u010di dres je standardno bel s klasi\u010dnimi \u010drno-rumenimi poudarki, na prsih pa ga krasi subtilen ponavljajo\u010d se kro\u017eni vzorec. Vzorec spominja na videz Bernab\u00e9ua pred nedavno prenovo \u2013 vzorec na dresu naj bi [&hellip;]<\/p>","protected":false},"featured_media":26206,"comment_status":"open","ping_status":"closed","template":"","meta":[],"product_brand":[],"product_cat":[140,33],"product_tag":[150,464,148,1113,147],"class_list":{"0":"post-26204","1":"product","2":"type-product","3":"status-publish","4":"has-post-thumbnail","6":"product_cat-moski","7":"product_cat-nogometni-dresi-real-madrid","8":"product_tag-moski-nogometni-dresi","9":"product_tag-nogometni-dresi-real-madrid-prodaja","10":"product_tag-poceni-nogometni-dresi","11":"product_tag-poceni-nogometni-dresi-real-madrid","12":"product_tag-slovenski-nogometni-dresi","14":"first","15":"instock","16":"shipping-taxable","17":"purchasable","18":"product-type-variable"},"_links":{"self":[{"href":"https:\/\/www.nogometnizaotroke.com\/cs\/wp-json\/wp\/v2\/product\/26204","targetHints":{"allow":["GET"]}}],"collection":[{"href":"https:\/\/www.nogometnizaotroke.com\/cs\/wp-json\/wp\/v2\/product"}],"about":[{"href":"https:\/\/www.nogometnizaotroke.com\/cs\/wp-json\/wp\/v2\/types\/product"}],"replies":[{"embeddable":true,"href":"https:\/\/www.nogometnizaotroke.com\/cs\/wp-json\/wp\/v2\/comments?post=26204"}],"wp:featuredmedia":[{"embeddable":true,"href":"https:\/\/www.nogometnizaotroke.com\/cs\/wp-json\/wp\/v2\/media\/26206"}],"wp:attachment":[{"href":"https:\/\/www.nogometnizaotroke.com\/cs\/wp-json\/wp\/v2\/media?parent=26204"}],"wp:term":[{"taxonomy":"product_brand","embeddable":true,"href":"https:\/\/www.nogometnizaotroke.com\/cs\/wp-json\/wp\/v2\/product_brand?post=26204"},{"taxonomy":"product_cat","embeddable":true,"href":"https:\/\/www.nogometnizaotroke.com\/cs\/wp-json\/wp\/v2\/product_cat?post=26204"},{"taxonomy":"product_tag","embeddable":true,"href":"https:\/\/www.nogometnizaotroke.com\/cs\/wp-json\/wp\/v2\/product_tag?post=26204"}],"curies":[{"name":"wp","href":"https:\/\/api.w.org\/{rel}","templated":true}]}}