{"id":26088,"date":"2025-08-03T02:50:17","date_gmt":"2025-08-03T02:50:17","guid":{"rendered":"https:\/\/www.nogometnizaotroke.com\/?post_type=product&#038;p=26088"},"modified":"2025-08-03T02:57:52","modified_gmt":"2025-08-03T02:57:52","slug":"atletico-madrid-dresi-domaci-2025-26-otroski-rodrigo-de-paul-5","status":"publish","type":"product","link":"https:\/\/www.nogometnizaotroke.com\/cs\/product\/atletico-madrid-dresi-domaci-2025-26-otroski-rodrigo-de-paul-5\/","title":{"rendered":"Atletico Madrid Dresi Doma\u010di 2025-26 Otro\u0161ki Rodrigo De Paul 5"},"content":{"rendered":"<h3>Atletico Madrid Dresi Doma\u010di 2025-26<\/h3>\n<p>Tradicionalne rde\u010de-bele \u010drte se vra\u010dajo, tako prepoznavne in nepozabne kot pred stoletjem. Ta Atletico Madrid Dresi je pravi DNK in utrip kluba, ki so ga skozi leta nosile stotine, tiso\u010di in milijoni. In v prihodnjih letih ga bo nosilo \u0161e ve\u010d. Predstavlja zgodovino, ponos in dedi\u0161\u010dino Atl\u00e9tico Madrida. To je doma\u010di dres, ki ga je Nike oblikoval za Atl\u00e9tico Madrid za sezono 25\/26.<\/p>\n<p>Tipy pro pono\u017eky: tri\u010dko standardn\u011b neobsahuje pono\u017eky. Pokud chcete pono\u017eky, vyberte mo\u017enosti pono\u017eek a zapla\u0165te za n\u011b.<\/p>\n<p>Tip pro tisk: Pokud jsou jm\u00e9no a \u010d\u00edslo na obr\u00e1zku p\u0159esn\u011b takov\u00e9, jak\u00e9 chcete, nemus\u00edte je zad\u00e1vat znovu. Pokud tomu tak nen\u00ed, zadejte po\u017eadovan\u00e9 jm\u00e9no a \u010d\u00edslo.<\/p>\n<p>Tip na pran\u00ed: Fotbalov\u00e9 dresy se doporu\u010duje pr\u00e1t v ruce. Pokud chcete pou\u017e\u00edt pra\u010dku, nezapome\u0148te dres oto\u010dit a pot\u00e9 vyprat. A pra\u010dku napl\u0148te studenou vodou a pou\u017eijte \u0161etrn\u00fd prac\u00ed cyklus, abyste v\u00edce chr\u00e1nili barvy.<\/p>","protected":false},"excerpt":{"rendered":"<p>Atletico Madrid Dresi Doma\u010di 2025-26 Tradicionalne rde\u010de-bele \u010drte se vra\u010dajo, tako prepoznavne in nepozabne kot pred stoletjem. Ta Atletico Madrid Dresi je pravi DNK in utrip kluba, ki so ga skozi leta nosile stotine, tiso\u010di in milijoni. In v prihodnjih letih ga bo nosilo \u0161e ve\u010d. Predstavlja zgodovino, ponos in dedi\u0161\u010dino Atl\u00e9tico Madrida. To je [&hellip;]<\/p>","protected":false},"featured_media":26090,"comment_status":"open","ping_status":"closed","template":"","meta":[],"product_brand":[],"product_cat":[73,41],"product_tag":[999,153,220,159,148,1386],"class_list":{"0":"post-26088","1":"product","2":"type-product","3":"status-publish","4":"has-post-thumbnail","6":"product_cat-otroski","7":"product_cat-nogometni-dresi-atletico-madrid","8":"product_tag-dresi-atletico-madrid-za-otroke","9":"product_tag-nogometni-dresi","10":"product_tag-nogometni-dresi-za-otroke","11":"product_tag-otroski-nogometni-dresi","12":"product_tag-poceni-nogometni-dresi","13":"product_tag-rodrigo-de-paul-dresi","15":"first","16":"instock","17":"shipping-taxable","18":"purchasable","19":"product-type-variable"},"_links":{"self":[{"href":"https:\/\/www.nogometnizaotroke.com\/cs\/wp-json\/wp\/v2\/product\/26088","targetHints":{"allow":["GET"]}}],"collection":[{"href":"https:\/\/www.nogometnizaotroke.com\/cs\/wp-json\/wp\/v2\/product"}],"about":[{"href":"https:\/\/www.nogometnizaotroke.com\/cs\/wp-json\/wp\/v2\/types\/product"}],"replies":[{"embeddable":true,"href":"https:\/\/www.nogometnizaotroke.com\/cs\/wp-json\/wp\/v2\/comments?post=26088"}],"wp:featuredmedia":[{"embeddable":true,"href":"https:\/\/www.nogometnizaotroke.com\/cs\/wp-json\/wp\/v2\/media\/26090"}],"wp:attachment":[{"href":"https:\/\/www.nogometnizaotroke.com\/cs\/wp-json\/wp\/v2\/media?parent=26088"}],"wp:term":[{"taxonomy":"product_brand","embeddable":true,"href":"https:\/\/www.nogometnizaotroke.com\/cs\/wp-json\/wp\/v2\/product_brand?post=26088"},{"taxonomy":"product_cat","embeddable":true,"href":"https:\/\/www.nogometnizaotroke.com\/cs\/wp-json\/wp\/v2\/product_cat?post=26088"},{"taxonomy":"product_tag","embeddable":true,"href":"https:\/\/www.nogometnizaotroke.com\/cs\/wp-json\/wp\/v2\/product_tag?post=26088"}],"curies":[{"name":"wp","href":"https:\/\/api.w.org\/{rel}","templated":true}]}}