{"id":25665,"date":"2025-07-01T07:43:41","date_gmt":"2025-07-01T07:43:41","guid":{"rendered":"https:\/\/www.nogometnizaotroke.com\/?post_type=product&#038;p=25665"},"modified":"2025-07-03T04:00:31","modified_gmt":"2025-07-03T04:00:31","slug":"portugalska-domaci-dresi-2025-26-otroske-kompleti-cristiano-ronaldo-7","status":"publish","type":"product","link":"https:\/\/www.nogometnizaotroke.com\/cs\/product\/portugalska-domaci-dresi-2025-26-otroske-kompleti-cristiano-ronaldo-7\/","title":{"rendered":"Portugalska Doma\u010di dresi 2025-26 Otro\u0161ke kompleti Cristiano Ronaldo 7"},"content":{"rendered":"<h3>Nakup Otro\u0161ke Nogometnih dresov kompleti Portugalska Doma\u010di 2025-26 Cristiano Ronaldo 7<\/h3>\n<p>Dres, ki ga krasijo ikoni\u010dne portugalske barve in ponavljajo\u010di se grb Quinasa iz dr\u017eavnega grba, je poklon slavni preteklosti, hkrati pa postavlja temelje za naslednjo generacijo \u0161e bolj ble\u0161\u010de\u010dih igralcev. Portugalska dresi, zasnovana za navija\u010de, zdru\u017euje enak videz tekmovalnega dresa z spro\u0161\u010deno silhueto, detajli in materiali, kar je idealno za no\u0161enje na tekmi ali vsak dan.<\/p>\n<p>Tipy pro pono\u017eky: tri\u010dko standardn\u011b neobsahuje pono\u017eky. Pokud chcete pono\u017eky, vyberte mo\u017enosti pono\u017eek a zapla\u0165te za n\u011b.<\/p>\n<p>Tip pro tisk: Pokud jsou jm\u00e9no a \u010d\u00edslo na obr\u00e1zku p\u0159esn\u011b takov\u00e9, jak\u00e9 chcete, nemus\u00edte je zad\u00e1vat znovu. Pokud tomu tak nen\u00ed, zadejte po\u017eadovan\u00e9 jm\u00e9no a \u010d\u00edslo.<\/p>\n<p>Tip na pran\u00ed: Fotbalov\u00e9 dresy se doporu\u010duje pr\u00e1t v ruce. Pokud chcete pou\u017e\u00edt pra\u010dku, nezapome\u0148te dres oto\u010dit a pot\u00e9 vyprat. A pra\u010dku napl\u0148te studenou vodou a pou\u017eijte \u0161etrn\u00fd prac\u00ed cyklus, abyste v\u00edce chr\u00e1nili barvy.<\/p>","protected":false},"excerpt":{"rendered":"<p>Nakup Otro\u0161ke Nogometnih dresov kompleti Portugalska Doma\u010di 2025-26 Cristiano Ronaldo 7 Dres, ki ga krasijo ikoni\u010dne portugalske barve in ponavljajo\u010di se grb Quinasa iz dr\u017eavnega grba, je poklon slavni preteklosti, hkrati pa postavlja temelje za naslednjo generacijo \u0161e bolj ble\u0161\u010de\u010dih igralcev. Portugalska dresi, zasnovana za navija\u010de, zdru\u017euje enak videz tekmovalnega dresa z spro\u0161\u010deno silhueto, detajli [&hellip;]<\/p>","protected":false},"featured_media":25667,"comment_status":"open","ping_status":"closed","template":"","meta":[],"product_brand":[],"product_cat":[73,84],"product_tag":[894,153,220,159,148,147],"class_list":{"0":"post-25665","1":"product","2":"type-product","3":"status-publish","4":"has-post-thumbnail","6":"product_cat-otroski","7":"product_cat-dresi-portugalska-reprezentance","8":"product_tag-cristiano-ronaldo-dresi","9":"product_tag-nogometni-dresi","10":"product_tag-nogometni-dresi-za-otroke","11":"product_tag-otroski-nogometni-dresi","12":"product_tag-poceni-nogometni-dresi","13":"product_tag-slovenski-nogometni-dresi","15":"first","16":"instock","17":"shipping-taxable","18":"purchasable","19":"product-type-variable"},"_links":{"self":[{"href":"https:\/\/www.nogometnizaotroke.com\/cs\/wp-json\/wp\/v2\/product\/25665","targetHints":{"allow":["GET"]}}],"collection":[{"href":"https:\/\/www.nogometnizaotroke.com\/cs\/wp-json\/wp\/v2\/product"}],"about":[{"href":"https:\/\/www.nogometnizaotroke.com\/cs\/wp-json\/wp\/v2\/types\/product"}],"replies":[{"embeddable":true,"href":"https:\/\/www.nogometnizaotroke.com\/cs\/wp-json\/wp\/v2\/comments?post=25665"}],"wp:featuredmedia":[{"embeddable":true,"href":"https:\/\/www.nogometnizaotroke.com\/cs\/wp-json\/wp\/v2\/media\/25667"}],"wp:attachment":[{"href":"https:\/\/www.nogometnizaotroke.com\/cs\/wp-json\/wp\/v2\/media?parent=25665"}],"wp:term":[{"taxonomy":"product_brand","embeddable":true,"href":"https:\/\/www.nogometnizaotroke.com\/cs\/wp-json\/wp\/v2\/product_brand?post=25665"},{"taxonomy":"product_cat","embeddable":true,"href":"https:\/\/www.nogometnizaotroke.com\/cs\/wp-json\/wp\/v2\/product_cat?post=25665"},{"taxonomy":"product_tag","embeddable":true,"href":"https:\/\/www.nogometnizaotroke.com\/cs\/wp-json\/wp\/v2\/product_tag?post=25665"}],"curies":[{"name":"wp","href":"https:\/\/api.w.org\/{rel}","templated":true}]}}