{"id":25578,"date":"2025-07-18T03:54:41","date_gmt":"2025-07-18T03:54:41","guid":{"rendered":"https:\/\/www.nogometnizaotroke.com\/?post_type=product&#038;p=25578"},"modified":"2025-07-18T04:13:07","modified_gmt":"2025-07-18T04:13:07","slug":"juventus-gostujoci-2025-26-moski-nogometni-dresi-modra","status":"publish","type":"product","link":"https:\/\/www.nogometnizaotroke.com\/cs\/product\/juventus-gostujoci-2025-26-moski-nogometni-dresi-modra\/","title":{"rendered":"Juventus dresi Gostujo\u010di 2025-26 Mo\u0161ki Nogometni dresi modra"},"content":{"rendered":"<h3>Juventus dresi Gostujo\u010di 2025-26<\/h3>\n<p>Pred vami je najbolj divji Juventus dresi sezone 25\/26. Juventusov najnovej\u0161i gostujo\u010di dres je zasnovan tako, da prina\u0161a poletno vzdu\u0161je, z uporabo svetlih pastelnih barv v kombinaciji z valovitim vzorcem vode, ki poudarja italijansko obalo in ustvarja ob\u010dutek, kot da ste obdani s peskom in morskim vetri\u010dem.<\/p>\n<p>Ponavljajo\u010di se geometrijski vzorec, ki ga vidite tukaj, spominja na sen\u010dnike, razporejene vzdol\u017e obale, gledano od zgoraj, pripravljene za igro na soncu. To je popoln dizajn za Juventus dresi gostujo\u010di \u2013 navsezadnje po\u010ditnice niso, dokler niste stran od doma.<\/p>\n<p>Tipy pro pono\u017eky: tri\u010dko standardn\u011b neobsahuje pono\u017eky. Pokud chcete pono\u017eky, vyberte mo\u017enosti pono\u017eek a zapla\u0165te za n\u011b.<\/p>\n<p>Tip pro tisk: Pokud jsou jm\u00e9no a \u010d\u00edslo na obr\u00e1zku p\u0159esn\u011b takov\u00e9, jak\u00e9 chcete, nemus\u00edte je zad\u00e1vat znovu. Pokud tomu tak nen\u00ed, zadejte po\u017eadovan\u00e9 jm\u00e9no a \u010d\u00edslo.<\/p>\n<p>Tip na pran\u00ed: Fotbalov\u00e9 dresy se doporu\u010duje pr\u00e1t v ruce. Pokud chcete pou\u017e\u00edt pra\u010dku, nezapome\u0148te dres oto\u010dit a pot\u00e9 vyprat. A pra\u010dku napl\u0148te studenou vodou a pou\u017eijte \u0161etrn\u00fd prac\u00ed cyklus, abyste v\u00edce chr\u00e1nili barvy.<\/p>","protected":false},"excerpt":{"rendered":"<p>Juventus dresi Gostujo\u010di 2025-26 Pred vami je najbolj divji Juventus dresi sezone 25\/26. Juventusov najnovej\u0161i gostujo\u010di dres je zasnovan tako, da prina\u0161a poletno vzdu\u0161je, z uporabo svetlih pastelnih barv v kombinaciji z valovitim vzorcem vode, ki poudarja italijansko obalo in ustvarja ob\u010dutek, kot da ste obdani s peskom in morskim vetri\u010dem. Ponavljajo\u010di se geometrijski vzorec, [&hellip;]<\/p>","protected":false},"featured_media":25580,"comment_status":"open","ping_status":"closed","template":"","meta":[],"product_brand":[],"product_cat":[140,36],"product_tag":[150,153,1095,148,1094,147],"class_list":{"0":"post-25578","1":"product","2":"type-product","3":"status-publish","4":"has-post-thumbnail","6":"product_cat-moski","7":"product_cat-nogometni-dresi-juventus","8":"product_tag-moski-nogometni-dresi","9":"product_tag-nogometni-dresi","10":"product_tag-nogometni-dresi-juventus-z-lastnim-imenom","11":"product_tag-poceni-nogometni-dresi","12":"product_tag-poceni-nogometni-dresi-juventus","13":"product_tag-slovenski-nogometni-dresi","15":"first","16":"instock","17":"shipping-taxable","18":"purchasable","19":"product-type-variable"},"_links":{"self":[{"href":"https:\/\/www.nogometnizaotroke.com\/cs\/wp-json\/wp\/v2\/product\/25578","targetHints":{"allow":["GET"]}}],"collection":[{"href":"https:\/\/www.nogometnizaotroke.com\/cs\/wp-json\/wp\/v2\/product"}],"about":[{"href":"https:\/\/www.nogometnizaotroke.com\/cs\/wp-json\/wp\/v2\/types\/product"}],"replies":[{"embeddable":true,"href":"https:\/\/www.nogometnizaotroke.com\/cs\/wp-json\/wp\/v2\/comments?post=25578"}],"wp:featuredmedia":[{"embeddable":true,"href":"https:\/\/www.nogometnizaotroke.com\/cs\/wp-json\/wp\/v2\/media\/25580"}],"wp:attachment":[{"href":"https:\/\/www.nogometnizaotroke.com\/cs\/wp-json\/wp\/v2\/media?parent=25578"}],"wp:term":[{"taxonomy":"product_brand","embeddable":true,"href":"https:\/\/www.nogometnizaotroke.com\/cs\/wp-json\/wp\/v2\/product_brand?post=25578"},{"taxonomy":"product_cat","embeddable":true,"href":"https:\/\/www.nogometnizaotroke.com\/cs\/wp-json\/wp\/v2\/product_cat?post=25578"},{"taxonomy":"product_tag","embeddable":true,"href":"https:\/\/www.nogometnizaotroke.com\/cs\/wp-json\/wp\/v2\/product_tag?post=25578"}],"curies":[{"name":"wp","href":"https:\/\/api.w.org\/{rel}","templated":true}]}}