{"id":25447,"date":"2025-06-28T05:38:02","date_gmt":"2025-06-28T05:38:02","guid":{"rendered":"https:\/\/www.nogometnizaotroke.com\/?post_type=product&#038;p=25447"},"modified":"2025-07-30T10:09:17","modified_gmt":"2025-07-30T10:09:17","slug":"moske-nogometnih-dresov-manchester-united-domaci-2025-26-rdeca","status":"publish","type":"product","link":"https:\/\/www.nogometnizaotroke.com\/cs\/product\/moske-nogometnih-dresov-manchester-united-domaci-2025-26-rdeca\/","title":{"rendered":"Mo\u0161ke Nogometnih dresov Manchester United Doma\u010di 2025-26 rde\u010da"},"content":{"rendered":"<h3>Nakup Mo\u0161ke Nogometnih dresov Manchester United Doma\u010di 2025-26<\/h3>\n<p>Dizajn najnovej\u0161ega doma\u010dega dresa Manchester Uniteda za sezono 25\/26 ostaja dokaj standarden, vendar je na rokavih nekaj subtilnih detajlov, ki so navdihnjeni z grafiko Old Trafforda. To v kombinaciji z logotipom &#8220;Threatre of Dreams&#8221; na zadnjem ovratniku naredi ta novi doma\u010di dres Manchester Uniteda popoln poklon samemu Old Traffordu. Poleg tega, kdo ne mara \u010drnih robov na dresu Manchester Uniteda?<\/p>\n<p>Tipy pro pono\u017eky: tri\u010dko standardn\u011b neobsahuje pono\u017eky. Pokud chcete pono\u017eky, vyberte mo\u017enosti pono\u017eek a zapla\u0165te za n\u011b.<\/p>\n<p>Tip pro tisk: Pokud jsou jm\u00e9no a \u010d\u00edslo na obr\u00e1zku p\u0159esn\u011b takov\u00e9, jak\u00e9 chcete, nemus\u00edte je zad\u00e1vat znovu. Pokud tomu tak nen\u00ed, zadejte po\u017eadovan\u00e9 jm\u00e9no a \u010d\u00edslo.<\/p>\n<p>Tip na pran\u00ed: Fotbalov\u00e9 dresy se doporu\u010duje pr\u00e1t v ruce. Pokud chcete pou\u017e\u00edt pra\u010dku, nezapome\u0148te dres oto\u010dit a pot\u00e9 vyprat. A pra\u010dku napl\u0148te studenou vodou a pou\u017eijte \u0161etrn\u00fd prac\u00ed cyklus, abyste v\u00edce chr\u00e1nili barvy.<\/p>","protected":false},"excerpt":{"rendered":"<p>Nakup Mo\u0161ke Nogometnih dresov Manchester United Doma\u010di 2025-26 Dizajn najnovej\u0161ega doma\u010dega dresa Manchester Uniteda za sezono 25\/26 ostaja dokaj standarden, vendar je na rokavih nekaj subtilnih detajlov, ki so navdihnjeni z grafiko Old Trafforda. To v kombinaciji z logotipom &#8220;Threatre of Dreams&#8221; na zadnjem ovratniku naredi ta novi doma\u010di dres Manchester Uniteda popoln poklon samemu [&hellip;]<\/p>","protected":false},"featured_media":25449,"comment_status":"open","ping_status":"closed","template":"","meta":[],"product_brand":[],"product_cat":[140,35],"product_tag":[837,150,148,147],"class_list":{"0":"post-25447","1":"product","2":"type-product","3":"status-publish","4":"has-post-thumbnail","6":"product_cat-moski","7":"product_cat-nogometni-dresi-manchester-united","8":"product_tag-dresi-za-nogomet","9":"product_tag-moski-nogometni-dresi","10":"product_tag-poceni-nogometni-dresi","11":"product_tag-slovenski-nogometni-dresi","13":"first","14":"instock","15":"shipping-taxable","16":"purchasable","17":"product-type-variable"},"_links":{"self":[{"href":"https:\/\/www.nogometnizaotroke.com\/cs\/wp-json\/wp\/v2\/product\/25447","targetHints":{"allow":["GET"]}}],"collection":[{"href":"https:\/\/www.nogometnizaotroke.com\/cs\/wp-json\/wp\/v2\/product"}],"about":[{"href":"https:\/\/www.nogometnizaotroke.com\/cs\/wp-json\/wp\/v2\/types\/product"}],"replies":[{"embeddable":true,"href":"https:\/\/www.nogometnizaotroke.com\/cs\/wp-json\/wp\/v2\/comments?post=25447"}],"wp:featuredmedia":[{"embeddable":true,"href":"https:\/\/www.nogometnizaotroke.com\/cs\/wp-json\/wp\/v2\/media\/25449"}],"wp:attachment":[{"href":"https:\/\/www.nogometnizaotroke.com\/cs\/wp-json\/wp\/v2\/media?parent=25447"}],"wp:term":[{"taxonomy":"product_brand","embeddable":true,"href":"https:\/\/www.nogometnizaotroke.com\/cs\/wp-json\/wp\/v2\/product_brand?post=25447"},{"taxonomy":"product_cat","embeddable":true,"href":"https:\/\/www.nogometnizaotroke.com\/cs\/wp-json\/wp\/v2\/product_cat?post=25447"},{"taxonomy":"product_tag","embeddable":true,"href":"https:\/\/www.nogometnizaotroke.com\/cs\/wp-json\/wp\/v2\/product_tag?post=25447"}],"curies":[{"name":"wp","href":"https:\/\/api.w.org\/{rel}","templated":true}]}}