{"id":24037,"date":"2025-03-26T14:00:42","date_gmt":"2025-03-26T14:00:42","guid":{"rendered":"https:\/\/www.nogometnizaotroke.com\/?post_type=product&#038;p=24037"},"modified":"2025-04-27T13:44:38","modified_gmt":"2025-04-27T13:44:38","slug":"otroski-dres-messi-komplet-inter-miami-gostujoci-2025-26","status":"publish","type":"product","link":"https:\/\/www.nogometnizaotroke.com\/cs\/product\/otroski-dres-messi-komplet-inter-miami-gostujoci-2025-26\/","title":{"rendered":"Otro\u0161ke Nogometnih dresov Komplet Inter Miami Gostujo\u010di 2025-26 Lionel Messi 10"},"content":{"rendered":"<p>Predstavljamo otro\u0161ki dres messi Inter Miami International Football Club, znanega tudi kot \u201cResilience Jersey\u201d. Dres ima osupljivo poltonsko zasnovo v \u010drni in temno sivi barvi, ki simbolizira vzdr\u017eljivost in mo\u010d, s svetlo ro\u017enatimi poudarki, ki nagovarjajo ikoni\u010dne barve kluba. Dres ima uradni grb Inter Miami FC na prsih, medtem ko kratke hla\u010de in nogavice dopolnjujejo celoten dizajn, kar mladim navija\u010dem omogo\u010da, da lahko popolnoma posnemajo svoje najljub\u0161e igralce na igri\u0161\u010du.<\/p>\n<p>Je vybaven technologi\u00ed AEROREADY, kter\u00e1 je navr\u017eena tak, aby odv\u00e1d\u011bla vlhkost od t\u011bla a udr\u017eovala mlad\u00e9 sportovce b\u011bhem hry v chladu a pohodl\u00ed. Lehk\u00e1, prody\u0161n\u00e1 tkanina zaji\u0161\u0165uje snadn\u00fd pohyb a je vhodn\u00e1 pro fyzickou aktivitu i voln\u00fd \u010das. Souprava je p\u0159edev\u0161\u00edm vyrobena ze 100 recyklovateln\u00fdch materi\u00e1l\u016f %, co\u017e odr\u00e1\u017e\u00ed z\u00e1vazek k udr\u017eitelnosti a odpov\u011bdnosti v\u016f\u010di \u017eivotn\u00edmu prost\u0159ed\u00ed.<\/p>\n<h3>Lastnosti izdelka<\/h3>\n<ul>\n<li>Crewneck dizajn<\/li>\n<li>AEROREADY tech odvaja vlago<\/li>\n<li>Stranski mre\u017easti vlo\u017eki za zra\u010dnost<\/li>\n<li>Na\u0161it grb Inter Miami CF<\/li>\n<li>100% poliester<\/li>\n<li>Strojno pranje<\/li>\n<\/ul>\n<p>Tipy pro pono\u017eky: tri\u010dko standardn\u011b neobsahuje pono\u017eky. Pokud chcete pono\u017eky, vyberte mo\u017enosti pono\u017eek a zapla\u0165te za n\u011b.<\/p>\n<p>Tip pro tisk: Pokud jsou jm\u00e9no a \u010d\u00edslo na obr\u00e1zku p\u0159esn\u011b takov\u00e9, jak\u00e9 chcete, nemus\u00edte je zad\u00e1vat znovu. Pokud tomu tak nen\u00ed, zadejte po\u017eadovan\u00e9 jm\u00e9no a \u010d\u00edslo.<\/p>\n<p>Tip na pran\u00ed: Fotbalov\u00e9 dresy se doporu\u010duje pr\u00e1t v ruce. Pokud chcete pou\u017e\u00edt pra\u010dku, nezapome\u0148te dres oto\u010dit a pot\u00e9 vyprat. A pra\u010dku napl\u0148te studenou vodou a pou\u017eijte \u0161etrn\u00fd prac\u00ed cyklus, abyste v\u00edce chr\u00e1nili barvy.<br \/>\n<img fetchpriority=\"high\" decoding=\"async\" class=\"size-full wp-image-24039\" src=\"https:\/\/www.nogometnizaotroke.com\/wp-content\/uploads\/2025\/03\/otroski-dres-messi-Inter-Miami.jpg\" alt=\"otro\u0161ki dres messi Inter Miami\" width=\"2048\" height=\"1152\" srcset=\"https:\/\/www.nogometnizaotroke.com\/wp-content\/uploads\/2025\/03\/otroski-dres-messi-Inter-Miami.jpg 2048w, https:\/\/www.nogometnizaotroke.com\/wp-content\/uploads\/2025\/03\/otroski-dres-messi-Inter-Miami-300x169.jpg 300w, https:\/\/www.nogometnizaotroke.com\/wp-content\/uploads\/2025\/03\/otroski-dres-messi-Inter-Miami-1024x576.jpg 1024w, https:\/\/www.nogometnizaotroke.com\/wp-content\/uploads\/2025\/03\/otroski-dres-messi-Inter-Miami-768x432.jpg 768w, https:\/\/www.nogometnizaotroke.com\/wp-content\/uploads\/2025\/03\/otroski-dres-messi-Inter-Miami-1536x864.jpg 1536w, https:\/\/www.nogometnizaotroke.com\/wp-content\/uploads\/2025\/03\/otroski-dres-messi-Inter-Miami-18x10.jpg 18w, https:\/\/www.nogometnizaotroke.com\/wp-content\/uploads\/2025\/03\/otroski-dres-messi-Inter-Miami-600x338.jpg 600w\" sizes=\"(max-width: 2048px) 100vw, 2048px\" \/><\/p>","protected":false},"excerpt":{"rendered":"<p>Predstavljamo otro\u0161ki dres messi Inter Miami International Football Club, znanega tudi kot \u201cResilience Jersey\u201d. Dres ima osupljivo poltonsko zasnovo v \u010drni in temno sivi barvi, ki simbolizira vzdr\u017eljivost in mo\u010d, s svetlo ro\u017enatimi poudarki, ki nagovarjajo ikoni\u010dne barve kluba. Dres ima uradni grb Inter Miami FC na prsih, medtem ko kratke hla\u010de in nogavice dopolnjujejo [&hellip;]<\/p>","protected":false},"featured_media":24038,"comment_status":"open","ping_status":"closed","template":"","meta":[],"product_brand":[],"product_cat":[73,353],"product_tag":[1383,346,1623,153,1764,1382,148,1084,147],"class_list":{"0":"post-24037","1":"product","2":"type-product","3":"status-publish","4":"has-post-thumbnail","6":"product_cat-otroski","7":"product_cat-nogometni-dresi-inter-miami","8":"product_tag-dresi-inter-miami-za-otroke","9":"product_tag-inter-miami-dres","10":"product_tag-lionel-messi-dres","11":"product_tag-nogometni-dresi","12":"product_tag-otroski-dres-messi","13":"product_tag-otroski-nogometni-dresi-inter-miami","14":"product_tag-poceni-nogometni-dresi","15":"product_tag-poceni-nogometni-dresi-inter-miami","16":"product_tag-slovenski-nogometni-dresi","18":"first","19":"instock","20":"shipping-taxable","21":"purchasable","22":"product-type-variable"},"_links":{"self":[{"href":"https:\/\/www.nogometnizaotroke.com\/cs\/wp-json\/wp\/v2\/product\/24037","targetHints":{"allow":["GET"]}}],"collection":[{"href":"https:\/\/www.nogometnizaotroke.com\/cs\/wp-json\/wp\/v2\/product"}],"about":[{"href":"https:\/\/www.nogometnizaotroke.com\/cs\/wp-json\/wp\/v2\/types\/product"}],"replies":[{"embeddable":true,"href":"https:\/\/www.nogometnizaotroke.com\/cs\/wp-json\/wp\/v2\/comments?post=24037"}],"wp:featuredmedia":[{"embeddable":true,"href":"https:\/\/www.nogometnizaotroke.com\/cs\/wp-json\/wp\/v2\/media\/24038"}],"wp:attachment":[{"href":"https:\/\/www.nogometnizaotroke.com\/cs\/wp-json\/wp\/v2\/media?parent=24037"}],"wp:term":[{"taxonomy":"product_brand","embeddable":true,"href":"https:\/\/www.nogometnizaotroke.com\/cs\/wp-json\/wp\/v2\/product_brand?post=24037"},{"taxonomy":"product_cat","embeddable":true,"href":"https:\/\/www.nogometnizaotroke.com\/cs\/wp-json\/wp\/v2\/product_cat?post=24037"},{"taxonomy":"product_tag","embeddable":true,"href":"https:\/\/www.nogometnizaotroke.com\/cs\/wp-json\/wp\/v2\/product_tag?post=24037"}],"curies":[{"name":"wp","href":"https:\/\/api.w.org\/{rel}","templated":true}]}}