{"id":23936,"date":"2025-03-21T08:19:33","date_gmt":"2025-03-21T08:19:33","guid":{"rendered":"https:\/\/www.nogometnizaotroke.com\/product\/nogometni-dresi-nogomet-kompleti-portugalska-reprezentance-domaci-2025-26-cristiano-ronaldo-7\/"},"modified":"2025-03-24T02:57:33","modified_gmt":"2025-03-24T02:57:33","slug":"moske-nogometnih-dresov-kompleti-portugalska-reprezentance-domaci-2025-26-cristiano-ronaldo-7","status":"publish","type":"product","link":"https:\/\/www.nogometnizaotroke.com\/cs\/product\/moske-nogometnih-dresov-kompleti-portugalska-reprezentance-domaci-2025-26-cristiano-ronaldo-7\/","title":{"rendered":"Mo\u0161ke Nogometnih dresov kompleti Portugalska Reprezentance Doma\u010di 2025-26 Cristiano Ronaldo 7"},"content":{"rendered":"<p>Mo\u0161ke Nogometnih dresov kompleti Portugalska 2025 so zna\u010dilni za Portugalsko. Mo\u0161ka doma\u010da dresi Portugalska 2025 srajca ima klasi\u010dno rde\u010do podlago, obogateno z zlatimi in zelenimi elementi ter obliko z okroglim ovratnikom. Zasnovana za zmogljivost, ima vrhunsko tehnologijo blaga, lahke materiale in elegantno konstrukcijo.<br \/>\n\u2022 Tehnologija UltraWeave \u2013 najla\u017eja tehnologija jersey tkanine doslej, izdelana s strukturirano, 4-smerno raztegljivo tkanino, ki zmanj\u0161uje te\u017eo in trenje<br \/>\n\u2022 Izdelano iz 100 % recikliranih materialov, razen oblog in okraskov kot korak k bolj\u0161i prihodnosti<br \/>\n\u2022 100% poliester<\/p>\n<p>Nasveti: \u010ce sta ime in \u0161tevilka na sliki nogometni dresi to\u010dno to, kar \u017eelite, vam ju ni treba znova vna\u0161ati. \u010ce ne, potem morate vnesti \u017eeleno ime in \u0161tevilko.<\/p>","protected":false},"excerpt":{"rendered":"<p>Mo\u0161ke Nogometnih dresov kompleti Portugalska 2025 so zna\u010dilni za Portugalsko. Mo\u0161ka doma\u010da dresi Portugalska 2025 srajca ima klasi\u010dno rde\u010do podlago, obogateno z zlatimi in zelenimi elementi ter obliko z okroglim ovratnikom. Zasnovana za zmogljivost, ima vrhunsko tehnologijo blaga, lahke materiale in elegantno konstrukcijo. \u2022 Tehnologija UltraWeave \u2013 najla\u017eja tehnologija jersey tkanine doslej, izdelana s strukturirano, [&hellip;]<\/p>","protected":false},"featured_media":23942,"comment_status":"open","ping_status":"closed","template":"","meta":[],"product_brand":[],"product_cat":[84,140],"product_tag":[1763,1756,153,768,1758,1759,147],"class_list":{"0":"post-23936","1":"product","2":"type-product","3":"status-publish","4":"has-post-thumbnail","6":"product_cat-dresi-portugalska-reprezentance","7":"product_cat-moski","8":"product_tag-cristiano-ronaldo-dres","9":"product_tag-moski-dresi-za-nogomet","10":"product_tag-nogometni-dresi","11":"product_tag-poceni-moski-nogometni-dresi","12":"product_tag-poceni-portugalski-dresi","13":"product_tag-portugalska-z-lastnim-imenom","14":"product_tag-slovenski-nogometni-dresi","16":"first","17":"instock","18":"shipping-taxable","19":"purchasable","20":"product-type-variable"},"_links":{"self":[{"href":"https:\/\/www.nogometnizaotroke.com\/cs\/wp-json\/wp\/v2\/product\/23936","targetHints":{"allow":["GET"]}}],"collection":[{"href":"https:\/\/www.nogometnizaotroke.com\/cs\/wp-json\/wp\/v2\/product"}],"about":[{"href":"https:\/\/www.nogometnizaotroke.com\/cs\/wp-json\/wp\/v2\/types\/product"}],"replies":[{"embeddable":true,"href":"https:\/\/www.nogometnizaotroke.com\/cs\/wp-json\/wp\/v2\/comments?post=23936"}],"wp:featuredmedia":[{"embeddable":true,"href":"https:\/\/www.nogometnizaotroke.com\/cs\/wp-json\/wp\/v2\/media\/23942"}],"wp:attachment":[{"href":"https:\/\/www.nogometnizaotroke.com\/cs\/wp-json\/wp\/v2\/media?parent=23936"}],"wp:term":[{"taxonomy":"product_brand","embeddable":true,"href":"https:\/\/www.nogometnizaotroke.com\/cs\/wp-json\/wp\/v2\/product_brand?post=23936"},{"taxonomy":"product_cat","embeddable":true,"href":"https:\/\/www.nogometnizaotroke.com\/cs\/wp-json\/wp\/v2\/product_cat?post=23936"},{"taxonomy":"product_tag","embeddable":true,"href":"https:\/\/www.nogometnizaotroke.com\/cs\/wp-json\/wp\/v2\/product_tag?post=23936"}],"curies":[{"name":"wp","href":"https:\/\/api.w.org\/{rel}","templated":true}]}}