{"id":23533,"date":"2025-02-25T08:45:48","date_gmt":"2025-02-25T08:45:48","guid":{"rendered":"https:\/\/www.nogometnizaotroke.com\/?post_type=product&#038;p=23533"},"modified":"2025-02-28T09:39:26","modified_gmt":"2025-02-28T09:39:26","slug":"zenske-nogometnih-dresov-manchester-city-domaci-2024-25-erling-haaland-9","status":"publish","type":"product","link":"https:\/\/www.nogometnizaotroke.com\/cs\/product\/zenske-nogometnih-dresov-manchester-city-domaci-2024-25-erling-haaland-9\/","title":{"rendered":"D\u00e1msk\u00e9 fotbalov\u00e9 dresy Manchester City Home 2024-25 Erling Haaland 9"},"content":{"rendered":"<p>Ta majica \u017denske Manchester City FC 2024\/25 dresi v modri barvi je narejena iz gladkega, trpe\u017enega poli blaga za dolgotrajno udobje. Zasnovan s tehnologijo dryCELL za odvajanje znoja, se zgleduje po profesionalnem kompletu z rebrastim ovratnikom in kratkimi rokavi ter kontrastnimi \u010drnimi obrobami. Z imenom Kevina De Bruyna in \u0161t. 10, odtisnjenim na zadnji strani, je podpisan z blagovno znamko PUMA na prsih in legendarno zna\u010dko ekipe MCFC. Pralno v pralnem stroju.<\/p>\n<p>Tipy pro pono\u017eky: tri\u010dko standardn\u011b neobsahuje pono\u017eky. Pokud chcete pono\u017eky, vyberte mo\u017enosti pono\u017eek a zapla\u0165te za n\u011b.<\/p>\n<p>Tip pro tisk: Pokud jsou jm\u00e9no a \u010d\u00edslo na obr\u00e1zku p\u0159esn\u011b takov\u00e9, jak\u00e9 chcete, nemus\u00edte je zad\u00e1vat znovu. Pokud tomu tak nen\u00ed, zadejte po\u017eadovan\u00e9 jm\u00e9no a \u010d\u00edslo.<\/p>\n<p>Tip na pran\u00ed: Fotbalov\u00e9 dresy se doporu\u010duje pr\u00e1t v ruce. Pokud chcete pou\u017e\u00edt pra\u010dku, nezapome\u0148te dres oto\u010dit a pot\u00e9 vyprat. A pra\u010dku napl\u0148te studenou vodou a pou\u017eijte \u0161etrn\u00fd prac\u00ed cyklus, abyste v\u00edce chr\u00e1nili barvy.<\/p>","protected":false},"excerpt":{"rendered":"<p>Ta majica \u017denske Manchester City FC 2024\/25 dresi v modri barvi je narejena iz gladkega, trpe\u017enega poli blaga za dolgotrajno udobje. Zasnovan s tehnologijo dryCELL za odvajanje znoja, se zgleduje po profesionalnem kompletu z rebrastim ovratnikom in kratkimi rokavi ter kontrastnimi \u010drnimi obrobami. Z imenom Kevina De Bruyna in \u0161t. 10, odtisnjenim na zadnji strani, [&hellip;]<\/p>","protected":false},"featured_media":23535,"comment_status":"open","ping_status":"closed","template":"","meta":[],"product_brand":[],"product_cat":[74,44],"product_tag":[1071,1641,1072,1070,1628],"class_list":{"0":"post-23533","1":"product","2":"type-product","3":"status-publish","4":"has-post-thumbnail","6":"product_cat-zenski","7":"product_cat-nogometni-dresi-manchester-city","8":"product_tag-dresi-barcelona-za-zenske","9":"product_tag-erling-haaland-dres","10":"product_tag-zenske-dresi-barcelona-z-lastnim-imenom","11":"product_tag-zenske-nogometni-dresi-barcelona","12":"product_tag-zenske-nogometnih-dresov","14":"first","15":"instock","16":"shipping-taxable","17":"purchasable","18":"product-type-variable"},"_links":{"self":[{"href":"https:\/\/www.nogometnizaotroke.com\/cs\/wp-json\/wp\/v2\/product\/23533","targetHints":{"allow":["GET"]}}],"collection":[{"href":"https:\/\/www.nogometnizaotroke.com\/cs\/wp-json\/wp\/v2\/product"}],"about":[{"href":"https:\/\/www.nogometnizaotroke.com\/cs\/wp-json\/wp\/v2\/types\/product"}],"replies":[{"embeddable":true,"href":"https:\/\/www.nogometnizaotroke.com\/cs\/wp-json\/wp\/v2\/comments?post=23533"}],"wp:featuredmedia":[{"embeddable":true,"href":"https:\/\/www.nogometnizaotroke.com\/cs\/wp-json\/wp\/v2\/media\/23535"}],"wp:attachment":[{"href":"https:\/\/www.nogometnizaotroke.com\/cs\/wp-json\/wp\/v2\/media?parent=23533"}],"wp:term":[{"taxonomy":"product_brand","embeddable":true,"href":"https:\/\/www.nogometnizaotroke.com\/cs\/wp-json\/wp\/v2\/product_brand?post=23533"},{"taxonomy":"product_cat","embeddable":true,"href":"https:\/\/www.nogometnizaotroke.com\/cs\/wp-json\/wp\/v2\/product_cat?post=23533"},{"taxonomy":"product_tag","embeddable":true,"href":"https:\/\/www.nogometnizaotroke.com\/cs\/wp-json\/wp\/v2\/product_tag?post=23533"}],"curies":[{"name":"wp","href":"https:\/\/api.w.org\/{rel}","templated":true}]}}