{"id":23357,"date":"2025-01-23T07:29:30","date_gmt":"2025-01-23T07:29:30","guid":{"rendered":"https:\/\/www.nogometnizaotroke.com\/?post_type=product&#038;p=23357"},"modified":"2025-01-29T12:22:17","modified_gmt":"2025-01-29T12:22:17","slug":"otroske-nogometnih-dresov-komplet-inter-miami-gostujoci-2025-26-z-lastnim-imenom","status":"publish","type":"product","link":"https:\/\/www.nogometnizaotroke.com\/cs\/product\/otroske-nogometnih-dresov-komplet-inter-miami-gostujoci-2025-26-z-lastnim-imenom\/","title":{"rendered":"D\u011btsk\u00e9 fotbalov\u00e9 dresy Kit Inter Miami Away 2025-26 s vlastn\u00edm jm\u00e9nem"},"content":{"rendered":"<p>P\u0159edstavujeme d\u011btskou verzi dresu Inter Miami International Football Club z roku 2025, zn\u00e1m\u00e9ho tak\u00e9 jako \"Resilience Jersey\". Dres m\u00e1 v\u00fdrazn\u00fd p\u016flt\u00f3nov\u00fd design v \u010dern\u00e9 a tmav\u011b \u0161ed\u00e9 barv\u011b, kter\u00fd symbolizuje odolnost a s\u00edlu, s jasn\u011b r\u016f\u017eov\u00fdmi akcenty, kter\u00e9 evokuj\u00ed ikonick\u00e9 barvy klubu. Dres je na hrudi opat\u0159en ofici\u00e1ln\u00edm znakem Interu Miami FC, zat\u00edmco \u0161ortky a pono\u017eky dopl\u0148uj\u00ed celkov\u00fd design, d\u00edky \u010demu\u017e mohou mlad\u00ed fanou\u0161ci dokonale napodobit sv\u00e9 obl\u00edben\u00e9 hr\u00e1\u010de na h\u0159i\u0161ti.<\/p>\n<p>Je vybaven technologi\u00ed AEROREADY, kter\u00e1 je navr\u017eena tak, aby odv\u00e1d\u011bla vlhkost od t\u011bla a udr\u017eovala mlad\u00e9 sportovce b\u011bhem hry v chladu a pohodl\u00ed. Lehk\u00e1, prody\u0161n\u00e1 tkanina zaji\u0161\u0165uje snadn\u00fd pohyb a je vhodn\u00e1 pro fyzickou aktivitu i voln\u00fd \u010das. Souprava je p\u0159edev\u0161\u00edm vyrobena ze 100 recyklovateln\u00fdch materi\u00e1l\u016f %, co\u017e odr\u00e1\u017e\u00ed z\u00e1vazek k udr\u017eitelnosti a odpov\u011bdnosti v\u016f\u010di \u017eivotn\u00edmu prost\u0159ed\u00ed.<\/p>","protected":false},"excerpt":{"rendered":"<p>Predstavljamo otro\u0161ke razli\u010dico 2025 Gostujo\u010di dresov Inter Miami International Football Club, znanega tudi kot &#8220;Resilience Jersey&#8221;. Dres ima osupljivo poltonsko zasnovo v \u010drni in temno sivi barvi, ki simbolizira vzdr\u017eljivost in mo\u010d, s svetlo ro\u017enatimi poudarki, ki nagovarjajo ikoni\u010dne barve kluba. Dres ima uradni grb Inter Miami FC na prsih, medtem ko kratke hla\u010de in [&hellip;]<\/p>","protected":false},"featured_media":23359,"comment_status":"open","ping_status":"closed","template":"","meta":[],"product_brand":[],"product_cat":[73,353],"product_tag":[1383,346,153,1085,1384,1382,148,1084,348,147],"class_list":{"0":"post-23357","1":"product","2":"type-product","3":"status-publish","4":"has-post-thumbnail","6":"product_cat-otroski","7":"product_cat-nogometni-dresi-inter-miami","8":"product_tag-dresi-inter-miami-za-otroke","9":"product_tag-inter-miami-dres","10":"product_tag-nogometni-dresi","11":"product_tag-nogometni-dresi-inter-miami-z-lastnim-imenom","12":"product_tag-otroski-dresi-inter-miami-z-lastnim-imenom","13":"product_tag-otroski-nogometni-dresi-inter-miami","14":"product_tag-poceni-nogometni-dresi","15":"product_tag-poceni-nogometni-dresi-inter-miami","16":"product_tag-poceni-nogometni-dresi-inter-miami-z-lastnim-imenom-online","17":"product_tag-slovenski-nogometni-dresi","19":"first","20":"instock","21":"shipping-taxable","22":"purchasable","23":"product-type-variable"},"_links":{"self":[{"href":"https:\/\/www.nogometnizaotroke.com\/cs\/wp-json\/wp\/v2\/product\/23357","targetHints":{"allow":["GET"]}}],"collection":[{"href":"https:\/\/www.nogometnizaotroke.com\/cs\/wp-json\/wp\/v2\/product"}],"about":[{"href":"https:\/\/www.nogometnizaotroke.com\/cs\/wp-json\/wp\/v2\/types\/product"}],"replies":[{"embeddable":true,"href":"https:\/\/www.nogometnizaotroke.com\/cs\/wp-json\/wp\/v2\/comments?post=23357"}],"wp:featuredmedia":[{"embeddable":true,"href":"https:\/\/www.nogometnizaotroke.com\/cs\/wp-json\/wp\/v2\/media\/23359"}],"wp:attachment":[{"href":"https:\/\/www.nogometnizaotroke.com\/cs\/wp-json\/wp\/v2\/media?parent=23357"}],"wp:term":[{"taxonomy":"product_brand","embeddable":true,"href":"https:\/\/www.nogometnizaotroke.com\/cs\/wp-json\/wp\/v2\/product_brand?post=23357"},{"taxonomy":"product_cat","embeddable":true,"href":"https:\/\/www.nogometnizaotroke.com\/cs\/wp-json\/wp\/v2\/product_cat?post=23357"},{"taxonomy":"product_tag","embeddable":true,"href":"https:\/\/www.nogometnizaotroke.com\/cs\/wp-json\/wp\/v2\/product_tag?post=23357"}],"curies":[{"name":"wp","href":"https:\/\/api.w.org\/{rel}","templated":true}]}}