{"id":23353,"date":"2025-01-18T03:17:33","date_gmt":"2025-01-18T03:17:33","guid":{"rendered":"https:\/\/www.nogometnizaotroke.com\/?post_type=product&#038;p=23353"},"modified":"2025-02-01T08:17:42","modified_gmt":"2025-02-01T08:17:42","slug":"otroske-nogometnih-dresov-komplet-aston-villa-domaci-2024-25-john-mcginn-7","status":"publish","type":"product","link":"https:\/\/www.nogometnizaotroke.com\/cs\/product\/otroske-nogometnih-dresov-komplet-aston-villa-domaci-2024-25-john-mcginn-7\/","title":{"rendered":"D\u011btsk\u00e9 fotbalov\u00e9 dresy Kit Aston Villa Home 2024-25 John McGinn 7"},"content":{"rendered":"<p>Prvn\u00ed dom\u00e1c\u00ed souprava Aston Villy oslavuje 150. v\u00fdro\u010d\u00ed zalo\u017een\u00ed klubu nad\u010dasov\u00fdm designem a logem \"AV 150\". \u00dazk\u00e9 pruhy na l\u00edmci tohoto ml\u00e1de\u017enick\u00e9ho fotbalov\u00e9ho dresu decentn\u011b zn\u00e1zor\u0148uj\u00ed design klubov\u00e9ho dresu z roku 1874. A tkan\u00fd odznak zna\u010d\u00ed zcela novou kapitolu. AEROREADY s prvky pro odvod vlhkosti umo\u017e\u0148uje mlad\u00fdm fanou\u0161k\u016fm c\u00edtit se p\u0159i no\u0161en\u00ed t\u011bchto barev pohodln\u011b. Tento produkt je vyroben ze 100 recyklovan\u00fdch materi\u00e1l\u016f %. Op\u011btovn\u00fdm vyu\u017eit\u00edm ji\u017e vyroben\u00fdch materi\u00e1l\u016f pom\u00e1h\u00e1me sni\u017eovat mno\u017estv\u00ed odpadu a z\u00e1vislost na omezen\u00fdch zdroj\u00edch a sni\u017eujeme uhl\u00edkovou stopu v\u00fdrobk\u016f, kter\u00e9 vyr\u00e1b\u00edme.<\/p>\n<p>Tipy pro pono\u017eky: tri\u010dko standardn\u011b neobsahuje pono\u017eky. Pokud chcete pono\u017eky, vyberte mo\u017enosti pono\u017eek a zapla\u0165te za n\u011b.<\/p>\n<p>Tip pro tisk: Pokud jsou jm\u00e9no a \u010d\u00edslo na obr\u00e1zku p\u0159esn\u011b takov\u00e9, jak\u00e9 chcete, nemus\u00edte je zad\u00e1vat znovu. Pokud tomu tak nen\u00ed, zadejte po\u017eadovan\u00e9 jm\u00e9no a \u010d\u00edslo.<\/p>\n<p>Tip na pran\u00ed: Fotbalov\u00e9 dresy se doporu\u010duje pr\u00e1t v ruce. Pokud chcete pou\u017e\u00edt pra\u010dku, nezapome\u0148te dres oto\u010dit a pot\u00e9 vyprat. A pra\u010dku napl\u0148te studenou vodou a pou\u017eijte \u0161etrn\u00fd prac\u00ed cyklus, abyste v\u00edce chr\u00e1nili barvy.<\/p>","protected":false},"excerpt":{"rendered":"<p>Prva doma\u010di oprema Nogometnih dresov kluba Aston Villa praznuje 150. obletnico kluba z brez\u010dasnim dizajnom in logotipom \u2018AV 150\u2019. Ozke \u010drte na ovratniku tega mladinskega nogometnega dresa so subtilna podoba dizajna klubskega dresa iz leta 1874. Tkana zna\u010dka pa zaznamuje povsem novo poglavje. AEROREADY s funkcijami za uravnavanje vlage omogo\u010da mladim obo\u017eevalkam, da se med [&hellip;]<\/p>","protected":false},"featured_media":23355,"comment_status":"open","ping_status":"closed","template":"","meta":[],"product_brand":[],"product_cat":[73,66],"product_tag":[1073,1612,693,692,148,1075,147],"class_list":{"0":"post-23353","1":"product","2":"type-product","3":"status-publish","4":"has-post-thumbnail","6":"product_cat-otroski","7":"product_cat-nogometni-dresi-aston-villa","8":"product_tag-dresi-aston-villa-za-otroke","9":"product_tag-john-mcginn-dresi","10":"product_tag-nogometni-dresi-aston-villa-z-lastnim-imenom","11":"product_tag-otroski-nogometni-dresi-aston-villa","12":"product_tag-poceni-nogometni-dresi","13":"product_tag-poceni-nogometni-dresi-aston-villa","14":"product_tag-slovenski-nogometni-dresi","16":"first","17":"instock","18":"shipping-taxable","19":"purchasable","20":"product-type-variable"},"_links":{"self":[{"href":"https:\/\/www.nogometnizaotroke.com\/cs\/wp-json\/wp\/v2\/product\/23353","targetHints":{"allow":["GET"]}}],"collection":[{"href":"https:\/\/www.nogometnizaotroke.com\/cs\/wp-json\/wp\/v2\/product"}],"about":[{"href":"https:\/\/www.nogometnizaotroke.com\/cs\/wp-json\/wp\/v2\/types\/product"}],"replies":[{"embeddable":true,"href":"https:\/\/www.nogometnizaotroke.com\/cs\/wp-json\/wp\/v2\/comments?post=23353"}],"wp:featuredmedia":[{"embeddable":true,"href":"https:\/\/www.nogometnizaotroke.com\/cs\/wp-json\/wp\/v2\/media\/23355"}],"wp:attachment":[{"href":"https:\/\/www.nogometnizaotroke.com\/cs\/wp-json\/wp\/v2\/media?parent=23353"}],"wp:term":[{"taxonomy":"product_brand","embeddable":true,"href":"https:\/\/www.nogometnizaotroke.com\/cs\/wp-json\/wp\/v2\/product_brand?post=23353"},{"taxonomy":"product_cat","embeddable":true,"href":"https:\/\/www.nogometnizaotroke.com\/cs\/wp-json\/wp\/v2\/product_cat?post=23353"},{"taxonomy":"product_tag","embeddable":true,"href":"https:\/\/www.nogometnizaotroke.com\/cs\/wp-json\/wp\/v2\/product_tag?post=23353"}],"curies":[{"name":"wp","href":"https:\/\/api.w.org\/{rel}","templated":true}]}}