{"id":22833,"date":"2024-12-28T05:03:24","date_gmt":"2024-12-28T05:03:24","guid":{"rendered":"https:\/\/www.nogometnionline.com\/?post_type=product&#038;p=22833"},"modified":"2024-12-28T05:11:58","modified_gmt":"2024-12-28T05:11:58","slug":"poceni-moski-nogometni-dresi-kompleti-argentina-domaci-50th-anniversary-2024-25","status":"publish","type":"product","link":"https:\/\/www.nogometnizaotroke.com\/cs\/product\/poceni-moski-nogometni-dresi-kompleti-argentina-domaci-50th-anniversary-2024-25\/","title":{"rendered":"Levn\u00e9 p\u00e1nsk\u00e9 fotbalov\u00e9 dresy Soupravy Argentina Home 50th Anniversary 2024-25"},"content":{"rendered":"<p>Tento fotbalov\u00fd dres je sou\u010d\u00e1st\u00ed speci\u00e1ln\u00ed sady k 50. v\u00fdro\u010d\u00ed prvn\u00edho sjednocen\u00ed argentinsk\u00fdch sil. Vrac\u00ed se do let minul\u00fdch, s ironickou trojl\u00edstkovou \u010d\u00e1rkou a t\u00fdmov\u00fdm znakem inspirovan\u00fdm polovinou 70. let, kter\u00e9 vynikaj\u00ed zlatou barvou nad slavn\u00fdmi pruhy. D\u00edky technologii AEROREADY, kter\u00e1 udr\u017euje vlhkost, se budete soust\u0159edit na akci, zat\u00edmco v\u00fdrazn\u00e1 zna\u010dka vystihuje pocit fand\u011bn\u00ed Argentin\u011b.<\/p>\n<p>Tipy pro pono\u017eky: tri\u010dko standardn\u011b neobsahuje pono\u017eky. Pokud chcete pono\u017eky, vyberte mo\u017enosti pono\u017eek a zapla\u0165te za n\u011b.<\/p>\n<p>Tip pro tisk: Pokud jsou jm\u00e9no a \u010d\u00edslo na obr\u00e1zku p\u0159esn\u011b takov\u00e9, jak\u00e9 chcete, nemus\u00edte je zad\u00e1vat znovu. Pokud tomu tak nen\u00ed, zadejte po\u017eadovan\u00e9 jm\u00e9no a \u010d\u00edslo.<\/p>\n<p>Tip na pran\u00ed: Fotbalov\u00e9 dresy se doporu\u010duje pr\u00e1t v ruce. Pokud chcete pou\u017e\u00edt pra\u010dku, nezapome\u0148te dres oto\u010dit a pot\u00e9 vyprat. A pra\u010dku napl\u0148te studenou vodou a pou\u017eijte \u0161etrn\u00fd prac\u00ed cyklus, abyste v\u00edce chr\u00e1nili barvy.<\/p>","protected":false},"excerpt":{"rendered":"<p>Ta nogometni dres je del posebnega kompleta, ki obele\u017euje 50. obletnico prve zdru\u017eitve argentinskih sil. Vra\u010da se v pretekla leta z ironi\u010dnim trilistni kom in grbom ekipe, ki je navdahnjen s sredino 70. let prej\u0161njega stoletja, ki izstopata v zlati barvi nad znamenitimi \u010drtami. AEROREADY za uravnavanje vlage vas bo osredoto\u010dil na dogajanje, medtem ko [&hellip;]<\/p>","protected":false},"featured_media":22835,"comment_status":"open","ping_status":"closed","template":"","meta":[],"product_brand":[],"product_cat":[140,81],"product_tag":[840,1592,150,153,545,148,147],"class_list":{"0":"post-22833","1":"product","2":"type-product","3":"status-publish","4":"has-post-thumbnail","6":"product_cat-moski","7":"product_cat-dresi-argentina-reprezentance","8":"product_tag-argentina-2024-25-dresi","9":"product_tag-argentina-50th-anniversary","10":"product_tag-moski-nogometni-dresi","11":"product_tag-nogometni-dresi","12":"product_tag-nogometni-dresi-slovenija","13":"product_tag-poceni-nogometni-dresi","14":"product_tag-slovenski-nogometni-dresi","16":"first","17":"instock","18":"featured","19":"shipping-taxable","20":"purchasable","21":"product-type-variable"},"_links":{"self":[{"href":"https:\/\/www.nogometnizaotroke.com\/cs\/wp-json\/wp\/v2\/product\/22833","targetHints":{"allow":["GET"]}}],"collection":[{"href":"https:\/\/www.nogometnizaotroke.com\/cs\/wp-json\/wp\/v2\/product"}],"about":[{"href":"https:\/\/www.nogometnizaotroke.com\/cs\/wp-json\/wp\/v2\/types\/product"}],"replies":[{"embeddable":true,"href":"https:\/\/www.nogometnizaotroke.com\/cs\/wp-json\/wp\/v2\/comments?post=22833"}],"wp:featuredmedia":[{"embeddable":true,"href":"https:\/\/www.nogometnizaotroke.com\/cs\/wp-json\/wp\/v2\/media\/22835"}],"wp:attachment":[{"href":"https:\/\/www.nogometnizaotroke.com\/cs\/wp-json\/wp\/v2\/media?parent=22833"}],"wp:term":[{"taxonomy":"product_brand","embeddable":true,"href":"https:\/\/www.nogometnizaotroke.com\/cs\/wp-json\/wp\/v2\/product_brand?post=22833"},{"taxonomy":"product_cat","embeddable":true,"href":"https:\/\/www.nogometnizaotroke.com\/cs\/wp-json\/wp\/v2\/product_cat?post=22833"},{"taxonomy":"product_tag","embeddable":true,"href":"https:\/\/www.nogometnizaotroke.com\/cs\/wp-json\/wp\/v2\/product_tag?post=22833"}],"curies":[{"name":"wp","href":"https:\/\/api.w.org\/{rel}","templated":true}]}}