{"id":22654,"date":"2024-12-24T13:26:38","date_gmt":"2024-12-24T13:26:38","guid":{"rendered":"https:\/\/www.nogometnionline.com\/?post_type=product&#038;p=22654"},"modified":"2024-12-24T13:26:40","modified_gmt":"2024-12-24T13:26:40","slug":"otroski-spanija-sweatshirt-za-trening-dresi-kompleti-1-4-zip-rdeca-2024-2025","status":"publish","type":"product","link":"https:\/\/www.nogometnizaotroke.com\/cs\/product\/otroski-spanija-sweatshirt-za-trening-dresi-kompleti-1-4-zip-rdeca-2024-2025\/","title":{"rendered":"D\u011btsk\u00e9 mikiny \u0160pan\u011blsko Tr\u00e9ninkov\u00e9 dresy 1\/4 Zip Red 2024-2025"},"content":{"rendered":"<p>D\u011btsk\u00e9 mikiny \u0160pan\u011blsko Tr\u00e9ninkov\u00e9 dresy 1\/4 Zip Red 2024-2025<\/p>","protected":false},"excerpt":{"rendered":"<p>D\u011btsk\u00e9 mikiny \u0160pan\u011blsko Tr\u00e9ninkov\u00e9 dresy 1\/4 Zip Red 2024-2025<\/p>","protected":false},"featured_media":22656,"comment_status":"open","ping_status":"closed","template":"","meta":[],"product_brand":[],"product_cat":[1457,73],"product_tag":[1588],"class_list":{"0":"post-22654","1":"product","2":"type-product","3":"status-publish","4":"has-post-thumbnail","6":"product_cat-trening","7":"product_cat-otroski","8":"product_tag-spanija-trening-dresi","10":"first","11":"instock","12":"shipping-taxable","13":"purchasable","14":"product-type-variable"},"_links":{"self":[{"href":"https:\/\/www.nogometnizaotroke.com\/cs\/wp-json\/wp\/v2\/product\/22654","targetHints":{"allow":["GET"]}}],"collection":[{"href":"https:\/\/www.nogometnizaotroke.com\/cs\/wp-json\/wp\/v2\/product"}],"about":[{"href":"https:\/\/www.nogometnizaotroke.com\/cs\/wp-json\/wp\/v2\/types\/product"}],"replies":[{"embeddable":true,"href":"https:\/\/www.nogometnizaotroke.com\/cs\/wp-json\/wp\/v2\/comments?post=22654"}],"wp:featuredmedia":[{"embeddable":true,"href":"https:\/\/www.nogometnizaotroke.com\/cs\/wp-json\/wp\/v2\/media\/22656"}],"wp:attachment":[{"href":"https:\/\/www.nogometnizaotroke.com\/cs\/wp-json\/wp\/v2\/media?parent=22654"}],"wp:term":[{"taxonomy":"product_brand","embeddable":true,"href":"https:\/\/www.nogometnizaotroke.com\/cs\/wp-json\/wp\/v2\/product_brand?post=22654"},{"taxonomy":"product_cat","embeddable":true,"href":"https:\/\/www.nogometnizaotroke.com\/cs\/wp-json\/wp\/v2\/product_cat?post=22654"},{"taxonomy":"product_tag","embeddable":true,"href":"https:\/\/www.nogometnizaotroke.com\/cs\/wp-json\/wp\/v2\/product_tag?post=22654"}],"curies":[{"name":"wp","href":"https:\/\/api.w.org\/{rel}","templated":true}]}}