{"id":22215,"date":"2024-12-17T03:09:59","date_gmt":"2024-12-17T03:09:59","guid":{"rendered":"https:\/\/www.nogometnionline.com\/?post_type=product&#038;p=22215"},"modified":"2025-02-14T13:44:03","modified_gmt":"2025-02-14T13:44:03","slug":"otroski-nogometni-dresi-za-nogomet-rb-leipzig-tretji-2024-2025-zelena-xavi-simons-10","status":"publish","type":"product","link":"https:\/\/www.nogometnizaotroke.com\/cs\/product\/otroski-nogometni-dresi-za-nogomet-rb-leipzig-tretji-2024-2025-zelena-xavi-simons-10\/","title":{"rendered":"D\u011btsk\u00e9 fotbalov\u00e9 dresy pro fotbal RB Leipzig Third 2024-2025 Green Xavi Simons 10"},"content":{"rendered":"<p>Tretji nogometni dres RB Leipzig 2024-25 je prete\u017eno temno modre barve s futuristi\u010dno grafiko, ki slavi klubski zagon in naslednjo generacijo.Globok V-izrez in man\u0161ete so v mint zeleni barvi, medtem ko sta grb in Leipzig v beli barvi.<\/p>\n<p>Tipy pro pono\u017eky: tri\u010dko standardn\u011b neobsahuje pono\u017eky. Pokud chcete pono\u017eky, vyberte mo\u017enosti pono\u017eek a zapla\u0165te za n\u011b.<\/p>\n<p>Tip pro tisk: Pokud jsou jm\u00e9no a \u010d\u00edslo na obr\u00e1zku p\u0159esn\u011b takov\u00e9, jak\u00e9 chcete, nemus\u00edte je zad\u00e1vat znovu. Pokud tomu tak nen\u00ed, zadejte po\u017eadovan\u00e9 jm\u00e9no a \u010d\u00edslo.<\/p>\n<p>Tip na pran\u00ed: Fotbalov\u00e9 dresy se doporu\u010duje pr\u00e1t v ruce. Pokud chcete pou\u017e\u00edt pra\u010dku, nezapome\u0148te dres oto\u010dit a pot\u00e9 vyprat. A pra\u010dku napl\u0148te studenou vodou a pou\u017eijte \u0161etrn\u00fd prac\u00ed cyklus, abyste v\u00edce chr\u00e1nili barvy.<\/p>","protected":false},"excerpt":{"rendered":"<p>Tretji nogometni dres RB Leipzig 2024-25 je prete\u017eno temno modre barve s futuristi\u010dno grafiko, ki slavi klubski zagon in naslednjo generacijo.Globok V-izrez in man\u0161ete so v mint zeleni barvi, medtem ko sta grb in Leipzig v beli barvi. Nasveti za nogavice: Majica ne vsebuje nogavic privzeto. \u010ce \u017eelite nogavice, izberite mo\u017enosti nogavic, da jih pla\u010date. [&hellip;]<\/p>","protected":false},"featured_media":22217,"comment_status":"open","ping_status":"closed","template":"","meta":[],"product_brand":[],"product_cat":[73,62],"product_tag":[1573,153,555,1193,554,545,1574,159,1572,148,1192,199,1436],"class_list":{"0":"post-22215","1":"product","2":"type-product","3":"status-publish","4":"has-post-thumbnail","6":"product_cat-otroski","7":"product_cat-nogometni-dresi-rb-leipzig","8":"product_tag-dresi-rb-leipzig-za-otroke","9":"product_tag-nogometni-dresi","10":"product_tag-nogometni-dresi-rb-leipzig-prodaja","11":"product_tag-nogometni-dresi-rb-leipzig-z-lastnim-imenom","12":"product_tag-nogometni-dresi-rb-leipzig-z-lastnim-tiskom","13":"product_tag-nogometni-dresi-slovenija","14":"product_tag-otroski-dresi-rb-leipzig-z-lastnim-imenom","15":"product_tag-otroski-nogometni-dresi","16":"product_tag-otroski-nogometni-dresi-rb-leipzig","17":"product_tag-poceni-nogometni-dresi","18":"product_tag-poceni-nogometni-dresi-rb-leipzig","19":"product_tag-poceni-nogometni-dresi-rb-leipzig-z-lastnim-imenom-online","20":"product_tag-xavi-simons-dresi","22":"first","23":"instock","24":"shipping-taxable","25":"purchasable","26":"product-type-variable"},"_links":{"self":[{"href":"https:\/\/www.nogometnizaotroke.com\/cs\/wp-json\/wp\/v2\/product\/22215","targetHints":{"allow":["GET"]}}],"collection":[{"href":"https:\/\/www.nogometnizaotroke.com\/cs\/wp-json\/wp\/v2\/product"}],"about":[{"href":"https:\/\/www.nogometnizaotroke.com\/cs\/wp-json\/wp\/v2\/types\/product"}],"replies":[{"embeddable":true,"href":"https:\/\/www.nogometnizaotroke.com\/cs\/wp-json\/wp\/v2\/comments?post=22215"}],"wp:featuredmedia":[{"embeddable":true,"href":"https:\/\/www.nogometnizaotroke.com\/cs\/wp-json\/wp\/v2\/media\/22217"}],"wp:attachment":[{"href":"https:\/\/www.nogometnizaotroke.com\/cs\/wp-json\/wp\/v2\/media?parent=22215"}],"wp:term":[{"taxonomy":"product_brand","embeddable":true,"href":"https:\/\/www.nogometnizaotroke.com\/cs\/wp-json\/wp\/v2\/product_brand?post=22215"},{"taxonomy":"product_cat","embeddable":true,"href":"https:\/\/www.nogometnizaotroke.com\/cs\/wp-json\/wp\/v2\/product_cat?post=22215"},{"taxonomy":"product_tag","embeddable":true,"href":"https:\/\/www.nogometnizaotroke.com\/cs\/wp-json\/wp\/v2\/product_tag?post=22215"}],"curies":[{"name":"wp","href":"https:\/\/api.w.org\/{rel}","templated":true}]}}