{"id":22132,"date":"2024-12-16T07:56:06","date_gmt":"2024-12-16T07:56:06","guid":{"rendered":"https:\/\/www.nogometnionline.com\/?post_type=product&#038;p=22132"},"modified":"2024-12-19T09:32:09","modified_gmt":"2024-12-19T09:32:09","slug":"otroski-nogometni-dresi-za-nogomet-rb-leipzig-gostujoci-2024-2025-rdeca-benjamin-sesko-30","status":"publish","type":"product","link":"https:\/\/www.nogometnizaotroke.com\/cs\/product\/otroski-nogometni-dresi-za-nogomet-rb-leipzig-gostujoci-2024-2025-rdeca-benjamin-sesko-30\/","title":{"rendered":"D\u011btsk\u00e9 fotbalov\u00e9 dresy pro fotbal RB Leipzig Away 2024-2025 \u010derven\u00e1 Benjamin Sesko 30"},"content":{"rendered":"<p>V\u00fdjezdn\u00ed dres RB Leipzig 2024-25 m\u00e1 stylov\u00fd design pro klub, kter\u00fd vlastn\u00ed Red Bulls. Kombinuje dva odst\u00edny \u010derven\u00e9 barvy v jedine\u010dn\u00e9m vzoru se v\u0161emi logy v b\u00edl\u00e9 barv\u011b. design venkovn\u00edho dresu RB Lipsko 24-25 symbolizuje klub \"Unstoppable\". klubov\u00fd znak venkovn\u00edho dresu RB Lipsko 2024-25 je b\u00edl\u00fd na \u010dervenohn\u011bd\u00e9m pozad\u00ed, vyroben\u00fd z kvalitn\u00edho TPU s 3D efektem. L\u00edmec je jasn\u011b \u010derven\u00fd a na p\u0159edn\u00ed stran\u011b m\u00e1 ka\u0161tanovou vsadku.<\/p>\n<p>Tipy pro pono\u017eky: tri\u010dko standardn\u011b neobsahuje pono\u017eky. Pokud chcete pono\u017eky, vyberte mo\u017enosti pono\u017eek a zapla\u0165te za n\u011b.<\/p>\n<p>Tip pro tisk: Pokud jsou jm\u00e9no a \u010d\u00edslo na obr\u00e1zku p\u0159esn\u011b takov\u00e9, jak\u00e9 chcete, nemus\u00edte je zad\u00e1vat znovu. Pokud tomu tak nen\u00ed, zadejte po\u017eadovan\u00e9 jm\u00e9no a \u010d\u00edslo.<\/p>\n<p>Tip na pran\u00ed: Fotbalov\u00e9 dresy se doporu\u010duje pr\u00e1t v ruce. Pokud chcete pou\u017e\u00edt pra\u010dku, nezapome\u0148te dres oto\u010dit a pot\u00e9 vyprat. A pra\u010dku napl\u0148te studenou vodou a pou\u017eijte \u0161etrn\u00fd prac\u00ed cyklus, abyste v\u00edce chr\u00e1nili barvy.<\/p>","protected":false},"excerpt":{"rendered":"<p>Gostujo\u010di dresi RB Leipzig 2024-25 ima eleganten dizajn za klub v lasti Red Bulls. Zdru\u017euje dva odtenka rde\u010de v edinstvenem vzorcu z vsemi logotipi v beli barvi.Dizajn gostujo\u010dega dresa Leipziga 24-25 simbolizira klub \u201cUnstoppable\u201d.Klubski grb gostujo\u010dega dresa RB Leipzig 2024-25 je bel na rde\u010de-rjavi podlagi, izdelan iz visokokakovostnega TPU s 3D u\u010dinkom. Ovratnica je \u017eivo [&hellip;]<\/p>","protected":false},"featured_media":22134,"comment_status":"open","ping_status":"closed","template":"","meta":[],"product_brand":[],"product_cat":[73,62],"product_tag":[1195,1573,153,555,1193,554,545,1574,159,1572,148,1192,199],"class_list":{"0":"post-22132","1":"product","2":"type-product","3":"status-publish","4":"has-post-thumbnail","6":"product_cat-otroski","7":"product_cat-nogometni-dresi-rb-leipzig","8":"product_tag-benjamin-sesko-dresi","9":"product_tag-dresi-rb-leipzig-za-otroke","10":"product_tag-nogometni-dresi","11":"product_tag-nogometni-dresi-rb-leipzig-prodaja","12":"product_tag-nogometni-dresi-rb-leipzig-z-lastnim-imenom","13":"product_tag-nogometni-dresi-rb-leipzig-z-lastnim-tiskom","14":"product_tag-nogometni-dresi-slovenija","15":"product_tag-otroski-dresi-rb-leipzig-z-lastnim-imenom","16":"product_tag-otroski-nogometni-dresi","17":"product_tag-otroski-nogometni-dresi-rb-leipzig","18":"product_tag-poceni-nogometni-dresi","19":"product_tag-poceni-nogometni-dresi-rb-leipzig","20":"product_tag-poceni-nogometni-dresi-rb-leipzig-z-lastnim-imenom-online","22":"first","23":"instock","24":"shipping-taxable","25":"purchasable","26":"product-type-variable"},"_links":{"self":[{"href":"https:\/\/www.nogometnizaotroke.com\/cs\/wp-json\/wp\/v2\/product\/22132","targetHints":{"allow":["GET"]}}],"collection":[{"href":"https:\/\/www.nogometnizaotroke.com\/cs\/wp-json\/wp\/v2\/product"}],"about":[{"href":"https:\/\/www.nogometnizaotroke.com\/cs\/wp-json\/wp\/v2\/types\/product"}],"replies":[{"embeddable":true,"href":"https:\/\/www.nogometnizaotroke.com\/cs\/wp-json\/wp\/v2\/comments?post=22132"}],"wp:featuredmedia":[{"embeddable":true,"href":"https:\/\/www.nogometnizaotroke.com\/cs\/wp-json\/wp\/v2\/media\/22134"}],"wp:attachment":[{"href":"https:\/\/www.nogometnizaotroke.com\/cs\/wp-json\/wp\/v2\/media?parent=22132"}],"wp:term":[{"taxonomy":"product_brand","embeddable":true,"href":"https:\/\/www.nogometnizaotroke.com\/cs\/wp-json\/wp\/v2\/product_brand?post=22132"},{"taxonomy":"product_cat","embeddable":true,"href":"https:\/\/www.nogometnizaotroke.com\/cs\/wp-json\/wp\/v2\/product_cat?post=22132"},{"taxonomy":"product_tag","embeddable":true,"href":"https:\/\/www.nogometnizaotroke.com\/cs\/wp-json\/wp\/v2\/product_tag?post=22132"}],"curies":[{"name":"wp","href":"https:\/\/api.w.org\/{rel}","templated":true}]}}