{"id":22028,"date":"2024-12-16T03:11:19","date_gmt":"2024-12-16T03:11:19","guid":{"rendered":"https:\/\/www.nogometnionline.com\/?post_type=product&#038;p=22028"},"modified":"2024-12-16T03:11:23","modified_gmt":"2024-12-16T03:11:23","slug":"otroski-nogometni-dresi-kompleti-za-otroke-as-roma-domaci-2024-25-enzo-le-fee-28","status":"publish","type":"product","link":"https:\/\/www.nogometnizaotroke.com\/cs\/product\/otroski-nogometni-dresi-kompleti-za-otroke-as-roma-domaci-2024-25-enzo-le-fee-28\/","title":{"rendered":"D\u011btsk\u00e9 fotbalov\u00e9 dresy Soupravy pro d\u011bti AS Roma Home 2024-25 Enzo Le Fee 28"},"content":{"rendered":"<p>Design dresu je poctou DNA \u0158\u00edma.Tenk\u00e9 zlat\u00e9 prou\u017eky p\u0159ekr\u00fdvaj\u00ed tmav\u011b \u010derven\u00fd z\u00e1klad a vytv\u00e1\u0159ej\u00ed jemn\u00fd kontrast.Syt\u011bj\u0161\u00ed odst\u00edn \u010derven\u00e9 barvy dod\u00e1v\u00e1 celkov\u00e9mu vzhledu rozm\u011br a vyva\u017euje tradici s modern\u00ed estetikou.Znak AS Roma, um\u00edst\u011bn\u00fd nad srdcem, je stejn\u011b tmav\u011b \u010derven\u00fd jako dres a symbolizuje spojen\u00ed mezi klubem a jeho fanou\u0161ky. V\u00fdrazn\u00e9 t\u0159i zlat\u00e9 pruhy zdob\u00ed ramena a podtrhuj\u00ed \u0161pi\u010dkovou kvalitu soupravy.<br \/>\nD\u016fraz na detail je patrn\u00fd na v\u0161ech m\u00edstech, p\u0159i\u010dem\u017e text \"A.S. Roma\" na zadn\u00ed stran\u011b l\u00edmce odpov\u00edd\u00e1 stylu pou\u017eit\u00e9mu na vstupenk\u00e1ch na sez\u00f3nu 1933\/34. Tento jemn\u00fd dotek m\u00e1 slou\u017eit jako p\u0159ipom\u00ednka dlouh\u00e9ho d\u011bdictv\u00ed klubu a generac\u00ed fanou\u0161k\u016f, kte\u0159\u00ed \u0158\u00edm podporovali.<\/p>\n<p>Tipy pro pono\u017eky: tri\u010dko standardn\u011b neobsahuje pono\u017eky. Pokud chcete pono\u017eky, vyberte mo\u017enosti pono\u017eek a zapla\u0165te za n\u011b.<\/p>\n<p>Tip pro tisk: Pokud jsou jm\u00e9no a \u010d\u00edslo na obr\u00e1zku p\u0159esn\u011b takov\u00e9, jak\u00e9 chcete, nemus\u00edte je zad\u00e1vat znovu. Pokud tomu tak nen\u00ed, zadejte po\u017eadovan\u00e9 jm\u00e9no a \u010d\u00edslo.<\/p>\n<p>Tip na pran\u00ed: Fotbalov\u00e9 dresy se doporu\u010duje pr\u00e1t v ruce. Pokud chcete pou\u017e\u00edt pra\u010dku, nezapome\u0148te dres oto\u010dit a pot\u00e9 vyprat. A pra\u010dku napl\u0148te studenou vodou a pou\u017eijte \u0161etrn\u00fd prac\u00ed cyklus, abyste v\u00edce chr\u00e1nili barvy.<\/p>","protected":false},"excerpt":{"rendered":"<p>Dizajn srajce je poklon DNK Roma s tankimi zlatimi \u010drtami, prekritimi s temno rde\u010do podlago, ki ustvarjajo prefinjen kontrast. Globlji odtenek rde\u010de dodaja dimenzijo celotnemu videzu in uravnove\u0161a tradicijo s sodobno estetiko.Grb AS Roma, ki se nahaja nad srcem, ima enako temno rde\u010do barvo kot dres, kar simbolizira povezavo med klubom in njegovimi navija\u010di. Prepoznavne [&hellip;]<\/p>","protected":false},"featured_media":22030,"comment_status":"open","ping_status":"closed","template":"","meta":[],"product_brand":[],"product_cat":[73,48],"product_tag":[754,1564,1566,153,1231,220,1565,159,1563,148,1230,147],"class_list":{"0":"post-22028","1":"product","2":"type-product","3":"status-publish","4":"has-post-thumbnail","6":"product_cat-otroski","7":"product_cat-nogometni-dresi-as-roma","8":"product_tag-as-roma-dresi-2024","9":"product_tag-dresi-as-roma-za-otroke","10":"product_tag-enzo-le-fee-dresi","11":"product_tag-nogometni-dresi","12":"product_tag-nogometni-dresi-as-roma-z-lastnim-imenom","13":"product_tag-nogometni-dresi-za-otroke","14":"product_tag-otroski-dresi-as-roma-z-lastnim-imenom","15":"product_tag-otroski-nogometni-dresi","16":"product_tag-otroski-nogometni-dresi-as-roma","17":"product_tag-poceni-nogometni-dresi","18":"product_tag-poceni-nogometni-dresi-as-roma","19":"product_tag-slovenski-nogometni-dresi","21":"first","22":"instock","23":"shipping-taxable","24":"purchasable","25":"product-type-variable"},"_links":{"self":[{"href":"https:\/\/www.nogometnizaotroke.com\/cs\/wp-json\/wp\/v2\/product\/22028","targetHints":{"allow":["GET"]}}],"collection":[{"href":"https:\/\/www.nogometnizaotroke.com\/cs\/wp-json\/wp\/v2\/product"}],"about":[{"href":"https:\/\/www.nogometnizaotroke.com\/cs\/wp-json\/wp\/v2\/types\/product"}],"replies":[{"embeddable":true,"href":"https:\/\/www.nogometnizaotroke.com\/cs\/wp-json\/wp\/v2\/comments?post=22028"}],"wp:featuredmedia":[{"embeddable":true,"href":"https:\/\/www.nogometnizaotroke.com\/cs\/wp-json\/wp\/v2\/media\/22030"}],"wp:attachment":[{"href":"https:\/\/www.nogometnizaotroke.com\/cs\/wp-json\/wp\/v2\/media?parent=22028"}],"wp:term":[{"taxonomy":"product_brand","embeddable":true,"href":"https:\/\/www.nogometnizaotroke.com\/cs\/wp-json\/wp\/v2\/product_brand?post=22028"},{"taxonomy":"product_cat","embeddable":true,"href":"https:\/\/www.nogometnizaotroke.com\/cs\/wp-json\/wp\/v2\/product_cat?post=22028"},{"taxonomy":"product_tag","embeddable":true,"href":"https:\/\/www.nogometnizaotroke.com\/cs\/wp-json\/wp\/v2\/product_tag?post=22028"}],"curies":[{"name":"wp","href":"https:\/\/api.w.org\/{rel}","templated":true}]}}