{"id":21997,"date":"2024-12-15T03:48:44","date_gmt":"2024-12-15T03:48:44","guid":{"rendered":"https:\/\/www.nogometnionline.com\/?post_type=product&#038;p=21997"},"modified":"2024-12-15T03:48:47","modified_gmt":"2024-12-15T03:48:47","slug":"otroski-nogometni-dresi-kompleti-za-otroke-ac-milan-gostujoci-2024-25-bela-ismael-bennacer-4","status":"publish","type":"product","link":"https:\/\/www.nogometnizaotroke.com\/cs\/product\/otroski-nogometni-dresi-kompleti-za-otroke-ac-milan-gostujoci-2024-25-bela-ismael-bennacer-4\/","title":{"rendered":"D\u011btsk\u00e9 fotbalov\u00e9 dresy D\u011btsk\u00e9 soupravy AC Milan Away 2024-25 white Ismael Bennacer 4"},"content":{"rendered":"<p>B\u00edl\u00e9 venkovn\u00ed tri\u010dko je navr\u017eeno v klasick\u00fdch barv\u00e1ch AC Mil\u00e1n a m\u00e1 zcela nov\u00fd vzhled pro sez\u00f3nu 24\/25. B\u00edl\u00fd dres m\u00e1 decentn\u00ed grafiku se svisl\u00fdmi pruhy. Kolem l\u00edmce a man\u017eet ruk\u00e1v\u016f se nach\u00e1z\u00ed \u010derven\u00e9 a \u010dern\u00e9 lemov\u00e1n\u00ed, design dopl\u0148uj\u00ed \u010dern\u00e1 loga. Na dresu je silikonov\u00fd potisk s odznakem AC Mil\u00e1n a dv\u011b tepeln\u011b aplikovan\u00e1 loga sponzor\u016f.<\/p>\n<p>Jedn\u00e1 se o venkovn\u00ed tri\u010dko s kr\u00e1tk\u00fdm ruk\u00e1vem a \u017eebrovan\u00fdm polo l\u00edmcem, kter\u00e9 se skv\u011ble hod\u00ed na z\u00e1pasy AC Mil\u00e1n i na ka\u017ed\u00fd den. Tento dres je k dispozici ve velikostech pro dosp\u011bl\u00e9 S-2XL a je ve standardn\u00edm proveden\u00ed pro optim\u00e1ln\u00ed pohodl\u00ed na h\u0159i\u0161ti i mimo n\u011bj. Tento dres je vyroben z lehk\u00e9ho polyesteru, je prody\u0161n\u00fd a obsahuje charakteristickou technologii Duracell pro odvod potu, kter\u00e1 v\u00e1s udr\u017e\u00ed v chladu a suchu.<\/p>\n<p>Tipy pro pono\u017eky: tri\u010dko standardn\u011b neobsahuje pono\u017eky. Pokud chcete pono\u017eky, vyberte mo\u017enosti pono\u017eek a zapla\u0165te za n\u011b.<\/p>\n<p>Tip pro tisk: Pokud jsou jm\u00e9no a \u010d\u00edslo na obr\u00e1zku p\u0159esn\u011b takov\u00e9, jak\u00e9 chcete, nemus\u00edte je zad\u00e1vat znovu. Pokud tomu tak nen\u00ed, zadejte po\u017eadovan\u00e9 jm\u00e9no a \u010d\u00edslo.<\/p>\n<p>Tip na pran\u00ed: Fotbalov\u00e9 dresy se doporu\u010duje pr\u00e1t v ruce. Pokud chcete pou\u017e\u00edt pra\u010dku, nezapome\u0148te dres oto\u010dit a pot\u00e9 vyprat. A pra\u010dku napl\u0148te studenou vodou a pou\u017eijte \u0161etrn\u00fd prac\u00ed cyklus, abyste v\u00edce chr\u00e1nili barvy.<\/p>","protected":false},"excerpt":{"rendered":"<p>Bela majica za goste je oblikovana v klasi\u010dni barvi za AC Milan s popolnoma novim videzom za sezono 24\/25. Beli dres ima subtilno grafiko z navpi\u010dnimi \u010drtami. Rde\u010da in \u010drna obroba sedi okoli ovratnika in man\u0161et rokavov, \u010drni logotipi pa dopolnjujejo dizajn. Na voljo sta silikonsko natisnjena zna\u010dka AC Milan in dva toplotno nanesena sponzorska [&hellip;]<\/p>","protected":false},"featured_media":21999,"comment_status":"open","ping_status":"closed","template":"","meta":[],"product_brand":[],"product_cat":[73,46],"product_tag":[1002,1560,1205,220,1003,159,1001,148,1204,147],"class_list":{"0":"post-21997","1":"product","2":"type-product","3":"status-publish","4":"has-post-thumbnail","6":"product_cat-otroski","7":"product_cat-nogometni-dresi-ac-milan","8":"product_tag-dresi-ac-milan-za-otroke","9":"product_tag-ismael-bennacer-dresi","10":"product_tag-nogometni-dresi-ac-milan-z-lastnim-imenom","11":"product_tag-nogometni-dresi-za-otroke","12":"product_tag-otroski-dresi-ac-milan-z-lastnim-imenom","13":"product_tag-otroski-nogometni-dresi","14":"product_tag-otroski-nogometni-dresi-ac-milan","15":"product_tag-poceni-nogometni-dresi","16":"product_tag-poceni-nogometni-dresi-ac-milan","17":"product_tag-slovenski-nogometni-dresi","19":"first","20":"instock","21":"shipping-taxable","22":"purchasable","23":"product-type-variable"},"_links":{"self":[{"href":"https:\/\/www.nogometnizaotroke.com\/cs\/wp-json\/wp\/v2\/product\/21997","targetHints":{"allow":["GET"]}}],"collection":[{"href":"https:\/\/www.nogometnizaotroke.com\/cs\/wp-json\/wp\/v2\/product"}],"about":[{"href":"https:\/\/www.nogometnizaotroke.com\/cs\/wp-json\/wp\/v2\/types\/product"}],"replies":[{"embeddable":true,"href":"https:\/\/www.nogometnizaotroke.com\/cs\/wp-json\/wp\/v2\/comments?post=21997"}],"wp:featuredmedia":[{"embeddable":true,"href":"https:\/\/www.nogometnizaotroke.com\/cs\/wp-json\/wp\/v2\/media\/21999"}],"wp:attachment":[{"href":"https:\/\/www.nogometnizaotroke.com\/cs\/wp-json\/wp\/v2\/media?parent=21997"}],"wp:term":[{"taxonomy":"product_brand","embeddable":true,"href":"https:\/\/www.nogometnizaotroke.com\/cs\/wp-json\/wp\/v2\/product_brand?post=21997"},{"taxonomy":"product_cat","embeddable":true,"href":"https:\/\/www.nogometnizaotroke.com\/cs\/wp-json\/wp\/v2\/product_cat?post=21997"},{"taxonomy":"product_tag","embeddable":true,"href":"https:\/\/www.nogometnizaotroke.com\/cs\/wp-json\/wp\/v2\/product_tag?post=21997"}],"curies":[{"name":"wp","href":"https:\/\/api.w.org\/{rel}","templated":true}]}}