{"id":21834,"date":"2024-12-12T07:53:32","date_gmt":"2024-12-12T07:53:32","guid":{"rendered":"https:\/\/www.nogometnionline.com\/?post_type=product&#038;p=21834"},"modified":"2024-12-12T07:53:35","modified_gmt":"2024-12-12T07:53:35","slug":"otroski-nogometni-dresi-kompleti-za-otroke-ac-milan-tretji-2024-25-alvaro-morata-7","status":"publish","type":"product","link":"https:\/\/www.nogometnizaotroke.com\/cs\/product\/otroski-nogometni-dresi-kompleti-za-otroke-ac-milan-tretji-2024-25-alvaro-morata-7\/","title":{"rendered":"D\u011btsk\u00e9 fotbalov\u00e9 dresy Soupravy pro d\u011bti AC Milan Third 2024-25 Alvaro Morata 7"},"content":{"rendered":"<p>Nov\u00fd t\u0159et\u00ed dres A.C. 2024-25 Mil\u00e1n kombinuje hlavn\u00ed \u0161edou barvu s m\u00e1tov\u011b zelen\u00fdmi akcenty. Ofici\u00e1ln\u00ed barvy jsou \"Shadow Grey\/Fresh Mint\". \u0161ed\u00fd mil\u00e1nsk\u00fd dres p\u0159ipom\u00edn\u00e1 p\u0159esn\u011b 20 let od doby, kdy Mil\u00e1n naposledy obl\u00e9kl t\u0159et\u00ed dres v \u0161ed\u00e9 barv\u011b v sez\u00f3n\u011b 2003-04. Mil\u00e1nsk\u00fd znak, l\u00edmec a man\u017eety jsou v barv\u011b fresh mint. Detaily na sponzorech a p\u0159edn\u00edm l\u00edmci jsou v\u0161ak sv\u011btle r\u016f\u017eovo\u0161ed\u00e9.<\/p>\n<p>Tipy pro pono\u017eky: tri\u010dko standardn\u011b neobsahuje pono\u017eky. Pokud chcete pono\u017eky, vyberte mo\u017enosti pono\u017eek a zapla\u0165te za n\u011b.<\/p>\n<p>Tip pro tisk: Pokud jsou jm\u00e9no a \u010d\u00edslo na obr\u00e1zku p\u0159esn\u011b takov\u00e9, jak\u00e9 chcete, nemus\u00edte je zad\u00e1vat znovu. Pokud tomu tak nen\u00ed, zadejte po\u017eadovan\u00e9 jm\u00e9no a \u010d\u00edslo.<\/p>\n<p>Tip na pran\u00ed: Fotbalov\u00e9 dresy se doporu\u010duje pr\u00e1t v ruce. Pokud chcete pou\u017e\u00edt pra\u010dku, nezapome\u0148te dres oto\u010dit a pot\u00e9 vyprat. A pra\u010dku napl\u0148te studenou vodou a pou\u017eijte \u0161etrn\u00fd prac\u00ed cyklus, abyste v\u00edce chr\u00e1nili barvy.<\/p>","protected":false},"excerpt":{"rendered":"<p>Novi tretji dres A.C. 2024-25 Milan zdru\u017euje glavno sivo barvo z mint zelenimi poudarki. Uradne barve so \u201cShadow Gray\/Fresh Mint\u201d.Sivi dres Milan zaznamuje to\u010dno 20 let, odkar je Milan zadnji\u010d nosil sivi tretji dres v sezoni 2003-04.Milan grb, ovratnik in man\u0161ete so v sve\u017ei meti. Vendar pa so podrobnosti na sponzorjih in sprednjem ovratniku svetlo [&hellip;]<\/p>","protected":false},"featured_media":21837,"comment_status":"open","ping_status":"closed","template":"","meta":[],"product_brand":[],"product_cat":[73,46],"product_tag":[935,1002,1205,220,1003,159,1001,148,1204,147],"class_list":{"0":"post-21834","1":"product","2":"type-product","3":"status-publish","4":"has-post-thumbnail","6":"product_cat-otroski","7":"product_cat-nogometni-dresi-ac-milan","8":"product_tag-alvaro-morata-dresi","9":"product_tag-dresi-ac-milan-za-otroke","10":"product_tag-nogometni-dresi-ac-milan-z-lastnim-imenom","11":"product_tag-nogometni-dresi-za-otroke","12":"product_tag-otroski-dresi-ac-milan-z-lastnim-imenom","13":"product_tag-otroski-nogometni-dresi","14":"product_tag-otroski-nogometni-dresi-ac-milan","15":"product_tag-poceni-nogometni-dresi","16":"product_tag-poceni-nogometni-dresi-ac-milan","17":"product_tag-slovenski-nogometni-dresi","19":"first","20":"instock","21":"shipping-taxable","22":"purchasable","23":"product-type-variable"},"_links":{"self":[{"href":"https:\/\/www.nogometnizaotroke.com\/cs\/wp-json\/wp\/v2\/product\/21834","targetHints":{"allow":["GET"]}}],"collection":[{"href":"https:\/\/www.nogometnizaotroke.com\/cs\/wp-json\/wp\/v2\/product"}],"about":[{"href":"https:\/\/www.nogometnizaotroke.com\/cs\/wp-json\/wp\/v2\/types\/product"}],"replies":[{"embeddable":true,"href":"https:\/\/www.nogometnizaotroke.com\/cs\/wp-json\/wp\/v2\/comments?post=21834"}],"wp:featuredmedia":[{"embeddable":true,"href":"https:\/\/www.nogometnizaotroke.com\/cs\/wp-json\/wp\/v2\/media\/21837"}],"wp:attachment":[{"href":"https:\/\/www.nogometnizaotroke.com\/cs\/wp-json\/wp\/v2\/media?parent=21834"}],"wp:term":[{"taxonomy":"product_brand","embeddable":true,"href":"https:\/\/www.nogometnizaotroke.com\/cs\/wp-json\/wp\/v2\/product_brand?post=21834"},{"taxonomy":"product_cat","embeddable":true,"href":"https:\/\/www.nogometnizaotroke.com\/cs\/wp-json\/wp\/v2\/product_cat?post=21834"},{"taxonomy":"product_tag","embeddable":true,"href":"https:\/\/www.nogometnizaotroke.com\/cs\/wp-json\/wp\/v2\/product_tag?post=21834"}],"curies":[{"name":"wp","href":"https:\/\/api.w.org\/{rel}","templated":true}]}}