{"id":21348,"date":"2024-12-05T08:10:53","date_gmt":"2024-12-05T08:10:53","guid":{"rendered":"https:\/\/www.nogometnionline.com\/?post_type=product&#038;p=21348"},"modified":"2024-12-05T08:10:55","modified_gmt":"2024-12-05T08:10:55","slug":"otroski-nogometni-dresi-za-otroke-tottenham-hotspur-domaci-2024-25-timo-werner-16","status":"publish","type":"product","link":"https:\/\/www.nogometnizaotroke.com\/cs\/product\/otroski-nogometni-dresi-za-otroke-tottenham-hotspur-domaci-2024-25-timo-werner-16\/","title":{"rendered":"D\u011btsk\u00e9 fotbalov\u00e9 dresy pro d\u011bti Tottenham Hotspur Home 2024-25 Timo Werner 16"},"content":{"rendered":"<p>Najcenej\u0161i dres Tottenham Hotspur 2024-2025 je izjemen \u2013 zdru\u017euje belo osnovo z veliko ve\u010d mornarice kot obi\u010dajno. Rokavi, stranski deli in ovratnik so mornarsko modri. Uradno so barve doma\u010dega dresa Tottenham Hotspur 24-25 \u201cbela\/dvojno modra\/dvojno modra\u201d. Man\u0161ete rokavov doma\u010de opreme Tottenham 24-25 so opremljene z mornarsko belimi robovi.<\/p>\n<p>Tipy pro pono\u017eky: tri\u010dko standardn\u011b neobsahuje pono\u017eky. Pokud chcete pono\u017eky, vyberte mo\u017enosti pono\u017eek a zapla\u0165te za n\u011b.<\/p>\n<p>Tip pro tisk: Pokud jsou jm\u00e9no a \u010d\u00edslo na obr\u00e1zku p\u0159esn\u011b takov\u00e9, jak\u00e9 chcete, nemus\u00edte je zad\u00e1vat znovu. Pokud tomu tak nen\u00ed, zadejte po\u017eadovan\u00e9 jm\u00e9no a \u010d\u00edslo.<\/p>\n<p>Tip na pran\u00ed: Fotbalov\u00e9 dresy se doporu\u010duje pr\u00e1t v ruce. Pokud chcete pou\u017e\u00edt pra\u010dku, nezapome\u0148te dres oto\u010dit a pot\u00e9 vyprat. A pra\u010dku napl\u0148te studenou vodou a pou\u017eijte \u0161etrn\u00fd prac\u00ed cyklus, abyste v\u00edce chr\u00e1nili barvy.<\/p>","protected":false},"excerpt":{"rendered":"<p>Najcenej\u0161i dres Tottenham Hotspur 2024-2025 je izjemen \u2013 zdru\u017euje belo osnovo z veliko ve\u010d mornarice kot obi\u010dajno. Rokavi, stranski deli in ovratnik so mornarsko modri. Uradno so barve doma\u010dega dresa Tottenham Hotspur 24-25 \u201cbela\/dvojno modra\/dvojno modra\u201d. Man\u0161ete rokavov doma\u010de opreme Tottenham 24-25 so opremljene z mornarsko belimi robovi. Nasveti za nogavice: Majica ne vsebuje nogavic [&hellip;]<\/p>","protected":false},"featured_media":21350,"comment_status":"open","ping_status":"closed","template":"","meta":[],"product_brand":[],"product_cat":[73,42],"product_tag":[220,591,159,148,590,147,1536],"class_list":{"0":"post-21348","1":"product","2":"type-product","3":"status-publish","4":"has-post-thumbnail","6":"product_cat-otroski","7":"product_cat-nogometni-dresi-tottenham-hotspur","8":"product_tag-nogometni-dresi-za-otroke","9":"product_tag-otroski-dresi-tottenham-hotspur-z-lastnim-imenom","10":"product_tag-otroski-nogometni-dresi","11":"product_tag-poceni-nogometni-dresi","12":"product_tag-poceni-nogometni-dresi-tottenham-hotspurz-lastnim-imenom-online","13":"product_tag-slovenski-nogometni-dresi","14":"product_tag-timo-werner-dresi","16":"first","17":"instock","18":"shipping-taxable","19":"purchasable","20":"product-type-variable"},"_links":{"self":[{"href":"https:\/\/www.nogometnizaotroke.com\/cs\/wp-json\/wp\/v2\/product\/21348","targetHints":{"allow":["GET"]}}],"collection":[{"href":"https:\/\/www.nogometnizaotroke.com\/cs\/wp-json\/wp\/v2\/product"}],"about":[{"href":"https:\/\/www.nogometnizaotroke.com\/cs\/wp-json\/wp\/v2\/types\/product"}],"replies":[{"embeddable":true,"href":"https:\/\/www.nogometnizaotroke.com\/cs\/wp-json\/wp\/v2\/comments?post=21348"}],"wp:featuredmedia":[{"embeddable":true,"href":"https:\/\/www.nogometnizaotroke.com\/cs\/wp-json\/wp\/v2\/media\/21350"}],"wp:attachment":[{"href":"https:\/\/www.nogometnizaotroke.com\/cs\/wp-json\/wp\/v2\/media?parent=21348"}],"wp:term":[{"taxonomy":"product_brand","embeddable":true,"href":"https:\/\/www.nogometnizaotroke.com\/cs\/wp-json\/wp\/v2\/product_brand?post=21348"},{"taxonomy":"product_cat","embeddable":true,"href":"https:\/\/www.nogometnizaotroke.com\/cs\/wp-json\/wp\/v2\/product_cat?post=21348"},{"taxonomy":"product_tag","embeddable":true,"href":"https:\/\/www.nogometnizaotroke.com\/cs\/wp-json\/wp\/v2\/product_tag?post=21348"}],"curies":[{"name":"wp","href":"https:\/\/api.w.org\/{rel}","templated":true}]}}