{"id":21327,"date":"2024-12-05T07:42:37","date_gmt":"2024-12-05T07:42:37","guid":{"rendered":"https:\/\/www.nogometnionline.com\/?post_type=product&#038;p=21327"},"modified":"2024-12-16T08:58:14","modified_gmt":"2024-12-16T08:58:14","slug":"otroski-nogometni-dresi-kompleti-za-otroke-inter-miami-cf-gostujoci-2024-2025-luis-suarez-9","status":"publish","type":"product","link":"https:\/\/www.nogometnizaotroke.com\/cs\/product\/otroski-nogometni-dresi-kompleti-za-otroke-inter-miami-cf-gostujoci-2024-2025-luis-suarez-9\/","title":{"rendered":"D\u011btsk\u00e9 fotbalov\u00e9 dresy Soupravy pro d\u011bti Inter Miami CF Away 2024 2025 Luis Suarez 9"},"content":{"rendered":"<p>Ta gostujo\u010di dres Inter Miami CF 2024 2025, ki ga je navdihnila ble\u0161\u010de\u010da mestna obala, o\u010dara z roza detajli in valovito grafiko. Ustvarjen za udobje nogometnih navija\u010dev, zdru\u017euje gladko tkanino in AEROREADY, ki odvaja vlago. Oznaka na vratu prikazuje aspiracijski moto ekipe \u201cSvoboda sanjam\u201d. Ta izdelek je narejen iz 100 % recikliranih materialov.<\/p>\n<p>Tipy pro pono\u017eky: tri\u010dko standardn\u011b neobsahuje pono\u017eky. Pokud chcete pono\u017eky, vyberte mo\u017enosti pono\u017eek a zapla\u0165te za n\u011b.<\/p>\n<p>Tip pro tisk: Pokud jsou jm\u00e9no a \u010d\u00edslo na obr\u00e1zku p\u0159esn\u011b takov\u00e9, jak\u00e9 chcete, nemus\u00edte je zad\u00e1vat znovu. Pokud tomu tak nen\u00ed, zadejte po\u017eadovan\u00e9 jm\u00e9no a \u010d\u00edslo.<\/p>\n<p>Tip na pran\u00ed: Fotbalov\u00e9 dresy se doporu\u010duje pr\u00e1t v ruce. Pokud chcete pou\u017e\u00edt pra\u010dku, nezapome\u0148te dres oto\u010dit a pot\u00e9 vyprat. A pra\u010dku napl\u0148te studenou vodou a pou\u017eijte \u0161etrn\u00fd prac\u00ed cyklus, abyste v\u00edce chr\u00e1nili barvy.<\/p>","protected":false},"excerpt":{"rendered":"<p>Ta gostujo\u010di dres Inter Miami CF 2024 2025, ki ga je navdihnila ble\u0161\u010de\u010da mestna obala, o\u010dara z roza detajli in valovito grafiko. Ustvarjen za udobje nogometnih navija\u010dev, zdru\u017euje gladko tkanino in AEROREADY, ki odvaja vlago. Oznaka na vratu prikazuje aspiracijski moto ekipe \u201cSvoboda sanjam\u201d. Ta izdelek je narejen iz 100 % recikliranih materialov. Nasveti za [&hellip;]<\/p>","protected":false},"featured_media":21330,"comment_status":"open","ping_status":"closed","template":"","meta":[],"product_brand":[],"product_cat":[353,73],"product_tag":[1383,346,1534,153,1085,1384,1382,148,1084,348,147],"class_list":{"0":"post-21327","1":"product","2":"type-product","3":"status-publish","4":"has-post-thumbnail","6":"product_cat-nogometni-dresi-inter-miami","7":"product_cat-otroski","8":"product_tag-dresi-inter-miami-za-otroke","9":"product_tag-inter-miami-dres","10":"product_tag-luis-suarez-dresi","11":"product_tag-nogometni-dresi","12":"product_tag-nogometni-dresi-inter-miami-z-lastnim-imenom","13":"product_tag-otroski-dresi-inter-miami-z-lastnim-imenom","14":"product_tag-otroski-nogometni-dresi-inter-miami","15":"product_tag-poceni-nogometni-dresi","16":"product_tag-poceni-nogometni-dresi-inter-miami","17":"product_tag-poceni-nogometni-dresi-inter-miami-z-lastnim-imenom-online","18":"product_tag-slovenski-nogometni-dresi","20":"first","21":"instock","22":"shipping-taxable","23":"purchasable","24":"product-type-variable"},"_links":{"self":[{"href":"https:\/\/www.nogometnizaotroke.com\/cs\/wp-json\/wp\/v2\/product\/21327","targetHints":{"allow":["GET"]}}],"collection":[{"href":"https:\/\/www.nogometnizaotroke.com\/cs\/wp-json\/wp\/v2\/product"}],"about":[{"href":"https:\/\/www.nogometnizaotroke.com\/cs\/wp-json\/wp\/v2\/types\/product"}],"replies":[{"embeddable":true,"href":"https:\/\/www.nogometnizaotroke.com\/cs\/wp-json\/wp\/v2\/comments?post=21327"}],"wp:featuredmedia":[{"embeddable":true,"href":"https:\/\/www.nogometnizaotroke.com\/cs\/wp-json\/wp\/v2\/media\/21330"}],"wp:attachment":[{"href":"https:\/\/www.nogometnizaotroke.com\/cs\/wp-json\/wp\/v2\/media?parent=21327"}],"wp:term":[{"taxonomy":"product_brand","embeddable":true,"href":"https:\/\/www.nogometnizaotroke.com\/cs\/wp-json\/wp\/v2\/product_brand?post=21327"},{"taxonomy":"product_cat","embeddable":true,"href":"https:\/\/www.nogometnizaotroke.com\/cs\/wp-json\/wp\/v2\/product_cat?post=21327"},{"taxonomy":"product_tag","embeddable":true,"href":"https:\/\/www.nogometnizaotroke.com\/cs\/wp-json\/wp\/v2\/product_tag?post=21327"}],"curies":[{"name":"wp","href":"https:\/\/api.w.org\/{rel}","templated":true}]}}