{"id":20932,"date":"2024-11-27T07:14:05","date_gmt":"2024-11-27T07:14:05","guid":{"rendered":"https:\/\/www.nogometnionline.com\/?post_type=product&#038;p=20932"},"modified":"2024-11-27T07:14:07","modified_gmt":"2024-11-27T07:14:07","slug":"poceni-nogometni-dresi-kompleti-francija-domaci-ep-2024-ousmane-dembele-11","status":"publish","type":"product","link":"https:\/\/www.nogometnizaotroke.com\/cs\/product\/poceni-nogometni-dresi-kompleti-francija-domaci-ep-2024-ousmane-dembele-11\/","title":{"rendered":"Levn\u00e9 fotbalov\u00e9 dresy Soupravy Francie Dom\u00e1c\u00ed EP 2024 Ousmane Dembele 11"},"content":{"rendered":"<p>Francouzsk\u00fd n\u00e1rodn\u00ed t\u00fdm Dom\u00e1c\u00ed dres EM 2024 m\u00e1 klasick\u00fd, ale elegantn\u00ed design. Je p\u0159ev\u00e1\u017en\u011b \"sv\u011btle modr\u00fd\", co\u017e je odklon od barevn\u00e9ho sch\u00e9matu n\u00e1mo\u0159nictva z roku 2022. S t\u00edmto modr\u00fdm odst\u00ednem se kombinuje \"univerzitn\u00ed \u010derven\u00e1\" a b\u00edl\u00e1.<br \/>\nNa dresu Francie 2024 je nejv\u00fdrazn\u011bj\u0161\u00ed znak. Zna\u010dka Swoosh p\u0159edstavila nov\u00e9 klasick\u00e9 barevn\u00e9 proveden\u00ed slavn\u00e9ho loga FFF. Znak m\u00e1 nav\u00edc ob\u0159\u00ed rozm\u011bry. L\u00edmec m\u00e1 trumpetu a unik\u00e1tn\u00ed odsazenou v\u00e9\u010dkovou konstrukci.<\/p>\n<p>Tipy pro pono\u017eky: tri\u010dko standardn\u011b neobsahuje pono\u017eky. Pokud chcete pono\u017eky, vyberte mo\u017enosti pono\u017eek a zapla\u0165te za n\u011b.<\/p>\n<p>Tip pro tisk: Pokud jsou jm\u00e9no a \u010d\u00edslo na obr\u00e1zku p\u0159esn\u011b takov\u00e9, jak\u00e9 chcete, nemus\u00edte je zad\u00e1vat znovu. Pokud tomu tak nen\u00ed, zadejte po\u017eadovan\u00e9 jm\u00e9no a \u010d\u00edslo.<\/p>\n<p>Tip na pran\u00ed: Fotbalov\u00e9 dresy se doporu\u010duje pr\u00e1t v ruce. Pokud chcete pou\u017e\u00edt pra\u010dku, nezapome\u0148te dres oto\u010dit a pot\u00e9 vyprat. A pra\u010dku napl\u0148te studenou vodou a pou\u017eijte \u0161etrn\u00fd prac\u00ed cyklus, abyste v\u00edce chr\u00e1nili barvy.<\/p>","protected":false},"excerpt":{"rendered":"<p>Francija Reprezentance Doma\u010di EM 2024 dresi ima klasi\u010den, a eleganten dizajn. V glavnem je \u201csvetlo modra\u201d, ki se odmika od mornarske barvne sheme leta 2022. V kombinaciji s tem modrim odtenkom sta \u201cuniverzitetna rde\u010da\u201d in bela. Kar je najbolj presenetljivo pri dresu Francije 2024, je grb. Swoosh se je za\u010del novo klasi\u010dno barvno shemo slavnega [&hellip;]<\/p>","protected":false},"featured_media":20934,"comment_status":"open","ping_status":"closed","template":"","meta":[],"product_brand":[],"product_cat":[778,140,76],"product_tag":[786,150,153,1284,148,147],"class_list":{"0":"post-20932","1":"product","2":"type-product","3":"status-publish","4":"has-post-thumbnail","6":"product_cat-euro-2024","7":"product_cat-moski","8":"product_cat-dresi-francija-reprezentance","9":"product_tag-francija-euro-2024-dresi","10":"product_tag-moski-nogometni-dresi","11":"product_tag-nogometni-dresi","12":"product_tag-ousmane-dembele-dresi","13":"product_tag-poceni-nogometni-dresi","14":"product_tag-slovenski-nogometni-dresi","16":"first","17":"instock","18":"shipping-taxable","19":"purchasable","20":"product-type-variable"},"_links":{"self":[{"href":"https:\/\/www.nogometnizaotroke.com\/cs\/wp-json\/wp\/v2\/product\/20932","targetHints":{"allow":["GET"]}}],"collection":[{"href":"https:\/\/www.nogometnizaotroke.com\/cs\/wp-json\/wp\/v2\/product"}],"about":[{"href":"https:\/\/www.nogometnizaotroke.com\/cs\/wp-json\/wp\/v2\/types\/product"}],"replies":[{"embeddable":true,"href":"https:\/\/www.nogometnizaotroke.com\/cs\/wp-json\/wp\/v2\/comments?post=20932"}],"wp:featuredmedia":[{"embeddable":true,"href":"https:\/\/www.nogometnizaotroke.com\/cs\/wp-json\/wp\/v2\/media\/20934"}],"wp:attachment":[{"href":"https:\/\/www.nogometnizaotroke.com\/cs\/wp-json\/wp\/v2\/media?parent=20932"}],"wp:term":[{"taxonomy":"product_brand","embeddable":true,"href":"https:\/\/www.nogometnizaotroke.com\/cs\/wp-json\/wp\/v2\/product_brand?post=20932"},{"taxonomy":"product_cat","embeddable":true,"href":"https:\/\/www.nogometnizaotroke.com\/cs\/wp-json\/wp\/v2\/product_cat?post=20932"},{"taxonomy":"product_tag","embeddable":true,"href":"https:\/\/www.nogometnizaotroke.com\/cs\/wp-json\/wp\/v2\/product_tag?post=20932"}],"curies":[{"name":"wp","href":"https:\/\/api.w.org\/{rel}","templated":true}]}}