{"id":20900,"date":"2024-11-27T03:14:53","date_gmt":"2024-11-27T03:14:53","guid":{"rendered":"https:\/\/www.nogometnionline.com\/?post_type=product&#038;p=20900"},"modified":"2024-11-27T03:14:55","modified_gmt":"2024-11-27T03:14:55","slug":"poceni-nogometni-dresi-kompleti-francija-gostujoci-ep-2024-z-lastnim-imenom-online","status":"publish","type":"product","link":"https:\/\/www.nogometnizaotroke.com\/cs\/product\/poceni-nogometni-dresi-kompleti-francija-gostujoci-ep-2024-z-lastnim-imenom-online\/","title":{"rendered":"Levn\u00e9 fotbalov\u00e9 dresy Francie Hosting EP 2024 s vlastn\u00edm jm\u00e9nem online"},"content":{"rendered":"<p>V\u00fdjezdn\u00ed dres Francie pro Euro 2024 kombinuje b\u00edl\u00fd z\u00e1klad s kr\u00e1lovskou mod\u0159\u00ed. Nejpozoruhodn\u011bj\u0161\u00ed je tvar spl\u00fdvav\u00fdch pruh\u016f - p\u0159ech\u00e1z\u00ed z modr\u00e9 (prav\u00e1 strana) do \u010derven\u00e9 (lev\u00e1 strana). venkovn\u00ed dres Francie 2024 pro mistrovstv\u00ed Evropy m\u00e1 modr\u00fd l\u00edmec a modr\u00e9 man\u017eety na ruk\u00e1vech. na p\u0159edn\u00ed stran\u011b vynik\u00e1 obrovsk\u00fd, pln\u011b barevn\u00fd francouzsk\u00fd erb, kter\u00fd byl pro Euro 2024 diskutov\u00e1n a m\u016f\u017ee b\u00fdt pou\u017eit i po turnaji.<\/p>\n<p>Tipy pro pono\u017eky: tri\u010dko standardn\u011b neobsahuje pono\u017eky. Pokud chcete pono\u017eky, vyberte mo\u017enosti pono\u017eek a zapla\u0165te za n\u011b.<\/p>\n<p>Tip pro tisk: Pokud jsou jm\u00e9no a \u010d\u00edslo na obr\u00e1zku p\u0159esn\u011b takov\u00e9, jak\u00e9 chcete, nemus\u00edte je zad\u00e1vat znovu. Pokud tomu tak nen\u00ed, zadejte po\u017eadovan\u00e9 jm\u00e9no a \u010d\u00edslo.<\/p>\n<p>Tip na pran\u00ed: Fotbalov\u00e9 dresy se doporu\u010duje pr\u00e1t v ruce. Pokud chcete pou\u017e\u00edt pra\u010dku, nezapome\u0148te dres oto\u010dit a pot\u00e9 vyprat. A pra\u010dku napl\u0148te studenou vodou a pou\u017eijte \u0161etrn\u00fd prac\u00ed cyklus, abyste v\u00edce chr\u00e1nili barvy.<\/p>","protected":false},"excerpt":{"rendered":"<p>Gostujo\u010di dres Francija Euro 2024 zdru\u017euje belo osnovo s kraljevsko modro barvo. Oblika prelivajo\u010dih se \u010drt je najbolj izjemna \u2013 gre od modre (desna stran) do rde\u010de (leva stran).Gostujo\u010di komplet za evropsko prvenstvo v Francija 2024 ima moder ovratnik in modre man\u0161ete na rokavih.Kar izstopa na sprednji strani, je ogromen, popolnoma obarvan francoski grb, ki [&hellip;]<\/p>","protected":false},"featured_media":20902,"comment_status":"open","ping_status":"closed","template":"","meta":[],"product_brand":[],"product_cat":[778,140,76],"product_tag":[786,150,153,148,147],"class_list":{"0":"post-20900","1":"product","2":"type-product","3":"status-publish","4":"has-post-thumbnail","6":"product_cat-euro-2024","7":"product_cat-moski","8":"product_cat-dresi-francija-reprezentance","9":"product_tag-francija-euro-2024-dresi","10":"product_tag-moski-nogometni-dresi","11":"product_tag-nogometni-dresi","12":"product_tag-poceni-nogometni-dresi","13":"product_tag-slovenski-nogometni-dresi","15":"first","16":"instock","17":"shipping-taxable","18":"purchasable","19":"product-type-variable"},"_links":{"self":[{"href":"https:\/\/www.nogometnizaotroke.com\/cs\/wp-json\/wp\/v2\/product\/20900","targetHints":{"allow":["GET"]}}],"collection":[{"href":"https:\/\/www.nogometnizaotroke.com\/cs\/wp-json\/wp\/v2\/product"}],"about":[{"href":"https:\/\/www.nogometnizaotroke.com\/cs\/wp-json\/wp\/v2\/types\/product"}],"replies":[{"embeddable":true,"href":"https:\/\/www.nogometnizaotroke.com\/cs\/wp-json\/wp\/v2\/comments?post=20900"}],"wp:featuredmedia":[{"embeddable":true,"href":"https:\/\/www.nogometnizaotroke.com\/cs\/wp-json\/wp\/v2\/media\/20902"}],"wp:attachment":[{"href":"https:\/\/www.nogometnizaotroke.com\/cs\/wp-json\/wp\/v2\/media?parent=20900"}],"wp:term":[{"taxonomy":"product_brand","embeddable":true,"href":"https:\/\/www.nogometnizaotroke.com\/cs\/wp-json\/wp\/v2\/product_brand?post=20900"},{"taxonomy":"product_cat","embeddable":true,"href":"https:\/\/www.nogometnizaotroke.com\/cs\/wp-json\/wp\/v2\/product_cat?post=20900"},{"taxonomy":"product_tag","embeddable":true,"href":"https:\/\/www.nogometnizaotroke.com\/cs\/wp-json\/wp\/v2\/product_tag?post=20900"}],"curies":[{"name":"wp","href":"https:\/\/api.w.org\/{rel}","templated":true}]}}