{"id":20785,"date":"2024-11-25T05:57:52","date_gmt":"2024-11-25T05:57:52","guid":{"rendered":"https:\/\/www.nogometnionline.com\/?post_type=product&#038;p=20785"},"modified":"2024-11-25T05:57:55","modified_gmt":"2024-11-25T05:57:55","slug":"otroski-nogometni-dresi-kompleti-fc-bayern-munich-tretji-2024-25-konrad-laimer-27","status":"publish","type":"product","link":"https:\/\/www.nogometnizaotroke.com\/cs\/product\/otroski-nogometni-dresi-kompleti-fc-bayern-munich-tretji-2024-25-konrad-laimer-27\/","title":{"rendered":"D\u011btsk\u00e9 fotbalov\u00e9 dresy Soupravy FC Bayern Munich Third 2024-25 Konrad Laimer 27"},"content":{"rendered":"<p>T\u0159et\u00ed dres FC Bayern Mnichov 2024-25 m\u00e1 jedine\u010dn\u00fd styl, kter\u00fd kombinuje ironick\u00e9 \u010derven\u00e9 a b\u00edl\u00e9 barvy klubu s jemnou diamantovou grafikou. Krom\u011b ironick\u00e9ho trojl\u00edstku se na dresu vrac\u00ed klasick\u00fd klubov\u00fd odznak ze 70. let, kter\u00fd oslavuje zlat\u00e1 l\u00e9ta v historii klubu. Souprava dost\u00e1v\u00e1 posledn\u00ed dotek, ploch\u00fd pleten\u00fd polo l\u00edmec se znakem FCB na zadn\u00ed stran\u011b krku.<\/p>\n<p>Tipy pro pono\u017eky: tri\u010dko standardn\u011b neobsahuje pono\u017eky. Pokud chcete pono\u017eky, vyberte mo\u017enosti pono\u017eek a zapla\u0165te za n\u011b.<\/p>\n<p>Tip pro tisk: Pokud jsou jm\u00e9no a \u010d\u00edslo na obr\u00e1zku p\u0159esn\u011b takov\u00e9, jak\u00e9 chcete, nemus\u00edte je zad\u00e1vat znovu. Pokud tomu tak nen\u00ed, zadejte po\u017eadovan\u00e9 jm\u00e9no a \u010d\u00edslo.<\/p>\n<p>Tip na pran\u00ed: Fotbalov\u00e9 dresy se doporu\u010duje pr\u00e1t v ruce. Pokud chcete pou\u017e\u00edt pra\u010dku, nezapome\u0148te dres oto\u010dit a pot\u00e9 vyprat. A pra\u010dku napl\u0148te studenou vodou a pou\u017eijte \u0161etrn\u00fd prac\u00ed cyklus, abyste v\u00edce chr\u00e1nili barvy.<\/p>","protected":false},"excerpt":{"rendered":"<p>FC Bayern Munich Tretji 2024-25 dresi ima neprimerljiv slog, ki zdru\u017euje ironi\u010dne rde\u010de in bele barve kluba preko subtilne diamantne grafike. Poleg ironi\u010dnega trilistnima je na dresu vrnjena klasi\u010dna klubska zna\u010dka iz sedemdesetih let prej\u0161njega stoletja, ki slavi zlata leta v zgodovini kluba. Komplet dobi \u0161e zadnji dotik, ravno pleten polo ovratnik z oznako FCB [&hellip;]<\/p>","protected":false},"featured_media":20787,"comment_status":"open","ping_status":"closed","template":"","meta":[],"product_brand":[],"product_cat":[73,40],"product_tag":[881,1512,153,882,159,560,148,374,315,147],"class_list":{"0":"post-20785","1":"product","2":"type-product","3":"status-publish","4":"has-post-thumbnail","6":"product_cat-otroski","7":"product_cat-nogometni-dresi-bayern-munich","8":"product_tag-dresi-bayern-munich-za-otroski","9":"product_tag-konrad-laimer-dresi","10":"product_tag-nogometni-dresi","11":"product_tag-nogometni-dresi-bayern-munich-za-otroski-z-lastnim-tiskom","12":"product_tag-otroski-nogometni-dresi","13":"product_tag-otroski-nogometni-dresi-bayern-munich-z-lastnim-imenom","14":"product_tag-poceni-nogometni-dresi","15":"product_tag-poceni-nogometni-dresi-bayern-munich-z-lastnim-imenom-online","16":"product_tag-poceni-otroski-nogometni-dresi-bayern-munich-z-lastnim-imenom","17":"product_tag-slovenski-nogometni-dresi","19":"first","20":"instock","21":"shipping-taxable","22":"purchasable","23":"product-type-variable"},"_links":{"self":[{"href":"https:\/\/www.nogometnizaotroke.com\/cs\/wp-json\/wp\/v2\/product\/20785","targetHints":{"allow":["GET"]}}],"collection":[{"href":"https:\/\/www.nogometnizaotroke.com\/cs\/wp-json\/wp\/v2\/product"}],"about":[{"href":"https:\/\/www.nogometnizaotroke.com\/cs\/wp-json\/wp\/v2\/types\/product"}],"replies":[{"embeddable":true,"href":"https:\/\/www.nogometnizaotroke.com\/cs\/wp-json\/wp\/v2\/comments?post=20785"}],"wp:featuredmedia":[{"embeddable":true,"href":"https:\/\/www.nogometnizaotroke.com\/cs\/wp-json\/wp\/v2\/media\/20787"}],"wp:attachment":[{"href":"https:\/\/www.nogometnizaotroke.com\/cs\/wp-json\/wp\/v2\/media?parent=20785"}],"wp:term":[{"taxonomy":"product_brand","embeddable":true,"href":"https:\/\/www.nogometnizaotroke.com\/cs\/wp-json\/wp\/v2\/product_brand?post=20785"},{"taxonomy":"product_cat","embeddable":true,"href":"https:\/\/www.nogometnizaotroke.com\/cs\/wp-json\/wp\/v2\/product_cat?post=20785"},{"taxonomy":"product_tag","embeddable":true,"href":"https:\/\/www.nogometnizaotroke.com\/cs\/wp-json\/wp\/v2\/product_tag?post=20785"}],"curies":[{"name":"wp","href":"https:\/\/api.w.org\/{rel}","templated":true}]}}