{"id":20726,"date":"2024-11-24T08:38:49","date_gmt":"2024-11-24T08:38:49","guid":{"rendered":"https:\/\/www.nogometnionline.com\/?post_type=product&#038;p=20726"},"modified":"2025-03-11T02:28:07","modified_gmt":"2025-03-11T02:28:07","slug":"otroski-nogometni-dresi-kompleti-fc-bayern-munich-gostujoci-2024-25-leon-goretzka-8","status":"publish","type":"product","link":"https:\/\/www.nogometnizaotroke.com\/cs\/product\/otroski-nogometni-dresi-kompleti-fc-bayern-munich-gostujoci-2024-25-leon-goretzka-8\/","title":{"rendered":"Otro\u0161ki Nogometni Dresi Kompleti za otroke Manchester United Vratar Tretji 2024-25 Andre Onana 24"},"content":{"rendered":"<p>V\u00fdjezdn\u00ed dresy Bayernu Mnichov 2024-25 jsou inspirov\u00e1ny sochou \"Bavaria\", kter\u00e1 zt\u011bles\u0148uje s\u00edlu domovsk\u00e9 zem\u011b klubu a stoj\u00ed uprost\u0159ed mnichovsk\u00e9ho n\u00e1m\u011bst\u00ed Theresienwiese. Dres obsahuje modr\u00e9 a zelen\u00e9 svitky na elegantn\u00edm \u010dern\u00e9m pozad\u00ed, kter\u00e9 odr\u00e1\u017eej\u00ed barevn\u00e9 t\u00f3ny viditeln\u00e9 na povrchu sochy; na detailech je pou\u017eita bronzov\u00e1 barva ozna\u010den\u00e1 jako Glimmers of 'Bavaria' se slavn\u00fdm n\u00e1pisem \"Mia San Mia\" na horn\u00ed stran\u011b zadn\u00ed strany.<\/p>\n<p>Tipy pro pono\u017eky: tri\u010dko standardn\u011b neobsahuje pono\u017eky. Pokud chcete pono\u017eky, vyberte mo\u017enosti pono\u017eek a zapla\u0165te za n\u011b.<\/p>\n<p>Tip pro tisk: Pokud jsou jm\u00e9no a \u010d\u00edslo na obr\u00e1zku p\u0159esn\u011b takov\u00e9, jak\u00e9 chcete, nemus\u00edte je zad\u00e1vat znovu. Pokud tomu tak nen\u00ed, zadejte po\u017eadovan\u00e9 jm\u00e9no a \u010d\u00edslo.<\/p>\n<p>Tip na pran\u00ed: Fotbalov\u00e9 dresy se doporu\u010duje pr\u00e1t v ruce. Pokud chcete pou\u017e\u00edt pra\u010dku, nezapome\u0148te dres oto\u010dit a pot\u00e9 vyprat. A pra\u010dku napl\u0148te studenou vodou a pou\u017eijte \u0161etrn\u00fd prac\u00ed cyklus, abyste v\u00edce chr\u00e1nili barvy.<\/p>","protected":false},"excerpt":{"rendered":"<p>Gostujo\u010di dresi Bayern Munich 2024\u201325 je navdihnil kip \u2018Bavarske\u2019, ki pooseblja mo\u010d domovine kluba in stoji v sredi\u0161\u010du Theresienwiese v M\u00fcnchnu. Jersey vklju\u010duje modre in zelene vijuge na elegantni \u010drni podlagi, ki odseva barvne odtenke, vidne na povr\u0161ini kipa; podrobnosti uporabljajo bronasto barvo, ozna\u010deno kot Glimmers of \u2018Bavaria\u2019 z znamenitim \u2018Mia San Mia\u2019 na zgornji [&hellip;]<\/p>","protected":false},"featured_media":23821,"comment_status":"open","ping_status":"closed","template":"","meta":[],"product_brand":[],"product_cat":[73,40],"product_tag":[1169,153,1718,1682,457,994,1680,1683,147],"class_list":{"0":"post-20726","1":"product","2":"type-product","3":"status-publish","4":"has-post-thumbnail","6":"product_cat-otroski","7":"product_cat-nogometni-dresi-bayern-munich","8":"product_tag-andre-onana-dresi","9":"product_tag-nogometni-dresi","10":"product_tag-nogometni-dresi-manchester-united-za-otroke","11":"product_tag-nogometni-dresi-trgovina","12":"product_tag-otroski-dresi-manchester-united-z-lastnim-imenom","13":"product_tag-otroski-nogometni-dresi-manchester-united","14":"product_tag-poceni-nogometni-dresi-kompleti","15":"product_tag-poceni-nogometni-dresi-za-otroke","16":"product_tag-slovenski-nogometni-dresi","18":"first","19":"instock","20":"shipping-taxable","21":"purchasable","22":"product-type-variable"},"_links":{"self":[{"href":"https:\/\/www.nogometnizaotroke.com\/cs\/wp-json\/wp\/v2\/product\/20726","targetHints":{"allow":["GET"]}}],"collection":[{"href":"https:\/\/www.nogometnizaotroke.com\/cs\/wp-json\/wp\/v2\/product"}],"about":[{"href":"https:\/\/www.nogometnizaotroke.com\/cs\/wp-json\/wp\/v2\/types\/product"}],"replies":[{"embeddable":true,"href":"https:\/\/www.nogometnizaotroke.com\/cs\/wp-json\/wp\/v2\/comments?post=20726"}],"wp:featuredmedia":[{"embeddable":true,"href":"https:\/\/www.nogometnizaotroke.com\/cs\/wp-json\/wp\/v2\/media\/23821"}],"wp:attachment":[{"href":"https:\/\/www.nogometnizaotroke.com\/cs\/wp-json\/wp\/v2\/media?parent=20726"}],"wp:term":[{"taxonomy":"product_brand","embeddable":true,"href":"https:\/\/www.nogometnizaotroke.com\/cs\/wp-json\/wp\/v2\/product_brand?post=20726"},{"taxonomy":"product_cat","embeddable":true,"href":"https:\/\/www.nogometnizaotroke.com\/cs\/wp-json\/wp\/v2\/product_cat?post=20726"},{"taxonomy":"product_tag","embeddable":true,"href":"https:\/\/www.nogometnizaotroke.com\/cs\/wp-json\/wp\/v2\/product_tag?post=20726"}],"curies":[{"name":"wp","href":"https:\/\/api.w.org\/{rel}","templated":true}]}}