{"id":20481,"date":"2024-11-20T02:28:50","date_gmt":"2024-11-20T02:28:50","guid":{"rendered":"https:\/\/www.nogometnionline.com\/?post_type=product&#038;p=20481"},"modified":"2025-04-16T08:28:13","modified_gmt":"2025-04-16T08:28:13","slug":"otroski-nogometni-dresi-kompleti-za-otroke-atletico-madrid-gostujoci-2024-25-axel-witsel-20","status":"publish","type":"product","link":"https:\/\/www.nogometnizaotroke.com\/cs\/product\/otroski-nogometni-dresi-kompleti-za-otroke-atletico-madrid-gostujoci-2024-25-axel-witsel-20\/","title":{"rendered":"Prodajo Retro Nogometni dresi Barcelona Doma\u010di 2015-16 Kratek Rokav"},"content":{"rendered":"<p>Navdih za oblikovalske izhodi\u0161\u010da gostujo\u010di dres Atl\u00e9tico Madrid 2024\/25 je ikoni\u010dni Neptunov vodnjak, cenjeno zbirali\u0161\u010de navija\u010dev Atletica, ki proslavljajo zmagoslavje svoje ekipe. Ta izbira teme je povezana z bogato zgodovino kluba, \u0161e posebej obuja spomine na pomembno sezono 1995\/96, ko je Atl\u00e9tico dosegel impresiven doma\u010di dvojni zmagovalec.Notranjost ovratnika ima osupljiv rde\u010d trizob, zna\u010dilno Neptunovo oro\u017eje, natisnjen kot skriti emblem.<\/p>\n<p>Tipy pro pono\u017eky: tri\u010dko standardn\u011b neobsahuje pono\u017eky. Pokud chcete pono\u017eky, vyberte mo\u017enosti pono\u017eek a zapla\u0165te za n\u011b.<\/p>\n<p>Tip pro tisk: Pokud jsou jm\u00e9no a \u010d\u00edslo na obr\u00e1zku p\u0159esn\u011b takov\u00e9, jak\u00e9 chcete, nemus\u00edte je zad\u00e1vat znovu. Pokud tomu tak nen\u00ed, zadejte po\u017eadovan\u00e9 jm\u00e9no a \u010d\u00edslo.<\/p>\n<p>Tip na pran\u00ed: Fotbalov\u00e9 dresy se doporu\u010duje pr\u00e1t v ruce. Pokud chcete pou\u017e\u00edt pra\u010dku, nezapome\u0148te dres oto\u010dit a pot\u00e9 vyprat. A pra\u010dku napl\u0148te studenou vodou a pou\u017eijte \u0161etrn\u00fd prac\u00ed cyklus, abyste v\u00edce chr\u00e1nili barvy.<\/p>","protected":false},"excerpt":{"rendered":"<p>Navdih za oblikovalske izhodi\u0161\u010da gostujo\u010di dres Atl\u00e9tico Madrid 2024\/25 je ikoni\u010dni Neptunov vodnjak, cenjeno zbirali\u0161\u010de navija\u010dev Atletica, ki proslavljajo zmagoslavje svoje ekipe. Ta izbira teme je povezana z bogato zgodovino kluba, \u0161e posebej obuja spomine na pomembno sezono 1995\/96, ko je Atl\u00e9tico dosegel impresiven doma\u010di dvojni zmagovalec.Notranjost ovratnika ima osupljiv rde\u010d trizob, zna\u010dilno Neptunovo oro\u017eje, [&hellip;]<\/p>","protected":false},"featured_media":23815,"comment_status":"open","ping_status":"closed","template":"","meta":[],"product_brand":[],"product_cat":[140,34],"product_tag":[287,150,1697,153,1698,1682,1691,147],"class_list":{"0":"post-20481","1":"product","2":"type-product","3":"status-publish","4":"has-post-thumbnail","6":"product_cat-moski","7":"product_cat-nogometni-dresi-barcelona","8":"product_tag-moski-dresi-barcelona-z-lastnim-imenom","9":"product_tag-moski-nogometni-dresi","10":"product_tag-moski-nogometni-dresi-barcelona","11":"product_tag-nogometni-dresi","12":"product_tag-nogometni-dresi-barcelona-za-moski","13":"product_tag-nogometni-dresi-trgovina","14":"product_tag-poceni-nogometni-dresi-za-moski","15":"product_tag-slovenski-nogometni-dresi","17":"first","18":"instock","19":"shipping-taxable","20":"purchasable","21":"product-type-variable"},"_links":{"self":[{"href":"https:\/\/www.nogometnizaotroke.com\/cs\/wp-json\/wp\/v2\/product\/20481","targetHints":{"allow":["GET"]}}],"collection":[{"href":"https:\/\/www.nogometnizaotroke.com\/cs\/wp-json\/wp\/v2\/product"}],"about":[{"href":"https:\/\/www.nogometnizaotroke.com\/cs\/wp-json\/wp\/v2\/types\/product"}],"replies":[{"embeddable":true,"href":"https:\/\/www.nogometnizaotroke.com\/cs\/wp-json\/wp\/v2\/comments?post=20481"}],"wp:featuredmedia":[{"embeddable":true,"href":"https:\/\/www.nogometnizaotroke.com\/cs\/wp-json\/wp\/v2\/media\/23815"}],"wp:attachment":[{"href":"https:\/\/www.nogometnizaotroke.com\/cs\/wp-json\/wp\/v2\/media?parent=20481"}],"wp:term":[{"taxonomy":"product_brand","embeddable":true,"href":"https:\/\/www.nogometnizaotroke.com\/cs\/wp-json\/wp\/v2\/product_brand?post=20481"},{"taxonomy":"product_cat","embeddable":true,"href":"https:\/\/www.nogometnizaotroke.com\/cs\/wp-json\/wp\/v2\/product_cat?post=20481"},{"taxonomy":"product_tag","embeddable":true,"href":"https:\/\/www.nogometnizaotroke.com\/cs\/wp-json\/wp\/v2\/product_tag?post=20481"}],"curies":[{"name":"wp","href":"https:\/\/api.w.org\/{rel}","templated":true}]}}