{"id":20419,"date":"2024-11-19T02:43:42","date_gmt":"2024-11-19T02:43:42","guid":{"rendered":"https:\/\/www.nogometnionline.com\/?post_type=product&#038;p=20419"},"modified":"2024-11-19T02:43:45","modified_gmt":"2024-11-19T02:43:45","slug":"otroski-nogometni-dresi-kompleti-za-otroke-atletico-madrid-domaci-2024-25-robin-le-normand-24","status":"publish","type":"product","link":"https:\/\/www.nogometnizaotroke.com\/cs\/product\/otroski-nogometni-dresi-kompleti-za-otroke-atletico-madrid-domaci-2024-25-robin-le-normand-24\/","title":{"rendered":"D\u011btsk\u00e9 fotbalov\u00e9 dresy D\u011btsk\u00e9 soupravy Atletico Madrid Home 2024-25 Robin Le Normand 24"},"content":{"rendered":"<p>Novi nogometni dres Atl\u00e9tico de Madrid 2024-25 ima edinstven pogled na klasi\u010dne rde\u010de-bele \u010drte kluba. Dres Atl\u00e9tico Madrid 24-25 je ve\u010dinoma rde\u010d z edinstvenimi belimi \u010drtami in modro obrobo na zunanji strani. Znotraj \u010drt se izmenjujejo modre in rde\u010de \u010drte z u\u010dinkom bledenja, ki ustvarjajo edinstven videz.<\/p>\n<p>Majica za doma\u010di nogomet Atleti Madrid dres 24-2025 ima kraljevsko moder logotip z belim robom. Ikoni\u010dni logotip Atl\u00e9tica se vrne na doma\u010di dres Atl\u00e9tico Madrid 24-25, potem ko so \u010dlani glasovali za vrnitev. Ima tudi rumeno obrobo starega grebena.<\/p>\n<p>Tipy pro pono\u017eky: tri\u010dko standardn\u011b neobsahuje pono\u017eky. Pokud chcete pono\u017eky, vyberte mo\u017enosti pono\u017eek a zapla\u0165te za n\u011b.<\/p>\n<p>Tip pro tisk: Pokud jsou jm\u00e9no a \u010d\u00edslo na obr\u00e1zku p\u0159esn\u011b takov\u00e9, jak\u00e9 chcete, nemus\u00edte je zad\u00e1vat znovu. Pokud tomu tak nen\u00ed, zadejte po\u017eadovan\u00e9 jm\u00e9no a \u010d\u00edslo.<\/p>\n<p>Tip na pran\u00ed: Fotbalov\u00e9 dresy se doporu\u010duje pr\u00e1t v ruce. Pokud chcete pou\u017e\u00edt pra\u010dku, nezapome\u0148te dres oto\u010dit a pot\u00e9 vyprat. A pra\u010dku napl\u0148te studenou vodou a pou\u017eijte \u0161etrn\u00fd prac\u00ed cyklus, abyste v\u00edce chr\u00e1nili barvy.<\/p>","protected":false},"excerpt":{"rendered":"<p>Novi nogometni dres Atl\u00e9tico de Madrid 2024-25 ima edinstven pogled na klasi\u010dne rde\u010de-bele \u010drte kluba. Dres Atl\u00e9tico Madrid 24-25 je ve\u010dinoma rde\u010d z edinstvenimi belimi \u010drtami in modro obrobo na zunanji strani. Znotraj \u010drt se izmenjujejo modre in rde\u010de \u010drte z u\u010dinkom bledenja, ki ustvarjajo edinstven videz. Majica za doma\u010di nogomet Atleti Madrid dres 24-2025 [&hellip;]<\/p>","protected":false},"featured_media":20421,"comment_status":"open","ping_status":"closed","template":"","meta":[],"product_brand":[],"product_cat":[73,41],"product_tag":[999,153,220,1000,159,998,148,1502,147],"class_list":{"0":"post-20419","1":"product","2":"type-product","3":"status-publish","4":"has-post-thumbnail","6":"product_cat-otroski","7":"product_cat-nogometni-dresi-atletico-madrid","8":"product_tag-dresi-atletico-madrid-za-otroke","9":"product_tag-nogometni-dresi","10":"product_tag-nogometni-dresi-za-otroke","11":"product_tag-otroski-dresi-atletico-madrid-z-lastnim-imenom","12":"product_tag-otroski-nogometni-dresi","13":"product_tag-otroski-nogometni-dresi-atletico-madrid","14":"product_tag-poceni-nogometni-dresi","15":"product_tag-robin-le-normand-dresi","16":"product_tag-slovenski-nogometni-dresi","18":"first","19":"instock","20":"shipping-taxable","21":"purchasable","22":"product-type-variable"},"_links":{"self":[{"href":"https:\/\/www.nogometnizaotroke.com\/cs\/wp-json\/wp\/v2\/product\/20419","targetHints":{"allow":["GET"]}}],"collection":[{"href":"https:\/\/www.nogometnizaotroke.com\/cs\/wp-json\/wp\/v2\/product"}],"about":[{"href":"https:\/\/www.nogometnizaotroke.com\/cs\/wp-json\/wp\/v2\/types\/product"}],"replies":[{"embeddable":true,"href":"https:\/\/www.nogometnizaotroke.com\/cs\/wp-json\/wp\/v2\/comments?post=20419"}],"wp:featuredmedia":[{"embeddable":true,"href":"https:\/\/www.nogometnizaotroke.com\/cs\/wp-json\/wp\/v2\/media\/20421"}],"wp:attachment":[{"href":"https:\/\/www.nogometnizaotroke.com\/cs\/wp-json\/wp\/v2\/media?parent=20419"}],"wp:term":[{"taxonomy":"product_brand","embeddable":true,"href":"https:\/\/www.nogometnizaotroke.com\/cs\/wp-json\/wp\/v2\/product_brand?post=20419"},{"taxonomy":"product_cat","embeddable":true,"href":"https:\/\/www.nogometnizaotroke.com\/cs\/wp-json\/wp\/v2\/product_cat?post=20419"},{"taxonomy":"product_tag","embeddable":true,"href":"https:\/\/www.nogometnizaotroke.com\/cs\/wp-json\/wp\/v2\/product_tag?post=20419"}],"curies":[{"name":"wp","href":"https:\/\/api.w.org\/{rel}","templated":true}]}}