{"id":20369,"date":"2024-11-18T09:27:06","date_gmt":"2024-11-18T09:27:06","guid":{"rendered":"https:\/\/www.nogometnionline.com\/?post_type=product&#038;p=20369"},"modified":"2024-11-18T09:27:08","modified_gmt":"2024-11-18T09:27:08","slug":"otroski-nogometni-dresi-za-otroke-paris-saint-germain-psg-gostujoci-2024-25-achraf-hakimi-2","status":"publish","type":"product","link":"https:\/\/www.nogometnizaotroke.com\/cs\/product\/otroski-nogometni-dresi-za-otroke-paris-saint-germain-psg-gostujoci-2024-25-achraf-hakimi-2\/","title":{"rendered":"D\u011btsk\u00e9 fotbalov\u00e9 dresy pro d\u011bti Paris Saint-Germain PSG Away 2024-25 Achraf Hakimi 2"},"content":{"rendered":"<p>Design venkovn\u00edho dresu PSG 2024\/25 \u010derp\u00e1 inspiraci z popul\u00e1rn\u00edho dresu z 90. let 20. stolet\u00ed a vyzna\u010duje se dv\u011bma v\u00fdrazn\u00fdmi \u010derven\u00fdmi a modr\u00fdmi pruhy na ost\u0159e b\u00edl\u00e9m pozad\u00ed.Toto barevn\u00e9 sch\u00e9ma chyt\u0159e evokuje ikonickou siluetu Eiffelovy v\u011b\u017ee a dokonale spojuje pa\u0159\u00ed\u017esk\u00e9 pam\u00e1tky s fotbalovou m\u00f3dou. Na\u010dasov\u00e1n\u00ed tohoto ozn\u00e1men\u00ed je obzvl\u00e1\u0161t\u011b v\u00fdznamn\u00e9, proto\u017ee se shoduje s p\u0159\u00edpravami Pa\u0159\u00ed\u017ee na po\u0159\u00e1d\u00e1n\u00ed olympijsk\u00fdch her v roce 2024.<\/p>\n<p>Tipy pro pono\u017eky: tri\u010dko standardn\u011b neobsahuje pono\u017eky. Pokud chcete pono\u017eky, vyberte mo\u017enosti pono\u017eek a zapla\u0165te za n\u011b.<\/p>\n<p>Tip pro tisk: Pokud jsou jm\u00e9no a \u010d\u00edslo na obr\u00e1zku p\u0159esn\u011b takov\u00e9, jak\u00e9 chcete, nemus\u00edte je zad\u00e1vat znovu. Pokud tomu tak nen\u00ed, zadejte po\u017eadovan\u00e9 jm\u00e9no a \u010d\u00edslo.<\/p>\n<p>Tip na pran\u00ed: Fotbalov\u00e9 dresy se doporu\u010duje pr\u00e1t v ruce. Pokud chcete pou\u017e\u00edt pra\u010dku, nezapome\u0148te dres oto\u010dit a pot\u00e9 vyprat. A pra\u010dku napl\u0148te studenou vodou a pou\u017eijte \u0161etrn\u00fd prac\u00ed cyklus, abyste v\u00edce chr\u00e1nili barvy.<\/p>","protected":false},"excerpt":{"rendered":"<p>Dizajn Gostujo\u010di dresi PSG 2024\/25 \u010drpa navdih iz priljubljenega dresa iz devetdesetih let prej\u0161njega stoletja, ki vsebuje dve drzni rde\u010di in modri \u010drti na ostrem belem ozadju.Ta barvna shema spretno spominja na ikoni\u010dno silhueto Eifflovega stolpa in brezhibno zdru\u017euje pari\u0161ke znamenitosti z nogometno modo. \u010cas te objave je \u0161e posebej pomemben, saj sovpada s pripravami [&hellip;]<\/p>","protected":false},"featured_media":20371,"comment_status":"open","ping_status":"closed","template":"","meta":[],"product_brand":[],"product_cat":[73,37],"product_tag":[1191,153,159,155,148,149,273,753],"class_list":{"0":"post-20369","1":"product","2":"type-product","3":"status-publish","4":"has-post-thumbnail","6":"product_cat-otroski","7":"product_cat-nogometni-dresi-psg","8":"product_tag-achraf-hakimi-dresi","9":"product_tag-nogometni-dresi","10":"product_tag-otroski-nogometni-dresi","11":"product_tag-paris-saint-germain-psg-dres","12":"product_tag-poceni-nogometni-dresi","13":"product_tag-poceni-nogometni-dresi-psg-z-lastnim-imenom-online","14":"product_tag-poceni-otroski-nogometni-dresi-psg-z-lastnim-imenom","15":"product_tag-psg-dresi-2024","17":"first","18":"instock","19":"shipping-taxable","20":"purchasable","21":"product-type-variable"},"_links":{"self":[{"href":"https:\/\/www.nogometnizaotroke.com\/cs\/wp-json\/wp\/v2\/product\/20369","targetHints":{"allow":["GET"]}}],"collection":[{"href":"https:\/\/www.nogometnizaotroke.com\/cs\/wp-json\/wp\/v2\/product"}],"about":[{"href":"https:\/\/www.nogometnizaotroke.com\/cs\/wp-json\/wp\/v2\/types\/product"}],"replies":[{"embeddable":true,"href":"https:\/\/www.nogometnizaotroke.com\/cs\/wp-json\/wp\/v2\/comments?post=20369"}],"wp:featuredmedia":[{"embeddable":true,"href":"https:\/\/www.nogometnizaotroke.com\/cs\/wp-json\/wp\/v2\/media\/20371"}],"wp:attachment":[{"href":"https:\/\/www.nogometnizaotroke.com\/cs\/wp-json\/wp\/v2\/media?parent=20369"}],"wp:term":[{"taxonomy":"product_brand","embeddable":true,"href":"https:\/\/www.nogometnizaotroke.com\/cs\/wp-json\/wp\/v2\/product_brand?post=20369"},{"taxonomy":"product_cat","embeddable":true,"href":"https:\/\/www.nogometnizaotroke.com\/cs\/wp-json\/wp\/v2\/product_cat?post=20369"},{"taxonomy":"product_tag","embeddable":true,"href":"https:\/\/www.nogometnizaotroke.com\/cs\/wp-json\/wp\/v2\/product_tag?post=20369"}],"curies":[{"name":"wp","href":"https:\/\/api.w.org\/{rel}","templated":true}]}}