{"id":20089,"date":"2024-11-14T09:14:08","date_gmt":"2024-11-14T09:14:08","guid":{"rendered":"https:\/\/www.nogometnionline.com\/?post_type=product&#038;p=20089"},"modified":"2024-11-14T09:14:14","modified_gmt":"2024-11-14T09:14:14","slug":"otroski-nogometni-dresi-kompleti-za-otroke-inter-milan-gostujoci-2024-25-henrikh-mkhitaryan-22","status":"publish","type":"product","link":"https:\/\/www.nogometnizaotroke.com\/cs\/product\/otroski-nogometni-dresi-kompleti-za-otroke-inter-milan-gostujoci-2024-25-henrikh-mkhitaryan-22\/","title":{"rendered":"Otro\u0161ki Nogometni Dresi Kompleti za otroke Inter Milan Gostujo\u010di 2024-25 Henrikh Mkhitaryan 22"},"content":{"rendered":"<p>Novi dizajn Inter Milan 2024\/25 Gostujo\u010di dresi prevladuje sve\u017ea bela podlaga, ki simbolizira utele\u0161enje milanskega sloga in elegance. To neokrnjeno platno je premi\u0161ljeno poudarjeno s subtilnimi sivimi toni, barvo, ki je globoko zakoreninjena v DNK Interja, ki krasi ramena, prsi in rokave.V sredi\u0161\u010du nogometni dresi 2024 2025 je identiteta milanskega Vinterja ponosno prikazana z vrnitvijo motiva ribarnice. Klubska zna\u010dka z monogramom in dve zvezdi, ki predstavljata zdaj \u017ee dvajset Sudetov, sta na vidnem mestu nad srcem in stalen opomnik na slavno zgodovino ekipe. Dodatek klasi\u010dnega ovratnika dizajnu srajce vzbuja ob\u010dutek nostalgije in obuja spomine na ne\u0161teto nepozabnih trenutkov v nogometni zgodovini.<\/p>\n<p>Tipy pro pono\u017eky: tri\u010dko standardn\u011b neobsahuje pono\u017eky. Pokud chcete pono\u017eky, vyberte mo\u017enosti pono\u017eek a zapla\u0165te za n\u011b.<\/p>\n<p>Tip pro tisk: Pokud jsou jm\u00e9no a \u010d\u00edslo na obr\u00e1zku p\u0159esn\u011b takov\u00e9, jak\u00e9 chcete, nemus\u00edte je zad\u00e1vat znovu. Pokud tomu tak nen\u00ed, zadejte po\u017eadovan\u00e9 jm\u00e9no a \u010d\u00edslo.<\/p>\n<p>Tip na pran\u00ed: Fotbalov\u00e9 dresy se doporu\u010duje pr\u00e1t v ruce. Pokud chcete pou\u017e\u00edt pra\u010dku, nezapome\u0148te dres oto\u010dit a pot\u00e9 vyprat. A pra\u010dku napl\u0148te studenou vodou a pou\u017eijte \u0161etrn\u00fd prac\u00ed cyklus, abyste v\u00edce chr\u00e1nili barvy.<\/p>","protected":false},"excerpt":{"rendered":"<p>Novi dizajn Inter Milan 2024\/25 Gostujo\u010di dresi prevladuje sve\u017ea bela podlaga, ki simbolizira utele\u0161enje milanskega sloga in elegance. To neokrnjeno platno je premi\u0161ljeno poudarjeno s subtilnimi sivimi toni, barvo, ki je globoko zakoreninjena v DNK Interja, ki krasi ramena, prsi in rokave.V sredi\u0161\u010du nogometni dresi 2024 2025 je identiteta milanskega Vinterja ponosno prikazana z vrnitvijo [&hellip;]<\/p>","protected":false},"featured_media":20091,"comment_status":"open","ping_status":"closed","template":"","meta":[],"product_brand":[],"product_cat":[73,47],"product_tag":[1228,1479,153,480,479,1229,1227,148,197,147],"class_list":{"0":"post-20089","1":"product","2":"type-product","3":"status-publish","4":"has-post-thumbnail","6":"product_cat-otroski","7":"product_cat-nogometni-dresi-inter-milan","8":"product_tag-dresi-inter-milan-za-otroke","9":"product_tag-henrikh-mkhitaryan-dresi","10":"product_tag-nogometni-dresi","11":"product_tag-nogometni-dresi-inter-milan-prodaja","12":"product_tag-nogometni-dresi-inter-milan-z-lastnim-tiskom","13":"product_tag-otroski-dresi-inter-milan-z-lastnim-imenom","14":"product_tag-otroski-nogometni-dresi-inter-milan","15":"product_tag-poceni-nogometni-dresi","16":"product_tag-poceni-nogometni-dresi-inter-milan-z-lastnim-imenom-online","17":"product_tag-slovenski-nogometni-dresi","19":"first","20":"instock","21":"shipping-taxable","22":"purchasable","23":"product-type-variable"},"_links":{"self":[{"href":"https:\/\/www.nogometnizaotroke.com\/cs\/wp-json\/wp\/v2\/product\/20089","targetHints":{"allow":["GET"]}}],"collection":[{"href":"https:\/\/www.nogometnizaotroke.com\/cs\/wp-json\/wp\/v2\/product"}],"about":[{"href":"https:\/\/www.nogometnizaotroke.com\/cs\/wp-json\/wp\/v2\/types\/product"}],"replies":[{"embeddable":true,"href":"https:\/\/www.nogometnizaotroke.com\/cs\/wp-json\/wp\/v2\/comments?post=20089"}],"wp:featuredmedia":[{"embeddable":true,"href":"https:\/\/www.nogometnizaotroke.com\/cs\/wp-json\/wp\/v2\/media\/20091"}],"wp:attachment":[{"href":"https:\/\/www.nogometnizaotroke.com\/cs\/wp-json\/wp\/v2\/media?parent=20089"}],"wp:term":[{"taxonomy":"product_brand","embeddable":true,"href":"https:\/\/www.nogometnizaotroke.com\/cs\/wp-json\/wp\/v2\/product_brand?post=20089"},{"taxonomy":"product_cat","embeddable":true,"href":"https:\/\/www.nogometnizaotroke.com\/cs\/wp-json\/wp\/v2\/product_cat?post=20089"},{"taxonomy":"product_tag","embeddable":true,"href":"https:\/\/www.nogometnizaotroke.com\/cs\/wp-json\/wp\/v2\/product_tag?post=20089"}],"curies":[{"name":"wp","href":"https:\/\/api.w.org\/{rel}","templated":true}]}}