{"id":19924,"date":"2024-11-11T02:36:19","date_gmt":"2024-11-11T02:36:19","guid":{"rendered":"https:\/\/www.nogometnionline.com\/?post_type=product&#038;p=19924"},"modified":"2024-11-11T03:04:54","modified_gmt":"2024-11-11T03:04:54","slug":"otroski-nogometni-dresi-kompleti-za-otroke-ajax-tretji-2024-25-bela-z-lastnim-tiskom","status":"publish","type":"product","link":"https:\/\/www.nogometnizaotroke.com\/cs\/product\/otroski-nogometni-dresi-kompleti-za-otroke-ajax-tretji-2024-25-bela-z-lastnim-tiskom\/","title":{"rendered":"D\u011btsk\u00e9 fotbalov\u00e9 dresy D\u011btsk\u00e9 soupravy Ajax Third 2024-25 b\u00edl\u00e1 s vlastn\u00edm potiskem"},"content":{"rendered":"<p>Nov\u00fd t\u0159et\u00ed venkovn\u00ed dres AFC Ajax 2024-25 je p\u0159ev\u00e1\u017en\u011b \"Clear Grey\" v kombinaci s tmavou akcentn\u00ed barvou.Dal\u0161\u00edm kl\u00ed\u010dov\u00fdm designov\u00fdm prvkem nov\u00e9ho t\u0159et\u00edho venkovn\u00edho dresu Ajax 24-25 je samoz\u0159ejm\u011b jemn\u00fd geometrick\u00fd vzor na p\u0159edn\u00ed a zadn\u00ed stran\u011b. Vzor p\u0159edstavuje slavn\u00e9 t\u0159i k\u0159\u00ed\u017ee amsterdamsk\u00e9 vlajky. K\u0159\u00ed\u017e se v men\u0161\u00ed podob\u011b objevuje tak\u00e9 na horn\u00ed zadn\u00ed \u010d\u00e1sti dresu pod l\u00edmcem. t\u0159et\u00ed dres Ajax 24-25 m\u00e1 na p\u0159edn\u00ed stran\u011b geometrick\u00fd vzor inspirovan\u00fd architektonick\u00fdm stylem amsterdamsk\u00e9 \u0161koly. Architektonick\u00fd styl, kter\u00fd je k vid\u011bn\u00ed po cel\u00e9m m\u011bst\u011b a kter\u00fd se stejn\u011b jako Ajaxsk\u00e1 \u0161kola vyzna\u010duje pou\u017e\u00edv\u00e1n\u00edm v\u00fdrazn\u00fdch a n\u00e1padit\u00fdch tvar\u016f.<\/p>\n<p>Tipy pro pono\u017eky: tri\u010dko standardn\u011b neobsahuje pono\u017eky. Pokud chcete pono\u017eky, vyberte mo\u017enosti pono\u017eek a zapla\u0165te za n\u011b.<\/p>\n<p>Tip pro tisk: Pokud jsou jm\u00e9no a \u010d\u00edslo na obr\u00e1zku p\u0159esn\u011b takov\u00e9, jak\u00e9 chcete, nemus\u00edte je zad\u00e1vat znovu. Pokud tomu tak nen\u00ed, zadejte po\u017eadovan\u00e9 jm\u00e9no a \u010d\u00edslo.<\/p>\n<p>Tip na pran\u00ed: Fotbalov\u00e9 dresy se doporu\u010duje pr\u00e1t v ruce. Pokud chcete pou\u017e\u00edt pra\u010dku, nezapome\u0148te dres oto\u010dit a pot\u00e9 vyprat. A pra\u010dku napl\u0148te studenou vodou a pou\u017eijte \u0161etrn\u00fd prac\u00ed cyklus, abyste v\u00edce chr\u00e1nili barvy.<\/p>","protected":false},"excerpt":{"rendered":"<p>Nova tretji nogometni dresi majica AFC Ajax 2024-25 je prete\u017eno &#8220;Clear Grey&#8221; v kombinaciji s temno poudarjeno barvo.\u0160e en klju\u010dni oblikovni element novega dresa Ajax 24-25 za tretje gostovanje je seveda subtilen geometrijski vzorec na sprednji in zadnji strani. Na vzorcu so znameniti trije kri\u017ei amsterdamske zastave. Kri\u017e se v manj\u0161i obliki pojavlja tudi na [&hellip;]<\/p>","protected":false},"featured_media":19926,"comment_status":"open","ping_status":"closed","template":"","meta":[],"product_brand":[],"product_cat":[73,57],"product_tag":[1008,153,220,1009,159,1007,148,147],"class_list":{"0":"post-19924","1":"product","2":"type-product","3":"status-publish","4":"has-post-thumbnail","6":"product_cat-otroski","7":"product_cat-nogometni-dresi-ajax","8":"product_tag-dresi-ajax-za-otroke","9":"product_tag-nogometni-dresi","10":"product_tag-nogometni-dresi-za-otroke","11":"product_tag-otroski-dresi-ajax-z-lastnim-imenom","12":"product_tag-otroski-nogometni-dresi","13":"product_tag-otroski-nogometni-dresi-ajax","14":"product_tag-poceni-nogometni-dresi","15":"product_tag-slovenski-nogometni-dresi","17":"first","18":"instock","19":"shipping-taxable","20":"purchasable","21":"product-type-variable"},"_links":{"self":[{"href":"https:\/\/www.nogometnizaotroke.com\/cs\/wp-json\/wp\/v2\/product\/19924","targetHints":{"allow":["GET"]}}],"collection":[{"href":"https:\/\/www.nogometnizaotroke.com\/cs\/wp-json\/wp\/v2\/product"}],"about":[{"href":"https:\/\/www.nogometnizaotroke.com\/cs\/wp-json\/wp\/v2\/types\/product"}],"replies":[{"embeddable":true,"href":"https:\/\/www.nogometnizaotroke.com\/cs\/wp-json\/wp\/v2\/comments?post=19924"}],"wp:featuredmedia":[{"embeddable":true,"href":"https:\/\/www.nogometnizaotroke.com\/cs\/wp-json\/wp\/v2\/media\/19926"}],"wp:attachment":[{"href":"https:\/\/www.nogometnizaotroke.com\/cs\/wp-json\/wp\/v2\/media?parent=19924"}],"wp:term":[{"taxonomy":"product_brand","embeddable":true,"href":"https:\/\/www.nogometnizaotroke.com\/cs\/wp-json\/wp\/v2\/product_brand?post=19924"},{"taxonomy":"product_cat","embeddable":true,"href":"https:\/\/www.nogometnizaotroke.com\/cs\/wp-json\/wp\/v2\/product_cat?post=19924"},{"taxonomy":"product_tag","embeddable":true,"href":"https:\/\/www.nogometnizaotroke.com\/cs\/wp-json\/wp\/v2\/product_tag?post=19924"}],"curies":[{"name":"wp","href":"https:\/\/api.w.org\/{rel}","templated":true}]}}