{"id":19703,"date":"2024-11-07T09:05:04","date_gmt":"2024-11-07T09:05:04","guid":{"rendered":"https:\/\/www.nogometnionline.com\/?post_type=product&#038;p=19703"},"modified":"2024-11-07T09:05:07","modified_gmt":"2024-11-07T09:05:07","slug":"moski-nogometni-dresi-za-ekipe-tottenham-hotspur-gostujoci-2024-25-rodrigo-bentancur-30","status":"publish","type":"product","link":"https:\/\/www.nogometnizaotroke.com\/cs\/product\/moski-nogometni-dresi-za-ekipe-tottenham-hotspur-gostujoci-2024-25-rodrigo-bentancur-30\/","title":{"rendered":"P\u00e1nsk\u00e9 fotbalov\u00e9 dresy Tottenham Hotspur Away 2024-25 Rodrigo Bentancur 30"},"content":{"rendered":"<p>Tenhle je n\u00e1vratem do 80. let. Replikuj\u00edc\u00ed n\u011bkter\u00e9 z nejlep\u0161\u00edch a nejironi\u010dt\u011bj\u0161\u00edch souprav z po\u010d\u00e1tku 80. let, tento hostuj\u00edc\u00ed dres Tottenham Hotspur 2024-2025 je okam\u017eit\u00fdm v\u00edt\u011bzem s barevnou paletou a designovou \u0161ablonou, kter\u00e1 zachycuje p\u016fvab stylu a z\u00e1rove\u0148 se dr\u017e\u00ed p\u0159i zemi. Po\u010d\u00e1tek 80. let byl obdob\u00edm, kdy Tottenham p\u0159ijal jasn\u011b modrou barvu jako klubovou, kterou \u010dasto najdete na druh\u00e9m a t\u0159et\u00edm dresu, a tyto slavn\u00e9 soupravy obsahovaly pam\u00e1tn\u00fd sponzorsk\u00fd n\u00e1pis Bospor hrd\u011b um\u00edst\u011bn\u00fd na p\u0159edn\u00ed stran\u011b - ten z\u016fstal s klubem po v\u00edce ne\u017e deset let. Dva FA Cupy, Community Shield a v\u00edt\u011bzstv\u00ed v Evropsk\u00e9m poh\u00e1ru v letech 80-85 shrnuj\u00ed \u00fasp\u011b\u0161nou \u00e9ru a z\u016fst\u00e1vaj\u00ed v jasn\u011b modr\u00e9 barv\u011b, proto\u017ee Spurs cht\u011bj\u00ed tento \u00fasp\u011bch zopakovat i v t\u00e9to sez\u00f3n\u011b. V\u00fdjezdn\u00ed souprava Tottenham Hotspur 2024\/25 m\u00e1 elegantn\u00ed, modern\u00ed design s hlubok\u00fdm n\u00e1mo\u0159nick\u00fdm z\u00e1kladem zd\u016frazn\u011bn\u00fdm v\u00fdrazn\u00fdmi, \u017eiv\u00fdmi modr\u00fdmi a hn\u011bd\u00fdmi detaily. Dres m\u00e1 n\u00e1padn\u00fd vzor diagon\u00e1ln\u00edch pruh\u016f, kter\u00fd mu dod\u00e1v\u00e1 dynamick\u00fd a modern\u00ed n\u00e1dech.<\/p>\n<p>Tipy pro pono\u017eky: tri\u010dko standardn\u011b neobsahuje pono\u017eky. Pokud chcete pono\u017eky, vyberte mo\u017enosti pono\u017eek a zapla\u0165te za n\u011b.<\/p>\n<p>Tip pro tisk: Pokud jsou jm\u00e9no a \u010d\u00edslo na obr\u00e1zku p\u0159esn\u011b takov\u00e9, jak\u00e9 chcete, nemus\u00edte je zad\u00e1vat znovu. Pokud tomu tak nen\u00ed, zadejte po\u017eadovan\u00e9 jm\u00e9no a \u010d\u00edslo.<\/p>\n<p>Tip na pran\u00ed: Fotbalov\u00e9 dresy se doporu\u010duje pr\u00e1t v ruce. Pokud chcete pou\u017e\u00edt pra\u010dku, nezapome\u0148te dres oto\u010dit a pot\u00e9 vyprat. A pra\u010dku napl\u0148te studenou vodou a pou\u017eijte \u0161etrn\u00fd prac\u00ed cyklus, abyste v\u00edce chr\u00e1nili barvy.<\/p>","protected":false},"excerpt":{"rendered":"<p>Ta je vrnitev v 80. leta. Ta Nogometni dresi Tottenham Hotspur Gostujo\u010di 2024-2025, ki posnema nekatere izmed najbolj\u0161ih in najbolj ironi\u010dnih kompletov iz zgodnjih 80-ih, je takoj\u0161en zmagovalec z barvno paleto in oblikovno predlogo, ki ujame slogovni bli\u0161\u010d, hkrati pa ga ohranja nizko. Zgodnja 80. leta je obdobje, ko je Tottenham sprejel svetlo modro kot [&hellip;]<\/p>","protected":false},"featured_media":19705,"comment_status":"open","ping_status":"closed","template":"","meta":[],"product_brand":[],"product_cat":[140,42],"product_tag":[545,547,546,768,148,952,1424],"class_list":{"0":"post-19703","1":"product","2":"type-product","3":"status-publish","4":"has-post-thumbnail","6":"product_cat-moski","7":"product_cat-nogometni-dresi-tottenham-hotspur","8":"product_tag-nogometni-dresi-slovenija","9":"product_tag-nogometni-dresi-tottenham-hotspur-prodaja","10":"product_tag-nogometni-dresi-tottenham-hotspur-z-lastnim-tiskom","11":"product_tag-poceni-moski-nogometni-dresi","12":"product_tag-poceni-nogometni-dresi","13":"product_tag-poceni-nogometni-dresi-tottenham-hotspur","14":"product_tag-rodrigo-bentancur-dresi","16":"first","17":"instock","18":"shipping-taxable","19":"purchasable","20":"product-type-variable"},"_links":{"self":[{"href":"https:\/\/www.nogometnizaotroke.com\/cs\/wp-json\/wp\/v2\/product\/19703","targetHints":{"allow":["GET"]}}],"collection":[{"href":"https:\/\/www.nogometnizaotroke.com\/cs\/wp-json\/wp\/v2\/product"}],"about":[{"href":"https:\/\/www.nogometnizaotroke.com\/cs\/wp-json\/wp\/v2\/types\/product"}],"replies":[{"embeddable":true,"href":"https:\/\/www.nogometnizaotroke.com\/cs\/wp-json\/wp\/v2\/comments?post=19703"}],"wp:featuredmedia":[{"embeddable":true,"href":"https:\/\/www.nogometnizaotroke.com\/cs\/wp-json\/wp\/v2\/media\/19705"}],"wp:attachment":[{"href":"https:\/\/www.nogometnizaotroke.com\/cs\/wp-json\/wp\/v2\/media?parent=19703"}],"wp:term":[{"taxonomy":"product_brand","embeddable":true,"href":"https:\/\/www.nogometnizaotroke.com\/cs\/wp-json\/wp\/v2\/product_brand?post=19703"},{"taxonomy":"product_cat","embeddable":true,"href":"https:\/\/www.nogometnizaotroke.com\/cs\/wp-json\/wp\/v2\/product_cat?post=19703"},{"taxonomy":"product_tag","embeddable":true,"href":"https:\/\/www.nogometnizaotroke.com\/cs\/wp-json\/wp\/v2\/product_tag?post=19703"}],"curies":[{"name":"wp","href":"https:\/\/api.w.org\/{rel}","templated":true}]}}