{"id":19142,"date":"2024-10-29T09:22:18","date_gmt":"2024-10-29T09:22:18","guid":{"rendered":"https:\/\/www.nogometnionline.com\/?post_type=product&#038;p=19142"},"modified":"2024-10-29T09:22:23","modified_gmt":"2024-10-29T09:22:23","slug":"otroski-nogometni-dresi-kompleti-za-otroke-liverpool-gostujoci-2024-25-federico-chiesa-14","status":"publish","type":"product","link":"https:\/\/www.nogometnizaotroke.com\/cs\/product\/otroski-nogometni-dresi-kompleti-za-otroke-liverpool-gostujoci-2024-25-federico-chiesa-14\/","title":{"rendered":"D\u011btsk\u00e9 fotbalov\u00e9 dresy Soupravy pro d\u011bti Liverpool Away 2024-25 Federico Chiesa 14"},"content":{"rendered":"<p>Dizajn\u00a0gostujo\u010di dresi Liverpool FC 2024\/25 mojstrsko zdru\u017euje tradicijo s sodobnostjo in vklju\u010duje temno zeleno osnovo s poudarkom na antracitih, spranih Tea odtenkih in odtenkih jader. Ti kontrastni elementi so vidno prikazani na man\u0161etah in notranji oblogi nogometne majice in kratkih hla\u010d ter ustvarjajo vizualno privla\u010den in koheziven videz.<\/p>\n<p>Gostujo\u010di dres Liverpool FC 2024\/25 ima edinstven slog imena in \u0161tevilke, ki ga navdihujejo zgodovinski uli\u010dni znaki Liverpoola. Ta ustvarjalni pridih dodaja osebno povezavo med ekipo, mestom in bazo njegovih strastnih obo\u017eevalcev. Poleg tega je grafika kompleta natisnjena s \u010drnili na vodni osnovi, kar dokazuje zavezanost kluba k trajnosti, kar je v skladu z okolju prijaznimi praksami pri proizvodnji \u0161portnih obla\u010dil.<\/p>\n<p>Tipy pro pono\u017eky: tri\u010dko standardn\u011b neobsahuje pono\u017eky. Pokud chcete pono\u017eky, vyberte mo\u017enosti pono\u017eek a zapla\u0165te za n\u011b.<\/p>\n<p>Tip pro tisk: Pokud jsou jm\u00e9no a \u010d\u00edslo na obr\u00e1zku p\u0159esn\u011b takov\u00e9, jak\u00e9 chcete, nemus\u00edte je zad\u00e1vat znovu. Pokud tomu tak nen\u00ed, zadejte po\u017eadovan\u00e9 jm\u00e9no a \u010d\u00edslo.<\/p>\n<p>Tip na pran\u00ed: Fotbalov\u00e9 dresy se doporu\u010duje pr\u00e1t v ruce. Pokud chcete pou\u017e\u00edt pra\u010dku, nezapome\u0148te dres oto\u010dit a pot\u00e9 vyprat. A pra\u010dku napl\u0148te studenou vodou a pou\u017eijte \u0161etrn\u00fd prac\u00ed cyklus, abyste v\u00edce chr\u00e1nili barvy.<\/p>","protected":false},"excerpt":{"rendered":"<p>Dizajn\u00a0gostujo\u010di dresi Liverpool FC 2024\/25 mojstrsko zdru\u017euje tradicijo s sodobnostjo in vklju\u010duje temno zeleno osnovo s poudarkom na antracitih, spranih Tea odtenkih in odtenkih jader. Ti kontrastni elementi so vidno prikazani na man\u0161etah in notranji oblogi nogometne majice in kratkih hla\u010d ter ustvarjajo vizualno privla\u010den in koheziven videz. Gostujo\u010di dres Liverpool FC 2024\/25 ima edinstven [&hellip;]<\/p>","protected":false},"featured_media":19144,"comment_status":"open","ping_status":"closed","template":"","meta":[],"product_brand":[],"product_cat":[73,39],"product_tag":[876,837,1347,875,284,159,148,295,147],"class_list":{"0":"post-19142","1":"product","2":"type-product","3":"status-publish","4":"has-post-thumbnail","6":"product_cat-otroski","7":"product_cat-nogometni-dresi-liverpool","8":"product_tag-dresi-liverpool-za-otroski","9":"product_tag-dresi-za-nogomet","10":"product_tag-federico-chiesa-dresi","11":"product_tag-liverpool-dresi-2024","12":"product_tag-otroski-dresi-liverpool-z-lastnim-imenom","13":"product_tag-otroski-nogometni-dresi","14":"product_tag-poceni-nogometni-dresi","15":"product_tag-poceni-nogometni-dresi-liverpool-z-lastnim-imenom-online","16":"product_tag-slovenski-nogometni-dresi","18":"first","19":"instock","20":"shipping-taxable","21":"purchasable","22":"product-type-variable"},"_links":{"self":[{"href":"https:\/\/www.nogometnizaotroke.com\/cs\/wp-json\/wp\/v2\/product\/19142","targetHints":{"allow":["GET"]}}],"collection":[{"href":"https:\/\/www.nogometnizaotroke.com\/cs\/wp-json\/wp\/v2\/product"}],"about":[{"href":"https:\/\/www.nogometnizaotroke.com\/cs\/wp-json\/wp\/v2\/types\/product"}],"replies":[{"embeddable":true,"href":"https:\/\/www.nogometnizaotroke.com\/cs\/wp-json\/wp\/v2\/comments?post=19142"}],"wp:featuredmedia":[{"embeddable":true,"href":"https:\/\/www.nogometnizaotroke.com\/cs\/wp-json\/wp\/v2\/media\/19144"}],"wp:attachment":[{"href":"https:\/\/www.nogometnizaotroke.com\/cs\/wp-json\/wp\/v2\/media?parent=19142"}],"wp:term":[{"taxonomy":"product_brand","embeddable":true,"href":"https:\/\/www.nogometnizaotroke.com\/cs\/wp-json\/wp\/v2\/product_brand?post=19142"},{"taxonomy":"product_cat","embeddable":true,"href":"https:\/\/www.nogometnizaotroke.com\/cs\/wp-json\/wp\/v2\/product_cat?post=19142"},{"taxonomy":"product_tag","embeddable":true,"href":"https:\/\/www.nogometnizaotroke.com\/cs\/wp-json\/wp\/v2\/product_tag?post=19142"}],"curies":[{"name":"wp","href":"https:\/\/api.w.org\/{rel}","templated":true}]}}