{"id":19071,"date":"2024-10-28T11:34:16","date_gmt":"2024-10-28T11:34:16","guid":{"rendered":"https:\/\/www.nogometnionline.com\/?post_type=product&#038;p=19071"},"modified":"2024-10-28T11:35:09","modified_gmt":"2024-10-28T11:35:09","slug":"otroski-nogometni-dresi-kompleti-za-otroke-liverpool-tretji-2024-2025-alexis-mac-allister-10","status":"publish","type":"product","link":"https:\/\/www.nogometnizaotroke.com\/cs\/product\/otroski-nogometni-dresi-kompleti-za-otroke-liverpool-tretji-2024-2025-alexis-mac-allister-10\/","title":{"rendered":"D\u011btsk\u00e9 fotbalov\u00e9 dresy Soupravy pro d\u011bti Liverpool Third 2024-2025 Alexis Mac Allister 10"},"content":{"rendered":"<p>Nejv\u00fdrazn\u011bj\u0161\u00edm prvkem t\u0159et\u00edho dresu Liverpool FC 2024\/25 je v\u00fdrazn\u00fd svisl\u00fd dvojit\u00fd znak Swoosh, kter\u00fd se t\u00e1hne p\u0159es dres, \u0161ortky i \u0161tulpny. Tento jedine\u010dn\u00fd designov\u00fd prvek, inspirovan\u00fd k\u0159\u00eddlem \u0159eck\u00e9 bohyn\u011b, symbolizuje rychlost, pohyb, s\u00edlu a motivaci. T\u00edmto inovativn\u00edm detailem, kter\u00fd podtrhuje z\u00e1vazek klubu k rovnosti pohlav\u00ed ve fotbale, budou vybaveny jak mu\u017esk\u00e9, tak \u017eensk\u00e9 t\u00fdmy.<br \/>\nDesign nov\u00e9ho dresu LFC, kter\u00fd \u010derp\u00e1 inspiraci z \u017eiv\u00e9 liverpoolsk\u00e9 punkov\u00e9 sc\u00e9ny, je popisov\u00e1n jako \"rebelsk\u00fd\". M\u00e1 odv\u00e1\u017en\u00fd vzor, kter\u00fd kombinuje ikonick\u00e9 barvy klubu s prvky vzd\u00e1vaj\u00edc\u00edmi hold neohro\u017een\u00fdm punkov\u00fdm um\u011blc\u016fm m\u011bsta, kte\u0159\u00ed p\u0159edstavili nov\u00fd zvuk v m\u00edstech, kde se \u0159eka Mersey setk\u00e1v\u00e1 s Irsk\u00fdm mo\u0159em. Zahrnut\u00ed pe\u0159\u00ed pt\u00e1k\u016f Liver do vzoru d\u00e1le propojuje design s identitou klubu. p\u0159ev\u00e1\u017en\u011b b\u00edl\u00e1 t\u0159et\u00ed sada Liverpool 24\/25 je zv\u00fdrazn\u011bna \u010dist\u00fdmi platinov\u00fdmi detaily, zat\u00edmco z\u00e1blesky tradi\u010dn\u00ed klubov\u00e9 \u010derven\u00e9 a chromov\u011b \u017elut\u00e9 barvy dopl\u0148uj\u00ed vzhled. Dres dopl\u0148uj\u00ed \u010dern\u00e9 tren\u00fdrky a b\u00edl\u00e9 \u0161tulpny, kter\u00e9 vytv\u00e1\u0159ej\u00ed ucelen\u00fd a poutav\u00fd celek. D\u016fraz byl kladen tak\u00e9 na zlep\u0161en\u00ed pohodl\u00ed a st\u0159ihu soupravy, co\u017e hr\u00e1\u010d\u016fm zaji\u0161\u0165uje optim\u00e1ln\u00ed v\u00fdkon.<\/p>\n<p>Tipy pro pono\u017eky: tri\u010dko standardn\u011b neobsahuje pono\u017eky. Pokud chcete pono\u017eky, vyberte mo\u017enosti pono\u017eek a zapla\u0165te za n\u011b.<\/p>\n<p>Tip pro tisk: Pokud jsou jm\u00e9no a \u010d\u00edslo na obr\u00e1zku p\u0159esn\u011b takov\u00e9, jak\u00e9 chcete, nemus\u00edte je zad\u00e1vat znovu. Pokud tomu tak nen\u00ed, zadejte po\u017eadovan\u00e9 jm\u00e9no a \u010d\u00edslo.<\/p>\n<p>Tip na pran\u00ed: Fotbalov\u00e9 dresy se doporu\u010duje pr\u00e1t v ruce. Pokud chcete pou\u017e\u00edt pra\u010dku, nezapome\u0148te dres oto\u010dit a pot\u00e9 vyprat. A pra\u010dku napl\u0148te studenou vodou a pou\u017eijte \u0161etrn\u00fd prac\u00ed cyklus, abyste v\u00edce chr\u00e1nili barvy.<\/p>","protected":false},"excerpt":{"rendered":"<p>Najbolj presenetljiva zna\u010dilnost Liverpool FC 2024\/25 Tretji dresi je izrazit navpi\u010dni dvojni Swoosh, ki se razteza \u010dez dres, kratke hla\u010de in nogavice. Ta edinstven oblikovalski element, ki ga je navdihnilo krilo gr\u0161ke boginje, simbolizira hitrost, gibanje, mo\u010d in motivacijo. Tako mo\u0161ka kot \u017eenska ekipa bosta opremljeni s tem inovativnim detajlom, ki poudarja zavezanost kluba enakosti [&hellip;]<\/p>","protected":false},"featured_media":19073,"comment_status":"open","ping_status":"closed","template":"","meta":[],"product_brand":[],"product_cat":[73,39],"product_tag":[1346,876,837,875,284,159,148,295,147],"class_list":{"0":"post-19071","1":"product","2":"type-product","3":"status-publish","4":"has-post-thumbnail","6":"product_cat-otroski","7":"product_cat-nogometni-dresi-liverpool","8":"product_tag-alexis-mac-allister-dresi","9":"product_tag-dresi-liverpool-za-otroski","10":"product_tag-dresi-za-nogomet","11":"product_tag-liverpool-dresi-2024","12":"product_tag-otroski-dresi-liverpool-z-lastnim-imenom","13":"product_tag-otroski-nogometni-dresi","14":"product_tag-poceni-nogometni-dresi","15":"product_tag-poceni-nogometni-dresi-liverpool-z-lastnim-imenom-online","16":"product_tag-slovenski-nogometni-dresi","18":"first","19":"instock","20":"shipping-taxable","21":"purchasable","22":"product-type-variable"},"_links":{"self":[{"href":"https:\/\/www.nogometnizaotroke.com\/cs\/wp-json\/wp\/v2\/product\/19071","targetHints":{"allow":["GET"]}}],"collection":[{"href":"https:\/\/www.nogometnizaotroke.com\/cs\/wp-json\/wp\/v2\/product"}],"about":[{"href":"https:\/\/www.nogometnizaotroke.com\/cs\/wp-json\/wp\/v2\/types\/product"}],"replies":[{"embeddable":true,"href":"https:\/\/www.nogometnizaotroke.com\/cs\/wp-json\/wp\/v2\/comments?post=19071"}],"wp:featuredmedia":[{"embeddable":true,"href":"https:\/\/www.nogometnizaotroke.com\/cs\/wp-json\/wp\/v2\/media\/19073"}],"wp:attachment":[{"href":"https:\/\/www.nogometnizaotroke.com\/cs\/wp-json\/wp\/v2\/media?parent=19071"}],"wp:term":[{"taxonomy":"product_brand","embeddable":true,"href":"https:\/\/www.nogometnizaotroke.com\/cs\/wp-json\/wp\/v2\/product_brand?post=19071"},{"taxonomy":"product_cat","embeddable":true,"href":"https:\/\/www.nogometnizaotroke.com\/cs\/wp-json\/wp\/v2\/product_cat?post=19071"},{"taxonomy":"product_tag","embeddable":true,"href":"https:\/\/www.nogometnizaotroke.com\/cs\/wp-json\/wp\/v2\/product_tag?post=19071"}],"curies":[{"name":"wp","href":"https:\/\/api.w.org\/{rel}","templated":true}]}}