{"id":18898,"date":"2024-10-23T13:31:35","date_gmt":"2024-10-23T13:31:35","guid":{"rendered":"https:\/\/www.nogometnionline.com\/?post_type=product&#038;p=18898"},"modified":"2025-02-14T13:43:25","modified_gmt":"2025-02-14T13:43:25","slug":"otroski-nogometni-dresi-kompleti-za-otroke-barcelona-tretji-2024-25-eric-garcia-24","status":"publish","type":"product","link":"https:\/\/www.nogometnizaotroke.com\/cs\/product\/otroski-nogometni-dresi-kompleti-za-otroke-barcelona-tretji-2024-25-eric-garcia-24\/","title":{"rendered":"D\u011btsk\u00e9 fotbalov\u00e9 dresy Soupravy pro d\u011bti Barcelona Third 2024-25 Eric Garcia 24"},"content":{"rendered":"<p>Das Barcelona 2024-25 dritte Trikot besticht durch ein modernes Farbschema. Es kombiniert ein helles Volt mit Blau f\u00fcr Logos und Applikationen. Offiziell lauten die Farben \u201cBarely Volt \/ Old Royal\u201d.Das Bar\u00e7a 2024-2025 dritte Trikot ist mit einem weiblichen Geschlechtssymbol gestaltet \u2013 ein Zwitter, ein Kreis \u00fcber einem Kreuz.<\/p>\n<p>Tipy pro pono\u017eky: tri\u010dko standardn\u011b neobsahuje pono\u017eky. Pokud chcete pono\u017eky, vyberte mo\u017enosti pono\u017eek a zapla\u0165te za n\u011b.<\/p>\n<p>Tip pro tisk: Pokud jsou jm\u00e9no a \u010d\u00edslo na obr\u00e1zku p\u0159esn\u011b takov\u00e9, jak\u00e9 chcete, nemus\u00edte je zad\u00e1vat znovu. Pokud tomu tak nen\u00ed, zadejte po\u017eadovan\u00e9 jm\u00e9no a \u010d\u00edslo.<\/p>\n<p>Tip na pran\u00ed: Fotbalov\u00e9 dresy se doporu\u010duje pr\u00e1t v ruce. Pokud chcete pou\u017e\u00edt pra\u010dku, nezapome\u0148te dres oto\u010dit a pot\u00e9 vyprat. A pra\u010dku napl\u0148te studenou vodou a pou\u017eijte \u0161etrn\u00fd prac\u00ed cyklus, abyste v\u00edce chr\u00e1nili barvy.<\/p>","protected":false},"excerpt":{"rendered":"<p>Das Barcelona 2024-25 dritte Trikot besticht durch ein modernes Farbschema. Es kombiniert ein helles Volt mit Blau f\u00fcr Logos und Applikationen. Offiziell lauten die Farben \u201cBarely Volt \/ Old Royal\u201d.Das Bar\u00e7a 2024-2025 dritte Trikot ist mit einem weiblichen Geschlechtssymbol gestaltet \u2013 ein Zwitter, ein Kreis \u00fcber einem Kreuz. Nasveti za nogavice: Majica ne vsebuje nogavic [&hellip;]<\/p>","protected":false},"featured_media":18900,"comment_status":"open","ping_status":"closed","template":"","meta":[],"product_brand":[],"product_cat":[73,34],"product_tag":[843,992,1289,191,993,159,991,148,161,147],"class_list":{"0":"post-18898","1":"product","2":"type-product","3":"status-publish","4":"has-post-thumbnail","6":"product_cat-otroski","7":"product_cat-nogometni-dresi-barcelona","8":"product_tag-2024-25-nogometni-dresi","9":"product_tag-dresi-barcelona-za-otroke","10":"product_tag-eric-garcia-dresi","11":"product_tag-nogometni-dresi-kompleti","12":"product_tag-otroski-dresi-barcelona-z-lastnim-imenom","13":"product_tag-otroski-nogometni-dresi","14":"product_tag-otroski-nogometni-dresi-barcelona","15":"product_tag-poceni-nogometni-dresi","16":"product_tag-poceni-nogometni-dresi-barcelona-z-lastnim-imenom-online","17":"product_tag-slovenski-nogometni-dresi","19":"first","20":"instock","21":"shipping-taxable","22":"purchasable","23":"product-type-variable"},"_links":{"self":[{"href":"https:\/\/www.nogometnizaotroke.com\/cs\/wp-json\/wp\/v2\/product\/18898","targetHints":{"allow":["GET"]}}],"collection":[{"href":"https:\/\/www.nogometnizaotroke.com\/cs\/wp-json\/wp\/v2\/product"}],"about":[{"href":"https:\/\/www.nogometnizaotroke.com\/cs\/wp-json\/wp\/v2\/types\/product"}],"replies":[{"embeddable":true,"href":"https:\/\/www.nogometnizaotroke.com\/cs\/wp-json\/wp\/v2\/comments?post=18898"}],"wp:featuredmedia":[{"embeddable":true,"href":"https:\/\/www.nogometnizaotroke.com\/cs\/wp-json\/wp\/v2\/media\/18900"}],"wp:attachment":[{"href":"https:\/\/www.nogometnizaotroke.com\/cs\/wp-json\/wp\/v2\/media?parent=18898"}],"wp:term":[{"taxonomy":"product_brand","embeddable":true,"href":"https:\/\/www.nogometnizaotroke.com\/cs\/wp-json\/wp\/v2\/product_brand?post=18898"},{"taxonomy":"product_cat","embeddable":true,"href":"https:\/\/www.nogometnizaotroke.com\/cs\/wp-json\/wp\/v2\/product_cat?post=18898"},{"taxonomy":"product_tag","embeddable":true,"href":"https:\/\/www.nogometnizaotroke.com\/cs\/wp-json\/wp\/v2\/product_tag?post=18898"}],"curies":[{"name":"wp","href":"https:\/\/api.w.org\/{rel}","templated":true}]}}