{"id":18815,"date":"2024-10-23T08:52:17","date_gmt":"2024-10-23T08:52:17","guid":{"rendered":"https:\/\/www.nogometnionline.com\/?post_type=product&#038;p=18815"},"modified":"2025-02-28T09:39:04","modified_gmt":"2025-02-28T09:39:04","slug":"otroske-nogometnih-dresov-barcelona-domaci-2024-25-raphinha-belloli-11","status":"publish","type":"product","link":"https:\/\/www.nogometnizaotroke.com\/cs\/product\/otroske-nogometnih-dresov-barcelona-domaci-2024-25-raphinha-belloli-11\/","title":{"rendered":"D\u011btsk\u00e9 fotbalov\u00e9 dresy Barcelona Home 2024-25 Raphinha Belloli 11"},"content":{"rendered":"<p>Dom\u00e1c\u00ed dres FC Barcelona 2024-25 m\u00e1 velmi slibnou barevnou kombinaci a design. Dom\u00e1c\u00ed dres Barcelona 2024-25 kombinuje kr\u00e1lovskou modrou, tmav\u011b modrou a \u010dervenou barvu se zlat\u00fdmi logy. z hlediska designu m\u00e1 dom\u00e1c\u00ed souprava Barcelona 24-25 vzhled p\u016fl na p\u016fl v modr\u00e9 a v\u00ednov\u00e9 barv\u011b. Loga Swoosh a Spotify jsou zlat\u00e1, zat\u00edmco erb je ve standardn\u00edch barv\u00e1ch. Man\u017eety l\u00edmce a ruk\u00e1v\u016f jsou tmav\u011b modr\u00e9. barevn\u00e1 kombinace a design evokuj\u00ed vzpom\u00ednky na dres ke 100. v\u00fdro\u010d\u00ed Barcelony.<\/p>\n<p>Tipy pro pono\u017eky: tri\u010dko standardn\u011b neobsahuje pono\u017eky. Pokud chcete pono\u017eky, vyberte mo\u017enosti pono\u017eek a zapla\u0165te za n\u011b.<\/p>\n<p>Tip pro tisk: Pokud jsou jm\u00e9no a \u010d\u00edslo na obr\u00e1zku p\u0159esn\u011b takov\u00e9, jak\u00e9 chcete, nemus\u00edte je zad\u00e1vat znovu. Pokud tomu tak nen\u00ed, zadejte po\u017eadovan\u00e9 jm\u00e9no a \u010d\u00edslo.<\/p>\n<p>Tip na pran\u00ed: Fotbalov\u00e9 dresy se doporu\u010duje pr\u00e1t v ruce. Pokud chcete pou\u017e\u00edt pra\u010dku, nezapome\u0148te dres oto\u010dit a pot\u00e9 vyprat. A pra\u010dku napl\u0148te studenou vodou a pou\u017eijte \u0161etrn\u00fd prac\u00ed cyklus, abyste v\u00edce chr\u00e1nili barvy.<\/p>","protected":false},"excerpt":{"rendered":"<p>Doma\u010di dres FC Barcelona 2024-25 ima zelo obetavno barvno kombinacijo in dizajn. Doma\u010di dres Barcelone 2024-25 zdru\u017euje kraljevsko modro, mornarsko modro in rde\u010do z zlatimi logotipi.Kar zadeva obliko, ima komplet za dom Barcelona 24-25 videz pol in pol v modri in bordo barvi. Logotipa Swoosh in Spotify sta zlata, medtem ko je grb v standardnih [&hellip;]<\/p>","protected":false},"featured_media":18817,"comment_status":"open","ping_status":"closed","template":"","meta":[],"product_brand":[],"product_cat":[73,34],"product_tag":[843,992,153,191,993,159,991,148,161,1069,147],"class_list":{"0":"post-18815","1":"product","2":"type-product","3":"status-publish","4":"has-post-thumbnail","6":"product_cat-otroski","7":"product_cat-nogometni-dresi-barcelona","8":"product_tag-2024-25-nogometni-dresi","9":"product_tag-dresi-barcelona-za-otroke","10":"product_tag-nogometni-dresi","11":"product_tag-nogometni-dresi-kompleti","12":"product_tag-otroski-dresi-barcelona-z-lastnim-imenom","13":"product_tag-otroski-nogometni-dresi","14":"product_tag-otroski-nogometni-dresi-barcelona","15":"product_tag-poceni-nogometni-dresi","16":"product_tag-poceni-nogometni-dresi-barcelona-z-lastnim-imenom-online","17":"product_tag-raphinha-belloli-dresi","18":"product_tag-slovenski-nogometni-dresi","20":"first","21":"instock","22":"shipping-taxable","23":"purchasable","24":"product-type-variable"},"_links":{"self":[{"href":"https:\/\/www.nogometnizaotroke.com\/cs\/wp-json\/wp\/v2\/product\/18815","targetHints":{"allow":["GET"]}}],"collection":[{"href":"https:\/\/www.nogometnizaotroke.com\/cs\/wp-json\/wp\/v2\/product"}],"about":[{"href":"https:\/\/www.nogometnizaotroke.com\/cs\/wp-json\/wp\/v2\/types\/product"}],"replies":[{"embeddable":true,"href":"https:\/\/www.nogometnizaotroke.com\/cs\/wp-json\/wp\/v2\/comments?post=18815"}],"wp:featuredmedia":[{"embeddable":true,"href":"https:\/\/www.nogometnizaotroke.com\/cs\/wp-json\/wp\/v2\/media\/18817"}],"wp:attachment":[{"href":"https:\/\/www.nogometnizaotroke.com\/cs\/wp-json\/wp\/v2\/media?parent=18815"}],"wp:term":[{"taxonomy":"product_brand","embeddable":true,"href":"https:\/\/www.nogometnizaotroke.com\/cs\/wp-json\/wp\/v2\/product_brand?post=18815"},{"taxonomy":"product_cat","embeddable":true,"href":"https:\/\/www.nogometnizaotroke.com\/cs\/wp-json\/wp\/v2\/product_cat?post=18815"},{"taxonomy":"product_tag","embeddable":true,"href":"https:\/\/www.nogometnizaotroke.com\/cs\/wp-json\/wp\/v2\/product_tag?post=18815"}],"curies":[{"name":"wp","href":"https:\/\/api.w.org\/{rel}","templated":true}]}}