{"id":18722,"date":"2024-10-21T07:35:49","date_gmt":"2024-10-21T07:35:49","guid":{"rendered":"https:\/\/www.nogometnionline.com\/?post_type=product&#038;p=18722"},"modified":"2024-10-21T07:35:54","modified_gmt":"2024-10-21T07:35:54","slug":"otroski-nogometni-dresi-komplet-za-otroke-arsenal-gostujoci-2024-25-jakub-kiwior-15","status":"publish","type":"product","link":"https:\/\/www.nogometnizaotroke.com\/cs\/product\/otroski-nogometni-dresi-komplet-za-otroke-arsenal-gostujoci-2024-25-jakub-kiwior-15\/","title":{"rendered":"D\u011btsk\u00e9 fotbalov\u00e9 dresy sada pro d\u011bti Arsenal Away 2024-25 Jakub Kiwior 15"},"content":{"rendered":"<p>V\u00fdjezdn\u00ed dres Arsenalu 2024-25 m\u00e1 \u010dernou z\u00e1kladn\u00ed barvu v kombinaci s \u010dervenou a zelenou jako poctu b\u00fdval\u00fdm hr\u00e1\u010d\u016fm Arsenalu Davidu Rocastlovi a Ianu Wrightovi.Tyto barvy se d\u0159\u00edve objevily na dresu z limitovan\u00e9 edice, kter\u00fd byl navr\u017een na oslavu p\u0159\u00e1telstv\u00ed klubov\u00fdch legend Wrighttyho a Rockyho Rocastla (Ian Wright a David Rocastle). N\u00e1zev tren\u00e9ra, Honor Oak, je poklonou oblasti Lond\u00fdna, kde oba hr\u00e1\u010di vyr\u016fstali. vrchn\u00ed \u010d\u00e1st dresu Arsenal 2024-2025 je \u010derven\u00e1, logo je zelen\u00e9 a logo Emirates Fly Better je b\u00edl\u00e9. V\u00fdjezdn\u00ed dres Arsenal 2024-25 m\u00e1 na horn\u00ed p\u0159edn\u00ed a spodn\u00ed stran\u011b b\u00edl\u00fd grafick\u00fd vzor.<\/p>\n<p>Tipy pro pono\u017eky: tri\u010dko standardn\u011b neobsahuje pono\u017eky. Pokud chcete pono\u017eky, vyberte mo\u017enosti pono\u017eek a zapla\u0165te za n\u011b.<\/p>\n<p>Tip pro tisk: Pokud jsou jm\u00e9no a \u010d\u00edslo na obr\u00e1zku p\u0159esn\u011b takov\u00e9, jak\u00e9 chcete, nemus\u00edte je zad\u00e1vat znovu. Pokud tomu tak nen\u00ed, zadejte po\u017eadovan\u00e9 jm\u00e9no a \u010d\u00edslo.<\/p>\n<p>Tip na pran\u00ed: Fotbalov\u00e9 dresy se doporu\u010duje pr\u00e1t v ruce. Pokud chcete pou\u017e\u00edt pra\u010dku, nezapome\u0148te dres oto\u010dit a pot\u00e9 vyprat. A pra\u010dku napl\u0148te studenou vodou a pou\u017eijte \u0161etrn\u00fd prac\u00ed cyklus, abyste v\u00edce chr\u00e1nili barvy.<\/p>","protected":false},"excerpt":{"rendered":"<p>Gostujo\u010di dres Arsenal 2024-25 ima \u010drno osnovno barvo v kombinaciji z rde\u010do in zeleno kot poklon nekdanjima igralcema Arsenal Davidu Rocastlu in Ianu Wrightu.Te barve so \u017ee bile predstavljene na dresu iz omejene izdaje, ki je bil zasnovan za praznovanje prijateljstva med klubskima legendama Wrightyjem in Rockyjem Rocastlom (Ian Wright &amp; David Rocastle). Trenerjevo ime, [&hellip;]<\/p>","protected":false},"featured_media":18724,"comment_status":"open","ping_status":"closed","template":"","meta":[],"product_brand":[],"product_cat":[73,38],"product_tag":[996,1155,153,220,997,159,995,148,189,147],"class_list":{"0":"post-18722","1":"product","2":"type-product","3":"status-publish","4":"has-post-thumbnail","6":"product_cat-otroski","7":"product_cat-nogometni-dresi-arsenal","8":"product_tag-dresi-arsenal-za-otroke","9":"product_tag-jakub-kiwior-dresi","10":"product_tag-nogometni-dresi","11":"product_tag-nogometni-dresi-za-otroke","12":"product_tag-otroski-dresi-arsenal-z-lastnim-imenom","13":"product_tag-otroski-nogometni-dresi","14":"product_tag-otroski-nogometni-dresi-arsenal","15":"product_tag-poceni-nogometni-dresi","16":"product_tag-poceni-nogometni-dresi-arsenal-z-lastnim-imenom-online","17":"product_tag-slovenski-nogometni-dresi","19":"first","20":"instock","21":"shipping-taxable","22":"purchasable","23":"product-type-variable"},"_links":{"self":[{"href":"https:\/\/www.nogometnizaotroke.com\/cs\/wp-json\/wp\/v2\/product\/18722","targetHints":{"allow":["GET"]}}],"collection":[{"href":"https:\/\/www.nogometnizaotroke.com\/cs\/wp-json\/wp\/v2\/product"}],"about":[{"href":"https:\/\/www.nogometnizaotroke.com\/cs\/wp-json\/wp\/v2\/types\/product"}],"replies":[{"embeddable":true,"href":"https:\/\/www.nogometnizaotroke.com\/cs\/wp-json\/wp\/v2\/comments?post=18722"}],"wp:featuredmedia":[{"embeddable":true,"href":"https:\/\/www.nogometnizaotroke.com\/cs\/wp-json\/wp\/v2\/media\/18724"}],"wp:attachment":[{"href":"https:\/\/www.nogometnizaotroke.com\/cs\/wp-json\/wp\/v2\/media?parent=18722"}],"wp:term":[{"taxonomy":"product_brand","embeddable":true,"href":"https:\/\/www.nogometnizaotroke.com\/cs\/wp-json\/wp\/v2\/product_brand?post=18722"},{"taxonomy":"product_cat","embeddable":true,"href":"https:\/\/www.nogometnizaotroke.com\/cs\/wp-json\/wp\/v2\/product_cat?post=18722"},{"taxonomy":"product_tag","embeddable":true,"href":"https:\/\/www.nogometnizaotroke.com\/cs\/wp-json\/wp\/v2\/product_tag?post=18722"}],"curies":[{"name":"wp","href":"https:\/\/api.w.org\/{rel}","templated":true}]}}